{"id":2,"date":"2020-11-05T16:40:07","date_gmt":"2020-11-05T15:40:07","guid":{"rendered":"http:\/\/lescreationsdemaxetmila.fr\/www\/?page_id=2"},"modified":"2025-05-03T22:25:13","modified_gmt":"2025-05-03T20:25:13","slug":"accessoires-ecologiques-pour-bebe-les-creations-de-max-et-mila-faits-main-et-zero-dechet","status":"publish","type":"page","link":"https:\/\/lescreationsdemaxetmila.com\/index.php\/accessoires-ecologiques-pour-bebe-les-creations-de-max-et-mila-faits-main-et-zero-dechet\/","title":{"rendered":"A propos&#8230;"},"content":{"rendered":"<div class=\"wp-block-image is-style-default\">\n<figure class=\"aligncenter size-large is-resized\"><img loading=\"lazy\" decoding=\"async\" width=\"810\" height=\"810\" src=\"https:\/\/lescreationsdemaxetmila.fr\/wp-content\/uploads\/2020\/11\/IMG_20200216_171803_847.jpg\" alt=\"&quot;Lucie, cr\u00e9atrice des Cr\u00e9ations de Max et Mila, avec ses enfants Maxime et Mila dans les bras, partageant un moment tendre et authentique de leur quotidien.&quot;\" class=\"wp-image-162\" style=\"width:426px;height:auto\" srcset=\"https:\/\/lescreationsdemaxetmila.com\/wp-content\/uploads\/2020\/11\/IMG_20200216_171803_847.jpg 810w, https:\/\/lescreationsdemaxetmila.com\/wp-content\/uploads\/2020\/11\/IMG_20200216_171803_847-300x300.jpg 300w, https:\/\/lescreationsdemaxetmila.com\/wp-content\/uploads\/2020\/11\/IMG_20200216_171803_847-150x150.jpg 150w, https:\/\/lescreationsdemaxetmila.com\/wp-content\/uploads\/2020\/11\/IMG_20200216_171803_847-768x768.jpg 768w, https:\/\/lescreationsdemaxetmila.com\/wp-content\/uploads\/2020\/11\/IMG_20200216_171803_847-324x324.jpg 324w, https:\/\/lescreationsdemaxetmila.com\/wp-content\/uploads\/2020\/11\/IMG_20200216_171803_847-416x416.jpg 416w, https:\/\/lescreationsdemaxetmila.com\/wp-content\/uploads\/2020\/11\/IMG_20200216_171803_847-100x100.jpg 100w\" sizes=\"auto, (max-width: 810px) 100vw, 810px\" \/><\/figure>\n<\/div>\n\n<p class=\"\" data-start=\"517\" data-end=\"633\"><strong data-start=\"517\" data-end=\"633\">Bienvenue sur Les Cr\u00e9ations de Max et Mila : des accessoires \u00e9cologiques pour b\u00e9b\u00e9, faits main et z\u00e9ro d\u00e9chet \ud83c\udf31<\/strong><\/p>\n<p class=\"\" data-start=\"635\" data-end=\"651\">Bonjour \u00e0 tous !<\/p>\n<p class=\"\" data-start=\"653\" data-end=\"1056\">Je suis Lucie, une maman passionn\u00e9e de deux adorables enfants, Maxime et Mila. En cherchant des solutions pratiques et <strong data-start=\"772\" data-end=\"797\">\u00e9cologiques pour b\u00e9b\u00e9<\/strong>, j\u2019ai d\u00e9couvert ma passion pour la couture. Ce qui a commenc\u00e9 par la cr\u00e9ation de <strong data-start=\"879\" data-end=\"911\">lingettes lavables pour b\u00e9b\u00e9<\/strong> est aujourd\u2019hui devenu un projet de c\u0153ur. Je suis fi\u00e8re de vous pr\u00e9senter ma boutique en ligne officielle : <strong data-start=\"1020\" data-end=\"1052\">Les Cr\u00e9ations de Max et Mila<\/strong>. \ud83e\udde1<\/p>\n<p class=\"\" data-start=\"1058\" data-end=\"1497\">Dans ma boutique en ligne, vous trouverez des <strong data-start=\"1104\" data-end=\"1141\">accessoires \u00e9cologiques pour b\u00e9b\u00e9<\/strong>, faits main avec soin, et pens\u00e9s pour allier confort et respect de l\u2019environnement. <strong data-start=\"1226\" data-end=\"1248\">Lingettes lavables<\/strong>, <strong data-start=\"1250\" data-end=\"1275\">couvertures pour b\u00e9b\u00e9<\/strong>, <strong data-start=\"1277\" data-end=\"1303\">tapis \u00e0 langer nomades<\/strong>, <strong data-start=\"1305\" data-end=\"1329\">paniers de rangement<\/strong>, <strong data-start=\"1331\" data-end=\"1348\">capes de bain<\/strong>, <strong data-start=\"1350\" data-end=\"1370\">filets de lavage<\/strong>, et bien d\u2019autres cr\u00e9ations \u00e0 d\u00e9couvrir sur la <a class=\"\" href=\"https:\/\/lescreationsdemaxetmila.fr\/index.php\/boutique\/\" target=\"_new\" rel=\"noopener\" data-start=\"1418\" data-end=\"1493\">boutique en ligne<\/a>. \ud83c\udf3f<\/p>\n<h3 class=\"\" data-start=\"1499\" data-end=\"1563\">Des produits \u00e9cologiques pour b\u00e9b\u00e9, durables et pratiques \ud83c\udf0d<\/h3>\n<p class=\"\" data-start=\"1565\" data-end=\"1949\">Les <strong data-start=\"1569\" data-end=\"1591\">lingettes lavables<\/strong> sont l\u2019un des produits phares de ma boutique. Elles sont <strong data-start=\"1649\" data-end=\"1664\">\u00e9cologiques<\/strong> et <strong data-start=\"1668\" data-end=\"1683\">\u00e9conomiques<\/strong>, et peuvent \u00eatre utilis\u00e9es jusqu\u2019\u00e0 300 fois en moyenne. Fini les lingettes jetables et pr\u00e9-impr\u00e9gn\u00e9es, qui polluent et contiennent souvent des produits chimiques. Optez pour une solution durable et respectueuse de la plan\u00e8te, tout en offrant le meilleur \u00e0 vos enfants.<\/p>\n<h3 class=\"\" data-start=\"1951\" data-end=\"2007\">Des mati\u00e8res responsables et des choix conscients \ud83c\udf38<\/h3>\n<p class=\"\" data-start=\"2009\" data-end=\"2535\">Chez <strong data-start=\"2014\" data-end=\"2046\">Les Cr\u00e9ations de Max et Mila<\/strong>, chaque produit est fabriqu\u00e9 \u00e0 partir de tissus <strong data-start=\"2095\" data-end=\"2125\">biologiques certifi\u00e9s GOTS<\/strong> et <strong data-start=\"2129\" data-end=\"2145\">Oeko-Tex 100<\/strong>, garantissant des mat\u00e9riaux sans produits chimiques et respectueux de l\u2019environnement. Acheter des tissus \u00e9coresponsables et locaux est pour moi un acte de bienveillance envers la plan\u00e8te et les futures g\u00e9n\u00e9rations. Vous pouvez consulter les sites des certifications : <a class=\"\" href=\"https:\/\/www.oeko-tex.com\/en\/\" target=\"_new\" rel=\"noopener\" data-start=\"2415\" data-end=\"2455\">Oeko-Tex<\/a> et <a class=\"\" href=\"https:\/\/www.ecocert.com\/fr-FR\/certification\/textile-biologique-gots\" target=\"_new\" rel=\"noopener\" data-start=\"2459\" data-end=\"2534\">GOTS<\/a>.<\/p>\n<h3 class=\"\" data-start=\"2537\" data-end=\"2592\">Ensemble, pr\u00e9servons notre plan\u00e8te pour demain \ud83c\udf0d\ud83d\udc9a<\/h3>\n<p class=\"\" data-start=\"2594\" data-end=\"3048\">La quantit\u00e9 de d\u00e9chets g\u00e9n\u00e9r\u00e9e chaque jour est un v\u00e9ritable d\u00e9fi pour l\u2019avenir de notre plan\u00e8te. En choisissant <strong data-start=\"2706\" data-end=\"2738\">Les Cr\u00e9ations de Max et Mila<\/strong>, vous contribuez \u00e0 une consommation plus responsable et durable. J\u2019utilise des <strong data-start=\"2818\" data-end=\"2864\">emballages minimalistes et \u00e9coresponsables<\/strong>, et chaque d\u00e9coupe de tissu est optimis\u00e9e pour r\u00e9duire au maximum les d\u00e9chets. Chaque petit geste compte, et ensemble, nous pouvons agir pour offrir \u00e0 nos enfants un avenir plus vert.<\/p>\n\n\n<figure class=\"wp-block-gallery has-nested-images columns-default is-cropped wp-block-gallery-1 is-layout-flex wp-block-gallery-is-layout-flex\">\n<figure class=\"wp-block-image size-large\"><img loading=\"lazy\" decoding=\"async\" width=\"1024\" height=\"532\" data-id=\"9\" src=\"https:\/\/lescreationsdemaxetmila.fr\/wp-content\/uploads\/2020\/11\/Maxetmilacouleur-1024x532.png\" alt=\"\" class=\"wp-image-9\" srcset=\"https:\/\/lescreationsdemaxetmila.com\/wp-content\/uploads\/2020\/11\/Maxetmilacouleur-1024x532.png 1024w, https:\/\/lescreationsdemaxetmila.com\/wp-content\/uploads\/2020\/11\/Maxetmilacouleur-300x156.png 300w, https:\/\/lescreationsdemaxetmila.com\/wp-content\/uploads\/2020\/11\/Maxetmilacouleur-768x399.png 768w, https:\/\/lescreationsdemaxetmila.com\/wp-content\/uploads\/2020\/11\/Maxetmilacouleur-1536x798.png 1536w, https:\/\/lescreationsdemaxetmila.com\/wp-content\/uploads\/2020\/11\/Maxetmilacouleur-2048x1064.png 2048w, https:\/\/lescreationsdemaxetmila.com\/wp-content\/uploads\/2020\/11\/Maxetmilacouleur-416x216.png 416w\" sizes=\"auto, (max-width: 1024px) 100vw, 1024px\" \/><\/figure>\n<\/figure>\n\n\n\n<p class=\"has-text-align-center\"><mark style=\"background-color:rgba(0, 0, 0, 0);color:#6a6c6e\" class=\"has-inline-color\">A Maxime et Mila.<\/mark><\/p>\n\n\n\n<p><\/p>\n","protected":false},"excerpt":{"rendered":"<p>Bienvenue sur Les Cr\u00e9ations de Max et Mila : des accessoires \u00e9cologiques pour b\u00e9b\u00e9, faits main et z\u00e9ro d\u00e9chet \ud83c\udf31 Bonjour \u00e0 tous ! Je suis Lucie, une maman passionn\u00e9e de deux adorables enfants, Maxime et Mila. En cherchant des solutions pratiques et \u00e9cologiques pour b\u00e9b\u00e9, j\u2019ai d\u00e9couvert ma passion pour la couture. Ce qui [&hellip;]<\/p>\n","protected":false},"author":2,"featured_media":0,"parent":0,"menu_order":0,"comment_status":"closed","ping_status":"closed","template":"","meta":{"footnotes":""},"class_list":["post-2","page","type-page","status-publish","hentry"],"yoast_head":"<!-- This site is optimized with the Yoast SEO plugin v24.9 - https:\/\/yoast.com\/wordpress\/plugins\/seo\/ -->\n<title>A propos... - Les Cr\u00e9ations de Max et Mila<\/title>\n<meta name=\"description\" content=\"Les Cr\u00e9ations de Max et Mila, boutique en ligne d\u2019accessoires \u00e9cologiques pour b\u00e9b\u00e9, faits main, z\u00e9ro d\u00e9chet et respectueux de l\u2019environnement\" \/>\n<meta name=\"robots\" content=\"index, follow, max-snippet:-1, max-image-preview:large, max-video-preview:-1\" \/>\n<link rel=\"canonical\" href=\"https:\/\/lescreationsdemaxetmila.com\/index.php\/accessoires-ecologiques-pour-bebe-les-creations-de-max-et-mila-faits-main-et-zero-dechet\/\" \/>\n<meta property=\"og:locale\" content=\"fr_FR\" \/>\n<meta property=\"og:type\" content=\"article\" \/>\n<meta property=\"og:title\" content=\"A propos... - Les Cr\u00e9ations de Max et Mila\" \/>\n<meta property=\"og:description\" content=\"Les Cr\u00e9ations de Max et Mila, boutique en ligne d\u2019accessoires \u00e9cologiques pour b\u00e9b\u00e9, faits main, z\u00e9ro d\u00e9chet et respectueux de l\u2019environnement\" \/>\n<meta property=\"og:url\" content=\"https:\/\/lescreationsdemaxetmila.com\/index.php\/accessoires-ecologiques-pour-bebe-les-creations-de-max-et-mila-faits-main-et-zero-dechet\/\" \/>\n<meta property=\"og:site_name\" content=\"Les Cr\u00e9ations de Max et Mila\" \/>\n<meta property=\"article:publisher\" content=\"https:\/\/www.facebook.com\/lescreationsdemaxetmila\" \/>\n<meta property=\"article:modified_time\" content=\"2025-05-03T20:25:13+00:00\" \/>\n<meta property=\"og:image\" content=\"https:\/\/lescreationsdemaxetmila.fr\/wp-content\/uploads\/2020\/11\/IMG_20200216_171803_847.jpg\" \/>\n<meta name=\"twitter:card\" content=\"summary_large_image\" \/>\n<meta name=\"twitter:label1\" content=\"Dur\u00e9e de lecture estim\u00e9e\" \/>\n\t<meta name=\"twitter:data1\" content=\"3 minutes\" \/>\n<script type=\"application\/ld+json\" class=\"yoast-schema-graph\">{\"@context\":\"https:\/\/schema.org\",\"@graph\":[{\"@type\":\"WebPage\",\"@id\":\"https:\/\/lescreationsdemaxetmila.com\/index.php\/accessoires-ecologiques-pour-bebe-les-creations-de-max-et-mila-faits-main-et-zero-dechet\/\",\"url\":\"https:\/\/lescreationsdemaxetmila.com\/index.php\/accessoires-ecologiques-pour-bebe-les-creations-de-max-et-mila-faits-main-et-zero-dechet\/\",\"name\":\"A propos... - Les Cr\u00e9ations de Max et Mila\",\"isPartOf\":{\"@id\":\"https:\/\/lescreationsdemaxetmila.com\/#website\"},\"primaryImageOfPage\":{\"@id\":\"https:\/\/lescreationsdemaxetmila.com\/index.php\/accessoires-ecologiques-pour-bebe-les-creations-de-max-et-mila-faits-main-et-zero-dechet\/#primaryimage\"},\"image\":{\"@id\":\"https:\/\/lescreationsdemaxetmila.com\/index.php\/accessoires-ecologiques-pour-bebe-les-creations-de-max-et-mila-faits-main-et-zero-dechet\/#primaryimage\"},\"thumbnailUrl\":\"https:\/\/lescreationsdemaxetmila.fr\/wp-content\/uploads\/2020\/11\/IMG_20200216_171803_847.jpg\",\"datePublished\":\"2020-11-05T15:40:07+00:00\",\"dateModified\":\"2025-05-03T20:25:13+00:00\",\"description\":\"Les Cr\u00e9ations de Max et Mila, boutique en ligne d\u2019accessoires \u00e9cologiques pour b\u00e9b\u00e9, faits main, z\u00e9ro d\u00e9chet et respectueux de l\u2019environnement\",\"breadcrumb\":{\"@id\":\"https:\/\/lescreationsdemaxetmila.com\/index.php\/accessoires-ecologiques-pour-bebe-les-creations-de-max-et-mila-faits-main-et-zero-dechet\/#breadcrumb\"},\"inLanguage\":\"fr-FR\",\"potentialAction\":[{\"@type\":\"ReadAction\",\"target\":[\"https:\/\/lescreationsdemaxetmila.com\/index.php\/accessoires-ecologiques-pour-bebe-les-creations-de-max-et-mila-faits-main-et-zero-dechet\/\"]}]},{\"@type\":\"ImageObject\",\"inLanguage\":\"fr-FR\",\"@id\":\"https:\/\/lescreationsdemaxetmila.com\/index.php\/accessoires-ecologiques-pour-bebe-les-creations-de-max-et-mila-faits-main-et-zero-dechet\/#primaryimage\",\"url\":\"https:\/\/lescreationsdemaxetmila.fr\/wp-content\/uploads\/2020\/11\/IMG_20200216_171803_847.jpg\",\"contentUrl\":\"https:\/\/lescreationsdemaxetmila.fr\/wp-content\/uploads\/2020\/11\/IMG_20200216_171803_847.jpg\"},{\"@type\":\"BreadcrumbList\",\"@id\":\"https:\/\/lescreationsdemaxetmila.com\/index.php\/accessoires-ecologiques-pour-bebe-les-creations-de-max-et-mila-faits-main-et-zero-dechet\/#breadcrumb\",\"itemListElement\":[{\"@type\":\"ListItem\",\"position\":1,\"name\":\"Accueil\",\"item\":\"https:\/\/lescreationsdemaxetmila.com\/\"},{\"@type\":\"ListItem\",\"position\":2,\"name\":\"A propos&#8230;\"}]},{\"@type\":\"WebSite\",\"@id\":\"https:\/\/lescreationsdemaxetmila.com\/#website\",\"url\":\"https:\/\/lescreationsdemaxetmila.com\/\",\"name\":\"Les Cr\u00e9ations de Max et Mila\",\"description\":\"Accessoires Personnalisables et coutures \",\"publisher\":{\"@id\":\"https:\/\/lescreationsdemaxetmila.com\/#\/schema\/person\/adafbfe37674fc396b65d1692fc42472\"},\"alternateName\":\"Cr\u00e9ations couture accessoires pour b\u00e9b\u00e9s, enfants et toute la famille\",\"potentialAction\":[{\"@type\":\"SearchAction\",\"target\":{\"@type\":\"EntryPoint\",\"urlTemplate\":\"https:\/\/lescreationsdemaxetmila.com\/?s={search_term_string}\"},\"query-input\":{\"@type\":\"PropertyValueSpecification\",\"valueRequired\":true,\"valueName\":\"search_term_string\"}}],\"inLanguage\":\"fr-FR\"},{\"@type\":[\"Person\",\"Organization\"],\"@id\":\"https:\/\/lescreationsdemaxetmila.com\/#\/schema\/person\/adafbfe37674fc396b65d1692fc42472\",\"name\":\"Lucie\",\"image\":{\"@type\":\"ImageObject\",\"inLanguage\":\"fr-FR\",\"@id\":\"https:\/\/lescreationsdemaxetmila.com\/#\/schema\/person\/image\/\",\"url\":\"https:\/\/lescreationsdemaxetmila.com\/wp-content\/uploads\/2020\/11\/cropped-Maxetmilacouleur.png\",\"contentUrl\":\"https:\/\/lescreationsdemaxetmila.com\/wp-content\/uploads\/2020\/11\/cropped-Maxetmilacouleur.png\",\"width\":1389,\"height\":1370,\"caption\":\"Lucie\"},\"logo\":{\"@id\":\"https:\/\/lescreationsdemaxetmila.com\/#\/schema\/person\/image\/\"},\"sameAs\":[\"https:\/\/www.facebook.com\/lescreationsdemaxetmila\",\"https:\/\/www.instagram.com\/lescreationsdemaxetmila\/?hl=fr\"]}]}<\/script>\n<!-- \/ Yoast SEO plugin. -->","yoast_head_json":{"title":"A propos... - Les Cr\u00e9ations de Max et Mila","description":"Les Cr\u00e9ations de Max et Mila, boutique en ligne d\u2019accessoires \u00e9cologiques pour b\u00e9b\u00e9, faits main, z\u00e9ro d\u00e9chet et respectueux de l\u2019environnement","robots":{"index":"index","follow":"follow","max-snippet":"max-snippet:-1","max-image-preview":"max-image-preview:large","max-video-preview":"max-video-preview:-1"},"canonical":"https:\/\/lescreationsdemaxetmila.com\/index.php\/accessoires-ecologiques-pour-bebe-les-creations-de-max-et-mila-faits-main-et-zero-dechet\/","og_locale":"fr_FR","og_type":"article","og_title":"A propos... - Les Cr\u00e9ations de Max et Mila","og_description":"Les Cr\u00e9ations de Max et Mila, boutique en ligne d\u2019accessoires \u00e9cologiques pour b\u00e9b\u00e9, faits main, z\u00e9ro d\u00e9chet et respectueux de l\u2019environnement","og_url":"https:\/\/lescreationsdemaxetmila.com\/index.php\/accessoires-ecologiques-pour-bebe-les-creations-de-max-et-mila-faits-main-et-zero-dechet\/","og_site_name":"Les Cr\u00e9ations de Max et Mila","article_publisher":"https:\/\/www.facebook.com\/lescreationsdemaxetmila","article_modified_time":"2025-05-03T20:25:13+00:00","og_image":[{"url":"https:\/\/lescreationsdemaxetmila.fr\/wp-content\/uploads\/2020\/11\/IMG_20200216_171803_847.jpg","type":"","width":"","height":""}],"twitter_card":"summary_large_image","twitter_misc":{"Dur\u00e9e de lecture estim\u00e9e":"3 minutes"},"schema":{"@context":"https:\/\/schema.org","@graph":[{"@type":"WebPage","@id":"https:\/\/lescreationsdemaxetmila.com\/index.php\/accessoires-ecologiques-pour-bebe-les-creations-de-max-et-mila-faits-main-et-zero-dechet\/","url":"https:\/\/lescreationsdemaxetmila.com\/index.php\/accessoires-ecologiques-pour-bebe-les-creations-de-max-et-mila-faits-main-et-zero-dechet\/","name":"A propos... - Les Cr\u00e9ations de Max et Mila","isPartOf":{"@id":"https:\/\/lescreationsdemaxetmila.com\/#website"},"primaryImageOfPage":{"@id":"https:\/\/lescreationsdemaxetmila.com\/index.php\/accessoires-ecologiques-pour-bebe-les-creations-de-max-et-mila-faits-main-et-zero-dechet\/#primaryimage"},"image":{"@id":"https:\/\/lescreationsdemaxetmila.com\/index.php\/accessoires-ecologiques-pour-bebe-les-creations-de-max-et-mila-faits-main-et-zero-dechet\/#primaryimage"},"thumbnailUrl":"https:\/\/lescreationsdemaxetmila.fr\/wp-content\/uploads\/2020\/11\/IMG_20200216_171803_847.jpg","datePublished":"2020-11-05T15:40:07+00:00","dateModified":"2025-05-03T20:25:13+00:00","description":"Les Cr\u00e9ations de Max et Mila, boutique en ligne d\u2019accessoires \u00e9cologiques pour b\u00e9b\u00e9, faits main, z\u00e9ro d\u00e9chet et respectueux de l\u2019environnement","breadcrumb":{"@id":"https:\/\/lescreationsdemaxetmila.com\/index.php\/accessoires-ecologiques-pour-bebe-les-creations-de-max-et-mila-faits-main-et-zero-dechet\/#breadcrumb"},"inLanguage":"fr-FR","potentialAction":[{"@type":"ReadAction","target":["https:\/\/lescreationsdemaxetmila.com\/index.php\/accessoires-ecologiques-pour-bebe-les-creations-de-max-et-mila-faits-main-et-zero-dechet\/"]}]},{"@type":"ImageObject","inLanguage":"fr-FR","@id":"https:\/\/lescreationsdemaxetmila.com\/index.php\/accessoires-ecologiques-pour-bebe-les-creations-de-max-et-mila-faits-main-et-zero-dechet\/#primaryimage","url":"https:\/\/lescreationsdemaxetmila.fr\/wp-content\/uploads\/2020\/11\/IMG_20200216_171803_847.jpg","contentUrl":"https:\/\/lescreationsdemaxetmila.fr\/wp-content\/uploads\/2020\/11\/IMG_20200216_171803_847.jpg"},{"@type":"BreadcrumbList","@id":"https:\/\/lescreationsdemaxetmila.com\/index.php\/accessoires-ecologiques-pour-bebe-les-creations-de-max-et-mila-faits-main-et-zero-dechet\/#breadcrumb","itemListElement":[{"@type":"ListItem","position":1,"name":"Accueil","item":"https:\/\/lescreationsdemaxetmila.com\/"},{"@type":"ListItem","position":2,"name":"A propos&#8230;"}]},{"@type":"WebSite","@id":"https:\/\/lescreationsdemaxetmila.com\/#website","url":"https:\/\/lescreationsdemaxetmila.com\/","name":"Les Cr\u00e9ations de Max et Mila","description":"Accessoires Personnalisables et coutures ","publisher":{"@id":"https:\/\/lescreationsdemaxetmila.com\/#\/schema\/person\/adafbfe37674fc396b65d1692fc42472"},"alternateName":"Cr\u00e9ations couture accessoires pour b\u00e9b\u00e9s, enfants et toute la famille","potentialAction":[{"@type":"SearchAction","target":{"@type":"EntryPoint","urlTemplate":"https:\/\/lescreationsdemaxetmila.com\/?s={search_term_string}"},"query-input":{"@type":"PropertyValueSpecification","valueRequired":true,"valueName":"search_term_string"}}],"inLanguage":"fr-FR"},{"@type":["Person","Organization"],"@id":"https:\/\/lescreationsdemaxetmila.com\/#\/schema\/person\/adafbfe37674fc396b65d1692fc42472","name":"Lucie","image":{"@type":"ImageObject","inLanguage":"fr-FR","@id":"https:\/\/lescreationsdemaxetmila.com\/#\/schema\/person\/image\/","url":"https:\/\/lescreationsdemaxetmila.com\/wp-content\/uploads\/2020\/11\/cropped-Maxetmilacouleur.png","contentUrl":"https:\/\/lescreationsdemaxetmila.com\/wp-content\/uploads\/2020\/11\/cropped-Maxetmilacouleur.png","width":1389,"height":1370,"caption":"Lucie"},"logo":{"@id":"https:\/\/lescreationsdemaxetmila.com\/#\/schema\/person\/image\/"},"sameAs":["https:\/\/www.facebook.com\/lescreationsdemaxetmila","https:\/\/www.instagram.com\/lescreationsdemaxetmila\/?hl=fr"]}]}},"jetpack_sharing_enabled":true,"_links":{"self":[{"href":"https:\/\/lescreationsdemaxetmila.com\/index.php\/wp-json\/wp\/v2\/pages\/2","targetHints":{"allow":["GET"]}}],"collection":[{"href":"https:\/\/lescreationsdemaxetmila.com\/index.php\/wp-json\/wp\/v2\/pages"}],"about":[{"href":"https:\/\/lescreationsdemaxetmila.com\/index.php\/wp-json\/wp\/v2\/types\/page"}],"author":[{"embeddable":true,"href":"https:\/\/lescreationsdemaxetmila.com\/index.php\/wp-json\/wp\/v2\/users\/2"}],"replies":[{"embeddable":true,"href":"https:\/\/lescreationsdemaxetmila.com\/index.php\/wp-json\/wp\/v2\/comments?post=2"}],"version-history":[{"count":17,"href":"https:\/\/lescreationsdemaxetmila.com\/index.php\/wp-json\/wp\/v2\/pages\/2\/revisions"}],"predecessor-version":[{"id":3736,"href":"https:\/\/lescreationsdemaxetmila.com\/index.php\/wp-json\/wp\/v2\/pages\/2\/revisions\/3736"}],"wp:attachment":[{"href":"https:\/\/lescreationsdemaxetmila.com\/index.php\/wp-json\/wp\/v2\/media?parent=2"}],"curies":[{"name":"wp","href":"https:\/\/api.w.org\/{rel}","templated":true}]}}