{"id":83,"date":"2020-11-06T13:41:39","date_gmt":"2020-11-06T12:41:39","guid":{"rendered":"https:\/\/lescreationsdemaxetmila.fr\/www\/?page_id=83"},"modified":"2021-12-23T15:48:19","modified_gmt":"2021-12-23T14:48:19","slug":"cgv","status":"publish","type":"page","link":"https:\/\/lescreationsdemaxetmila.com\/index.php\/cgv\/","title":{"rendered":"CGV"},"content":{"rendered":"\n<p>Conditions G\u00e9n\u00e9rales de Vente<\/p>\n\n\n\n<p>Le pr\u00e9sent site est une boutique en ligne de cr\u00e9ation d\u2019accessoires pour b\u00e9b\u00e9s femmes et enfants faits main de la marque \u00ab\u00a0Les cr\u00e9ations de Max et Mila\u00a0\u00bb, num\u00e9ro Siren 908 247 968. <\/p>\n\n\n\n<p>Les conditions g\u00e9n\u00e9rales de vente s\u2019appliquent \u00e0 toutes les commandes pass\u00e9es sur le site lescreationsdemaxetmila.com<\/p>\n\n\n\n<p>Tout acheteur sur le site lescreationsdemaxetmila.com reconnait avoir pris connaissance et accept\u00e9 dans leur int\u00e9gralit\u00e9 les conditions g\u00e9n\u00e9rales de vente ci-dessous avant la validation de sa commande.<\/p>\n\n\n\n<p>Le site&nbsp;<a href=\"http:\/\/lapoulettearayures.com\">lescreationsdemaxetmila.com<\/a>&nbsp;se r\u00e9serve le droit de modifier ces conditions. Les conditions applicables sont alors celles en vigueur au moment de la passation de commande.<\/p>\n\n\n\n<h3 class=\"wp-block-heading\">                                         LES ARTICLES<\/h3>\n\n\n\n<p>Les produits vendus sur le site www.lescreationsdemaxetmila.com sont cr\u00e9\u00e9s et r\u00e9alis\u00e9s \u00e0 la main par la propri\u00e9taire du site.<\/p>\n\n\n\n<p>Les photographies illustrant les produits sont les plus fid\u00e8les possibles&nbsp;mais les couleurs peuvent varier d\u2019un \u00e9cran d\u2019ordinateur \u00e0 un autre.<\/p>\n\n\n\n<p>Par ailleurs, les articles \u00e9tant r\u00e9alis\u00e9s&nbsp;\u00e0 partir de tissus, ils peuvent donc pr\u00e9senter de tr\u00e8s l\u00e9g\u00e8res variations de couleur. La responsabilit\u00e9 de la cr\u00e9atrice  ne pourra donc, en aucun cas, \u00eatre engag\u00e9e.<\/p>\n\n\n\n<p>Les articles des cr\u00e9ations de Max et Mila  sont fabriqu\u00e9s avec le plus grand soin, ne peut \u00eatre tenue responsable en cas d&rsquo;accident domestique.<\/p>\n\n\n\n<h3 class=\"wp-block-heading\">                                         Disponibilit\u00e9<\/h3>\n\n\n\n<p>Les cr\u00e9ations de Max et Mila sont en vente dans la limite des stocks disponibles. la cr\u00e9atrice se donne le droit d\u2019annuler tout ou partie de la commande d\u00e8s lors qu\u2019un article ne serait plus disponible. Dans ce cas, un remboursement ou un \u00e9change vous sera propos\u00e9.<\/p>\n\n\n\n<p>La notification \u00ab&nbsp;en stock&nbsp;\u00bb signifie que nous avons en stock le tissu n\u00e9cessaire pour r\u00e9aliser le nombre de produits indiqu\u00e9s dans le stock. Il est n\u00e9cessaire de tenir compte du temps de fabrication indiqu\u00e9 sur la page d\u2019accueil du site au moment de la commande: en g\u00e9n\u00e9ral, 2 \u00e0 8 jours.<\/p>\n\n\n\n<h3 class=\"wp-block-heading\">                                         PRIX<\/h3>\n\n\n\n<p>Les prix sont libell\u00e9s en Euros et calcul\u00e9s hors taxes. Ils ne sont pas major\u00e9s du taux de TVA, le statut d\u2019auto-entrepreneur impliquant une franchise de TVA, selon l\u2019article 293 B du CGI. &nbsp;Les prix indiqu\u00e9s ne comprennent pas les frais de livraison qui sont \u00e0 la charge de l\u2019acheteur.<\/p>\n\n\n\n<p>Les frais de port sont indiqu\u00e9s \u00e0 l\u2019acheteur lors de la validation du panier.<\/p>\n\n\n\n<h4 class=\"wp-block-heading\">                                    PAIEMENT<\/h4>\n\n\n\n<p>Le paiement de la totalit\u00e9 du prix est d\u00fb \u00e0 la commande.<\/p>\n\n\n\n<p>Le site&nbsp;<a href=\"http:\/\/lapoulettearayures.com\">lescreationsdemaxetmila.com<\/a>&nbsp;accepte les modes de paiement suivants :<\/p>\n\n\n\n<ul class=\"wp-block-list\"><li>Par carte bancaire : &nbsp;Les paiements s\u2019effectuent en ligne gr\u00e2ce \u00e0 une  solution de paiement qui utilise les syst\u00e8mes de s\u00e9curit\u00e9 les plus r\u00e9cents et les plus fiables.<\/li><li>Par Paypal: Les paiements s\u2019effectuent en ligne gr\u00e2ce \u00e0 la plateforme de paiement s\u00e9curis\u00e9e Paypal.&nbsp;Si vous avez un compte Paypal, vous renseignez votre adresse mail et votre mode de passe puis vous validez votre paiement.<\/li><li>Il est \u00e9galement possible de payer par carte bancaire via Paypal sans avoir de compte Paypal . Dans ce cas, apr\u00e8s avoir valid\u00e9 votre panier, vous \u00eates redirig\u00e9 sur la page Paypal. Vous pouvez alors s\u00e9lectionner le mode paiement par carte bancaire et renseigner les champs habituels concernant votre carte.<\/li><\/ul>\n\n\n\n<p>Ses services  de paiement cryptent les donn\u00e9es selon le protocole SSL afin de garantir la s\u00e9curit\u00e9 des donn\u00e9es.<\/p>\n\n\n\n<p>Pour le Paiement par ch\u00e8que,  l&rsquo;acheteur se doit de contacter la boutique via l&rsquo;adresse lescreationsdeaxetmila@gmail.com afin de connaitre l&rsquo;adresse  d&rsquo;envoi. L\u2019acheteur dispose de 7 jours pour faire parvenir son ch\u00e8que \u00e0 partir de la date de sa commande. Sans r\u00e9ception du ch\u00e8que dans ce d\u00e9lai, la commande sera automatiquement annul\u00e9e.<\/p>\n\n\n\n<h4 class=\"wp-block-heading\">                                    LIVRAISON<\/h4>\n\n\n\n<p><\/p>\n\n\n\n<p>Le d\u00e9lai de livraison est diff\u00e9rent en fonction du choix d\u2019exp\u00e9dition du client et est indiqu\u00e9 sur le site au moment du choix de livraison.<\/p>\n\n\n\n<p>Les commandes peuvent \u00eatre exp\u00e9di\u00e9es en Lettre suivie pour les petits objets (jusqu\u2019\u00e0 3 cm d\u2019\u00e9paisseur), &nbsp;en colissimo pour un volume plus important. <\/p>\n\n\n\n<p><strong>Livraison par La Poste, via COLISSIMO&nbsp;:<\/strong><\/p>\n\n\n\n<p>L\u2019acheteur est livr\u00e9 \u00e0 son domicile par son facteur. En cas d\u2019absence de l\u2019acheteur, il pourra recevoir un avis de passage de son facteur, ce qui lui permettra de retirer les produits command\u00e9s au bureau de Poste le plus proche, pendant un d\u00e9lai indiqu\u00e9 par les services postaux.<\/p>\n\n\n\n<p>Pour tout colissimo suivi sans signature indiqu\u00e9 comme \u00ab&nbsp;livr\u00e9&nbsp;\u00bb par le site de la Poste mais dont le client n\u2019aurait pas trace, la soci\u00e9t\u00e9 \u00ab\u00a0les cr\u00e9ations de max et mila\u00a0\u00bbne pourra pas intervenir et le client devra se rapprocher de son bureau de poste le plus proche. Aucune contestation relative \u00e0 la livraison en elle-m\u00eame n\u2019est possible si le colis appara\u00eet comme ayant \u00e9t\u00e9 \u00ab&nbsp;livr\u00e9&nbsp;\u00bb, le syst\u00e8me informatique (flashage) de La Poste faisant foi.<\/p>\n\n\n\n<p>Un num\u00e9ro de suivi vous sera&nbsp;adress\u00e9 par mail lors de l\u2019exp\u00e9dition de la commande.<\/p>\n\n\n\n<p>Pour toute livraison hors France M\u00e9tropolitaine et vers l\u2019\u00e9tranger, merci de nous contacter (via le formulaire contact du site ou via l\u2019adresse&nbsp;<a href=\"mailto:lapoulettearayures@gmail.com\">lescreationsdemaxetmila@gm<\/a>ail.com) avant le passage de votre commande.<\/p>\n\n\n\n<p>Les Cr\u00e9ations de Max et Mila d\u00e9cline toute responsabilit\u00e9 li\u00e9e \u00e0 d\u2019\u00e9ventuels retards, vols, pertes ou d\u00e9t\u00e9riorations de la lettre ou du colis par La Poste.<\/p>\n\n\n\n<h4 class=\"wp-block-heading\">                                    D\u00c9LAI DE R\u00c9TRACTATION<\/h4>\n\n\n\n<p>En application de l\u2019article du code L.120-20 du code de la consommation, l\u2019acheteur dispose d\u2019un d\u00e9lai de sept jours ouvrables pour retourner \u00e0 ses frais si les articles ne lui convenant pas, pour un \u00e9change ou un remboursement. Ce d\u00e9lai court \u00e0 compter du jour de r\u00e9ception de la commande . Tout retour devra \u00eatre signal\u00e9 au pr\u00e9alable par mail \u00e0 lescreationsdemaxetmila@gmail.com<\/p>\n\n\n\n<p>Les articles r\u00e9alis\u00e9 sur commande ainsi que les masques barri\u00e8res ne sont ni repris ni \u00e9chang\u00e9. <\/p>\n\n\n\n<p>Ce droit de r\u00e9tractation s\u2019exerce sans p\u00e9nalit\u00e9, \u00e0 l\u2019exception des frais d\u2019envoi et de retour. Les articles devront \u00eatre renvoy\u00e9s dans leur emballage d\u2019origine, en parfait \u00e9tat de revente. Dans le cas contraire, les produits ne seront ni rembours\u00e9s, ni repris, ni \u00e9chang\u00e9s. Dans l\u2019hypoth\u00e8se de l\u2019exercice du droit de r\u00e9tractation, l\u2019acheteur a le choix de demander soit le remboursement des sommes vers\u00e9es, soit l\u2019\u00e9change du produit. Dans ce cas la r\u00e9exp\u00e9dition se fera aux frais de l\u2019acheteur. <\/p>\n\n\n\n<p>Le client est responsable de son colis de retour. S\u2019il n\u2019opte pas pour un service de transport avec option de suivi, il ne pourra se retourner contre la soci\u00e9t\u00e9 \u00ab\u00a0les cr\u00e9ations de Max et Mila\u00a0\u00bb, en cas de non r\u00e9ception du colis par cette derni\u00e8re.<br>Dans tous les cas, si le colis ne parvient pas \u00e0 la soci\u00e9t\u00e9, le client ne pourra se retourner contre elle.<\/p>\n\n\n\n<p><\/p>\n\n\n\n<h3 class=\"wp-block-heading\">                                          Garantie<\/h3>\n\n\n\n<p>Tous les produits fournis par \u00ab\u00a0lescr\u00e9ations de Max et Mila\u00a0\u00bb b\u00e9n\u00e9ficient de la garantie l\u00e9gale pr\u00e9vue par les articles 1641 et suivants du Code civil. En cas de non conformit\u00e9 d\u2019un produit vendu, il pourra \u00eatre retourn\u00e9 \u00e0 la soci\u00e9t\u00e9 qui le reprendra, l\u2019\u00e9changera ou le remboursera. Toutes les r\u00e9clamations, demandes d\u2019\u00e9change ou de remboursement doivent s\u2019effectuer dans un d\u00e9lai de trente jours apr\u00e8s livraison, par voie \u00e9lectronique \u00e0 l\u2019adresse&nbsp;: lescreationsdemaxetmila@gmail.com<\/p>\n\n\n\n<h3 class=\"wp-block-heading\">                                          Conditions d&rsquo;utilisation des produits<\/h3>\n\n\n\n<p>Pr\u00e9alablement \u00e0 toute commande et \u00e0 toute utilisation de produits, l\u2019acheteur doit lire toutes les informations communiqu\u00e9es sur le Site Internet www.lescr\u00e9ationsdemaxetmila.com, se renseigner sur les caract\u00e9ristiques et les composants des produits et s\u2019assurer qu\u2019ils sont compatibles avec l\u2019usage qu\u2019il souhaite en faire.<\/p>\n\n\n\n<p>L\u2019acheteur s\u2019engage \u00e0 syst\u00e9matiquement respecter les conseils d\u2019utilisation indiqu\u00e9s par le fabricant sur l\u2019emballage et sur la notice d\u2019utilisation des produits.<\/p>\n\n\n\n<h3 class=\"wp-block-heading\">                                         LITIGE<\/h3>\n\n\n\n<p>Les pr\u00e9sentes conditions g\u00e9n\u00e9rales de vente du site sont soumises au droit fran\u00e7ais. Tout litige sera soumis au Tribunal comp\u00e9tent.<\/p>\n\n\n\n<h4 class=\"wp-block-heading\">                                   PROPRI\u00c9T\u00c9 INTELLECTUELLE<\/h4>\n\n\n\n<p>Toute reproduction ou utilisation sans autorisation des textes, commentaires et photographies utilis\u00e9s sur le site lescreationsdemaxetmila.com sont strictement interdites.<\/p>\n\n\n\n<h4 class=\"wp-block-heading\">                                   DROIT DE LA MARQUE<\/h4>\n\n\n\n<p>\u00ab\u00a0Les Cr\u00e9ations de max et Mila\u00a0\u00bb est une marque d\u00e9pos\u00e9e, ainsi que son logo. Enregistr\u00e9e a l&rsquo;INPI, num\u00e9ro Siret 908 247 968 00013.<\/p>\n\n\n\n<p>La reproduction, l\u2019imitation ou l\u2019utilisation&nbsp;de la marque ou du logo sans avoir obtenu l\u2019autorisation pr\u00e9alable constituent un d\u00e9lit de contrefa\u00e7on.<\/p>\n\n\n\n<h3 class=\"wp-block-heading\">                                         Clause de r\u00e9serve de propri\u00e9t\u00e9<\/h3>\n\n\n\n<p>\u00ab\u00a0Les Cr\u00e9ations de Max et Mila\u00a0\u00bb conserve la propri\u00e9t\u00e9 pleine et enti\u00e8re des produits vendus jusqu\u2019au parfait encaissement du prix, en principal, frais et taxes compris.<\/p>\n\n\n\n<p>En cas de livraison et de d\u00e9faut de paiement, la soci\u00e9t\u00e9 a le droit de revendiquer les produits command\u00e9s, l\u2019acheteur s\u2019engageant pour sa part \u00e0 restituer tout produit non pay\u00e9, et prendre tous frais aff\u00e9rents au retour \u00e0 sa charge.<\/p>\n","protected":false},"excerpt":{"rendered":"<p>Conditions G\u00e9n\u00e9rales de Vente Le pr\u00e9sent site est une boutique en ligne de cr\u00e9ation d\u2019accessoires pour b\u00e9b\u00e9s femmes et enfants faits main de la marque \u00ab\u00a0Les cr\u00e9ations de Max et Mila\u00a0\u00bb, num\u00e9ro Siren 908 247 968. Les conditions g\u00e9n\u00e9rales de vente s\u2019appliquent \u00e0 toutes les commandes pass\u00e9es sur le site lescreationsdemaxetmila.com Tout acheteur sur le [&hellip;]<\/p>\n","protected":false},"author":2,"featured_media":0,"parent":0,"menu_order":0,"comment_status":"closed","ping_status":"closed","template":"","meta":{"footnotes":""},"class_list":["post-83","page","type-page","status-publish","hentry"],"yoast_head":"<!-- This site is optimized with the Yoast SEO plugin v24.9 - https:\/\/yoast.com\/wordpress\/plugins\/seo\/ -->\n<title>CGV - Les Cr\u00e9ations de Max et Mila<\/title>\n<meta name=\"robots\" content=\"index, follow, max-snippet:-1, max-image-preview:large, max-video-preview:-1\" \/>\n<link rel=\"canonical\" href=\"https:\/\/lescreationsdemaxetmila.com\/index.php\/cgv\/\" \/>\n<meta property=\"og:locale\" content=\"fr_FR\" \/>\n<meta property=\"og:type\" content=\"article\" \/>\n<meta property=\"og:title\" content=\"CGV - Les Cr\u00e9ations de Max et Mila\" \/>\n<meta property=\"og:description\" content=\"Conditions G\u00e9n\u00e9rales de Vente Le pr\u00e9sent site est une boutique en ligne de cr\u00e9ation d\u2019accessoires pour b\u00e9b\u00e9s femmes et enfants faits main de la marque \u00ab\u00a0Les cr\u00e9ations de Max et Mila\u00a0\u00bb, num\u00e9ro Siren 908 247 968. Les conditions g\u00e9n\u00e9rales de vente s\u2019appliquent \u00e0 toutes les commandes pass\u00e9es sur le site lescreationsdemaxetmila.com Tout acheteur sur le [&hellip;]\" \/>\n<meta property=\"og:url\" content=\"https:\/\/lescreationsdemaxetmila.com\/index.php\/cgv\/\" \/>\n<meta property=\"og:site_name\" content=\"Les Cr\u00e9ations de Max et Mila\" \/>\n<meta property=\"article:publisher\" content=\"https:\/\/www.facebook.com\/lescreationsdemaxetmila\" \/>\n<meta property=\"article:modified_time\" content=\"2021-12-23T14:48:19+00:00\" \/>\n<meta property=\"og:image\" content=\"https:\/\/lescreationsdemaxetmila.com\/wp-content\/uploads\/2020\/11\/cropped-cropped-Maxetmilacouleur.png\" \/>\n\t<meta property=\"og:image:width\" content=\"512\" \/>\n\t<meta property=\"og:image:height\" content=\"512\" \/>\n\t<meta property=\"og:image:type\" content=\"image\/png\" \/>\n<meta name=\"twitter:card\" content=\"summary_large_image\" \/>\n<meta name=\"twitter:label1\" content=\"Dur\u00e9e de lecture estim\u00e9e\" \/>\n\t<meta name=\"twitter:data1\" content=\"8 minutes\" \/>\n<script type=\"application\/ld+json\" class=\"yoast-schema-graph\">{\"@context\":\"https:\/\/schema.org\",\"@graph\":[{\"@type\":\"WebPage\",\"@id\":\"https:\/\/lescreationsdemaxetmila.com\/index.php\/cgv\/\",\"url\":\"https:\/\/lescreationsdemaxetmila.com\/index.php\/cgv\/\",\"name\":\"CGV - Les Cr\u00e9ations de Max et Mila\",\"isPartOf\":{\"@id\":\"https:\/\/lescreationsdemaxetmila.com\/#website\"},\"datePublished\":\"2020-11-06T12:41:39+00:00\",\"dateModified\":\"2021-12-23T14:48:19+00:00\",\"breadcrumb\":{\"@id\":\"https:\/\/lescreationsdemaxetmila.com\/index.php\/cgv\/#breadcrumb\"},\"inLanguage\":\"fr-FR\",\"potentialAction\":[{\"@type\":\"ReadAction\",\"target\":[\"https:\/\/lescreationsdemaxetmila.com\/index.php\/cgv\/\"]}]},{\"@type\":\"BreadcrumbList\",\"@id\":\"https:\/\/lescreationsdemaxetmila.com\/index.php\/cgv\/#breadcrumb\",\"itemListElement\":[{\"@type\":\"ListItem\",\"position\":1,\"name\":\"Accueil\",\"item\":\"https:\/\/lescreationsdemaxetmila.com\/\"},{\"@type\":\"ListItem\",\"position\":2,\"name\":\"CGV\"}]},{\"@type\":\"WebSite\",\"@id\":\"https:\/\/lescreationsdemaxetmila.com\/#website\",\"url\":\"https:\/\/lescreationsdemaxetmila.com\/\",\"name\":\"Les Cr\u00e9ations de Max et Mila\",\"description\":\"Accessoires Personnalisables et coutures \",\"publisher\":{\"@id\":\"https:\/\/lescreationsdemaxetmila.com\/#\/schema\/person\/adafbfe37674fc396b65d1692fc42472\"},\"alternateName\":\"Cr\u00e9ations couture accessoires pour b\u00e9b\u00e9s, enfants et toute la famille\",\"potentialAction\":[{\"@type\":\"SearchAction\",\"target\":{\"@type\":\"EntryPoint\",\"urlTemplate\":\"https:\/\/lescreationsdemaxetmila.com\/?s={search_term_string}\"},\"query-input\":{\"@type\":\"PropertyValueSpecification\",\"valueRequired\":true,\"valueName\":\"search_term_string\"}}],\"inLanguage\":\"fr-FR\"},{\"@type\":[\"Person\",\"Organization\"],\"@id\":\"https:\/\/lescreationsdemaxetmila.com\/#\/schema\/person\/adafbfe37674fc396b65d1692fc42472\",\"name\":\"Lucie\",\"image\":{\"@type\":\"ImageObject\",\"inLanguage\":\"fr-FR\",\"@id\":\"https:\/\/lescreationsdemaxetmila.com\/#\/schema\/person\/image\/\",\"url\":\"https:\/\/lescreationsdemaxetmila.com\/wp-content\/uploads\/2020\/11\/cropped-Maxetmilacouleur.png\",\"contentUrl\":\"https:\/\/lescreationsdemaxetmila.com\/wp-content\/uploads\/2020\/11\/cropped-Maxetmilacouleur.png\",\"width\":1389,\"height\":1370,\"caption\":\"Lucie\"},\"logo\":{\"@id\":\"https:\/\/lescreationsdemaxetmila.com\/#\/schema\/person\/image\/\"},\"sameAs\":[\"https:\/\/www.facebook.com\/lescreationsdemaxetmila\",\"https:\/\/www.instagram.com\/lescreationsdemaxetmila\/?hl=fr\"]}]}<\/script>\n<!-- \/ Yoast SEO plugin. -->","yoast_head_json":{"title":"CGV - Les Cr\u00e9ations de Max et Mila","robots":{"index":"index","follow":"follow","max-snippet":"max-snippet:-1","max-image-preview":"max-image-preview:large","max-video-preview":"max-video-preview:-1"},"canonical":"https:\/\/lescreationsdemaxetmila.com\/index.php\/cgv\/","og_locale":"fr_FR","og_type":"article","og_title":"CGV - Les Cr\u00e9ations de Max et Mila","og_description":"Conditions G\u00e9n\u00e9rales de Vente Le pr\u00e9sent site est une boutique en ligne de cr\u00e9ation d\u2019accessoires pour b\u00e9b\u00e9s femmes et enfants faits main de la marque \u00ab\u00a0Les cr\u00e9ations de Max et Mila\u00a0\u00bb, num\u00e9ro Siren 908 247 968. Les conditions g\u00e9n\u00e9rales de vente s\u2019appliquent \u00e0 toutes les commandes pass\u00e9es sur le site lescreationsdemaxetmila.com Tout acheteur sur le [&hellip;]","og_url":"https:\/\/lescreationsdemaxetmila.com\/index.php\/cgv\/","og_site_name":"Les Cr\u00e9ations de Max et Mila","article_publisher":"https:\/\/www.facebook.com\/lescreationsdemaxetmila","article_modified_time":"2021-12-23T14:48:19+00:00","og_image":[{"width":512,"height":512,"url":"https:\/\/lescreationsdemaxetmila.com\/wp-content\/uploads\/2020\/11\/cropped-cropped-Maxetmilacouleur.png","type":"image\/png"}],"twitter_card":"summary_large_image","twitter_misc":{"Dur\u00e9e de lecture estim\u00e9e":"8 minutes"},"schema":{"@context":"https:\/\/schema.org","@graph":[{"@type":"WebPage","@id":"https:\/\/lescreationsdemaxetmila.com\/index.php\/cgv\/","url":"https:\/\/lescreationsdemaxetmila.com\/index.php\/cgv\/","name":"CGV - Les Cr\u00e9ations de Max et Mila","isPartOf":{"@id":"https:\/\/lescreationsdemaxetmila.com\/#website"},"datePublished":"2020-11-06T12:41:39+00:00","dateModified":"2021-12-23T14:48:19+00:00","breadcrumb":{"@id":"https:\/\/lescreationsdemaxetmila.com\/index.php\/cgv\/#breadcrumb"},"inLanguage":"fr-FR","potentialAction":[{"@type":"ReadAction","target":["https:\/\/lescreationsdemaxetmila.com\/index.php\/cgv\/"]}]},{"@type":"BreadcrumbList","@id":"https:\/\/lescreationsdemaxetmila.com\/index.php\/cgv\/#breadcrumb","itemListElement":[{"@type":"ListItem","position":1,"name":"Accueil","item":"https:\/\/lescreationsdemaxetmila.com\/"},{"@type":"ListItem","position":2,"name":"CGV"}]},{"@type":"WebSite","@id":"https:\/\/lescreationsdemaxetmila.com\/#website","url":"https:\/\/lescreationsdemaxetmila.com\/","name":"Les Cr\u00e9ations de Max et Mila","description":"Accessoires Personnalisables et coutures ","publisher":{"@id":"https:\/\/lescreationsdemaxetmila.com\/#\/schema\/person\/adafbfe37674fc396b65d1692fc42472"},"alternateName":"Cr\u00e9ations couture accessoires pour b\u00e9b\u00e9s, enfants et toute la famille","potentialAction":[{"@type":"SearchAction","target":{"@type":"EntryPoint","urlTemplate":"https:\/\/lescreationsdemaxetmila.com\/?s={search_term_string}"},"query-input":{"@type":"PropertyValueSpecification","valueRequired":true,"valueName":"search_term_string"}}],"inLanguage":"fr-FR"},{"@type":["Person","Organization"],"@id":"https:\/\/lescreationsdemaxetmila.com\/#\/schema\/person\/adafbfe37674fc396b65d1692fc42472","name":"Lucie","image":{"@type":"ImageObject","inLanguage":"fr-FR","@id":"https:\/\/lescreationsdemaxetmila.com\/#\/schema\/person\/image\/","url":"https:\/\/lescreationsdemaxetmila.com\/wp-content\/uploads\/2020\/11\/cropped-Maxetmilacouleur.png","contentUrl":"https:\/\/lescreationsdemaxetmila.com\/wp-content\/uploads\/2020\/11\/cropped-Maxetmilacouleur.png","width":1389,"height":1370,"caption":"Lucie"},"logo":{"@id":"https:\/\/lescreationsdemaxetmila.com\/#\/schema\/person\/image\/"},"sameAs":["https:\/\/www.facebook.com\/lescreationsdemaxetmila","https:\/\/www.instagram.com\/lescreationsdemaxetmila\/?hl=fr"]}]}},"jetpack_sharing_enabled":true,"_links":{"self":[{"href":"https:\/\/lescreationsdemaxetmila.com\/index.php\/wp-json\/wp\/v2\/pages\/83","targetHints":{"allow":["GET"]}}],"collection":[{"href":"https:\/\/lescreationsdemaxetmila.com\/index.php\/wp-json\/wp\/v2\/pages"}],"about":[{"href":"https:\/\/lescreationsdemaxetmila.com\/index.php\/wp-json\/wp\/v2\/types\/page"}],"author":[{"embeddable":true,"href":"https:\/\/lescreationsdemaxetmila.com\/index.php\/wp-json\/wp\/v2\/users\/2"}],"replies":[{"embeddable":true,"href":"https:\/\/lescreationsdemaxetmila.com\/index.php\/wp-json\/wp\/v2\/comments?post=83"}],"version-history":[{"count":4,"href":"https:\/\/lescreationsdemaxetmila.com\/index.php\/wp-json\/wp\/v2\/pages\/83\/revisions"}],"predecessor-version":[{"id":1837,"href":"https:\/\/lescreationsdemaxetmila.com\/index.php\/wp-json\/wp\/v2\/pages\/83\/revisions\/1837"}],"wp:attachment":[{"href":"https:\/\/lescreationsdemaxetmila.com\/index.php\/wp-json\/wp\/v2\/media?parent=83"}],"curies":[{"name":"wp","href":"https:\/\/api.w.org\/{rel}","templated":true}]}}