{"id":1798,"date":"2021-12-20T22:49:33","date_gmt":"2021-12-20T21:49:33","guid":{"rendered":"https:\/\/lescreationsdemaxetmila.fr\/?post_type=product&#038;p=1798"},"modified":"2024-05-15T22:22:35","modified_gmt":"2024-05-15T20:22:35","slug":"bavoir-bebe-bandana","status":"publish","type":"product","link":"https:\/\/lescreationsdemaxetmila.com\/index.php\/produit\/bavoir-bebe-bandana\/","title":{"rendered":"Bavoirs b\u00e9b\u00e9 Bandana, serviette triangle Coloris au choix, par Les Cr\u00e9ations de Max et Mila"},"content":{"rendered":"<p>Peut \u00eatre utilis\u00e9 pour le repas, le bibi mais aussi aussi lorsque b\u00e9b\u00e9 fait ses dents et absorber les bavouilles.<\/p>\n<p>\ud83c\udf3fFabriqu\u00e9 \u00e0 la main dans mon atelier pr\u00e8s de Toulouse, enti\u00e8rement personnalis\u00e9e par mes soins. Je s\u00e9lectionne des tissus dans des merceries locales et des tissus certifi\u00e9s Oekotex 100 ou bio gots, sans produit chimique.<\/p>\n<p>\u26a0\ufe0fLavables en machine \u00e0 40 degr\u00e9s et un repassage doux.<\/p>\n<p>\u270f\ufe0f Chaque article peut \u00eatre adapt\u00e9 selon vos pr\u00e9f\u00e9rences. En cas de doute, n&rsquo;h\u00e9sitez pas \u00e0 me contacter par message. Votre satisfaction est ma priorit\u00e9 !<\/p>\n<p>\ud83d\udecd\ufe0f Explorez d\u00e8s maintenant ma boutique pour d\u00e9couvrir l&rsquo;int\u00e9gralit\u00e9 de mes collections artisanales. Vous y trouverez une large gamme d&rsquo;articles personnalis\u00e9s, comprenant des lingettes, des gigoteuses, des coffrets de naissance, des produits z\u00e9ro d\u00e9chet, des mugs, des pochettes, et bien plus encore, pour combler tous les go\u00fbts et univers imaginables.<\/p>\n","protected":false},"excerpt":{"rendered":"<p style=\"text-align: center;\"><em><span class=\"OYPEnA text-decoration-none text-strikethrough-none\">Je me pr\u00e9sente, je m\u2019appelle Lucie je suis maman de 2 enfants, Maxime et Mila. <\/span><\/em><\/p>\n<p style=\"text-align: center;\"><em><span class=\"OYPEnA text-decoration-none text-strikethrough-none\">J\u2019ai commenc\u00e9 la couture afin de cr\u00e9er des lingettes lavables pour le change de mes enfants. Et de fil en aiguille me voila aujourd\u2019hui cr\u00e9atrice d\u2019accessoires pour b\u00e9b\u00e9s, enfants et toutes la famille.<br \/>\n<\/span><\/em><\/p>\n<p style=\"text-align: center;\"><em><span class=\"OYPEnA text-decoration-none text-strikethrough-none\">Je serais ravie de r\u00e9aliser vos cr\u00e9ations pour faire plaisir \u00e0 vos proches ou pour vous faire plaisir.<\/span><\/em><\/p>\n<p class=\"cvGsUA direction-ltr align-start para-style-body\" style=\"text-align: center;\"><em><span class=\"OYPEnA text-decoration-none text-strikethrough-none\">N\u2019h\u00e9sitez pas \u00e0 me contacter pour toutes demandes particuli\u00e8res.<\/span><\/em><\/p>\n<p class=\"cvGsUA direction-ltr align-start para-style-body\" style=\"text-align: center;\"><em><span class=\"OYPEnA text-decoration-none text-strikethrough-none\">Merci beaucoup et \u00e0 bient\u00f4t j\u2019esp\u00e8re !<\/span><\/em><\/p>\n<p style=\"text-align: center;\"><em>Lucie<\/em><\/p>\n","protected":false},"featured_media":2191,"template":"","meta":[],"product_cat":[107],"product_tag":[],"class_list":["post-1798","product","type-product","status-publish","has-post-thumbnail","hentry","product_cat-bavoirs","product_shipping_class-petit-volume"],"yoast_head":"<!-- This site is optimized with the Yoast SEO plugin v24.9 - https:\/\/yoast.com\/wordpress\/plugins\/seo\/ -->\n<title>Les Cr\u00e9ations de Max et Mila -<\/title>\n<meta name=\"description\" content=\"Bavoir bandana pour b\u00e9b\u00e9 cousus main \u00e0 Toulouse, personnalisable, cadeau de naissance original et unique pour b\u00e9b\u00e9, tissus \u00e9coresponsables\" \/>\n<meta name=\"robots\" content=\"index, follow, max-snippet:-1, max-image-preview:large, max-video-preview:-1\" \/>\n<link rel=\"canonical\" href=\"https:\/\/lescreationsdemaxetmila.com\/index.php\/produit\/bavoir-bebe-bandana\/\" \/>\n<meta property=\"og:locale\" content=\"fr_FR\" \/>\n<meta property=\"og:type\" content=\"article\" \/>\n<meta property=\"og:title\" content=\"Les Cr\u00e9ations de Max et Mila -\" \/>\n<meta property=\"og:description\" content=\"Bavoir bandana pour b\u00e9b\u00e9 cousus main \u00e0 Toulouse, personnalisable, cadeau de naissance original et unique pour b\u00e9b\u00e9, tissus \u00e9coresponsables\" \/>\n<meta property=\"og:url\" content=\"https:\/\/lescreationsdemaxetmila.com\/index.php\/produit\/bavoir-bebe-bandana\/\" \/>\n<meta property=\"og:site_name\" content=\"Les Cr\u00e9ations de Max et Mila\" \/>\n<meta property=\"article:publisher\" content=\"https:\/\/www.facebook.com\/lescreationsdemaxetmila\" \/>\n<meta property=\"article:modified_time\" content=\"2024-05-15T20:22:35+00:00\" \/>\n<meta property=\"og:image\" content=\"https:\/\/lescreationsdemaxetmila.com\/wp-content\/uploads\/2022\/09\/IMG_20220926_141543-scaled.jpg\" \/>\n\t<meta property=\"og:image:width\" content=\"1922\" \/>\n\t<meta property=\"og:image:height\" content=\"2560\" \/>\n\t<meta property=\"og:image:type\" content=\"image\/jpeg\" \/>\n<meta name=\"twitter:card\" content=\"summary_large_image\" \/>\n<meta name=\"twitter:label1\" content=\"Dur\u00e9e de lecture estim\u00e9e\" \/>\n\t<meta name=\"twitter:data1\" content=\"1 minute\" \/>\n<script type=\"application\/ld+json\" class=\"yoast-schema-graph\">{\"@context\":\"https:\/\/schema.org\",\"@graph\":[{\"@type\":\"WebPage\",\"@id\":\"https:\/\/lescreationsdemaxetmila.com\/index.php\/produit\/bavoir-bebe-bandana\/\",\"url\":\"https:\/\/lescreationsdemaxetmila.com\/index.php\/produit\/bavoir-bebe-bandana\/\",\"name\":\"Les Cr\u00e9ations de Max et Mila -\",\"isPartOf\":{\"@id\":\"https:\/\/lescreationsdemaxetmila.com\/#website\"},\"primaryImageOfPage\":{\"@id\":\"https:\/\/lescreationsdemaxetmila.com\/index.php\/produit\/bavoir-bebe-bandana\/#primaryimage\"},\"image\":{\"@id\":\"https:\/\/lescreationsdemaxetmila.com\/index.php\/produit\/bavoir-bebe-bandana\/#primaryimage\"},\"thumbnailUrl\":\"https:\/\/lescreationsdemaxetmila.com\/wp-content\/uploads\/2022\/09\/IMG_20220926_141543-scaled.jpg\",\"datePublished\":\"2021-12-20T21:49:33+00:00\",\"dateModified\":\"2024-05-15T20:22:35+00:00\",\"description\":\"Bavoir bandana pour b\u00e9b\u00e9 cousus main \u00e0 Toulouse, personnalisable, cadeau de naissance original et unique pour b\u00e9b\u00e9, tissus \u00e9coresponsables\",\"breadcrumb\":{\"@id\":\"https:\/\/lescreationsdemaxetmila.com\/index.php\/produit\/bavoir-bebe-bandana\/#breadcrumb\"},\"inLanguage\":\"fr-FR\",\"potentialAction\":[{\"@type\":\"ReadAction\",\"target\":[\"https:\/\/lescreationsdemaxetmila.com\/index.php\/produit\/bavoir-bebe-bandana\/\"]}]},{\"@type\":\"ImageObject\",\"inLanguage\":\"fr-FR\",\"@id\":\"https:\/\/lescreationsdemaxetmila.com\/index.php\/produit\/bavoir-bebe-bandana\/#primaryimage\",\"url\":\"https:\/\/lescreationsdemaxetmila.com\/wp-content\/uploads\/2022\/09\/IMG_20220926_141543-scaled.jpg\",\"contentUrl\":\"https:\/\/lescreationsdemaxetmila.com\/wp-content\/uploads\/2022\/09\/IMG_20220926_141543-scaled.jpg\",\"width\":1922,\"height\":2560},{\"@type\":\"BreadcrumbList\",\"@id\":\"https:\/\/lescreationsdemaxetmila.com\/index.php\/produit\/bavoir-bebe-bandana\/#breadcrumb\",\"itemListElement\":[{\"@type\":\"ListItem\",\"position\":1,\"name\":\"Accueil\",\"item\":\"https:\/\/lescreationsdemaxetmila.com\/\"},{\"@type\":\"ListItem\",\"position\":2,\"name\":\"Boutiques et Achats\",\"item\":\"https:\/\/lescreationsdemaxetmila.com\/index.php\/boutique-achat-en-ligne\/\"},{\"@type\":\"ListItem\",\"position\":3,\"name\":\"Bavoirs b\u00e9b\u00e9 Bandana, serviette triangle Coloris au choix, par Les Cr\u00e9ations de Max et Mila\"}]},{\"@type\":\"WebSite\",\"@id\":\"https:\/\/lescreationsdemaxetmila.com\/#website\",\"url\":\"https:\/\/lescreationsdemaxetmila.com\/\",\"name\":\"Les Cr\u00e9ations de Max et Mila\",\"description\":\"Accessoires Personnalisables et coutures \",\"publisher\":{\"@id\":\"https:\/\/lescreationsdemaxetmila.com\/#\/schema\/person\/adafbfe37674fc396b65d1692fc42472\"},\"alternateName\":\"Cr\u00e9ations couture accessoires pour b\u00e9b\u00e9s, enfants et toute la famille\",\"potentialAction\":[{\"@type\":\"SearchAction\",\"target\":{\"@type\":\"EntryPoint\",\"urlTemplate\":\"https:\/\/lescreationsdemaxetmila.com\/?s={search_term_string}\"},\"query-input\":{\"@type\":\"PropertyValueSpecification\",\"valueRequired\":true,\"valueName\":\"search_term_string\"}}],\"inLanguage\":\"fr-FR\"},{\"@type\":[\"Person\",\"Organization\"],\"@id\":\"https:\/\/lescreationsdemaxetmila.com\/#\/schema\/person\/adafbfe37674fc396b65d1692fc42472\",\"name\":\"Lucie\",\"image\":{\"@type\":\"ImageObject\",\"inLanguage\":\"fr-FR\",\"@id\":\"https:\/\/lescreationsdemaxetmila.com\/#\/schema\/person\/image\/\",\"url\":\"https:\/\/lescreationsdemaxetmila.com\/wp-content\/uploads\/2020\/11\/cropped-Maxetmilacouleur.png\",\"contentUrl\":\"https:\/\/lescreationsdemaxetmila.com\/wp-content\/uploads\/2020\/11\/cropped-Maxetmilacouleur.png\",\"width\":1389,\"height\":1370,\"caption\":\"Lucie\"},\"logo\":{\"@id\":\"https:\/\/lescreationsdemaxetmila.com\/#\/schema\/person\/image\/\"},\"sameAs\":[\"https:\/\/www.facebook.com\/lescreationsdemaxetmila\",\"https:\/\/www.instagram.com\/lescreationsdemaxetmila\/?hl=fr\"]}]}<\/script>\n<!-- \/ Yoast SEO plugin. -->","yoast_head_json":{"title":"Les Cr\u00e9ations de Max et Mila -","description":"Bavoir bandana pour b\u00e9b\u00e9 cousus main \u00e0 Toulouse, personnalisable, cadeau de naissance original et unique pour b\u00e9b\u00e9, tissus \u00e9coresponsables","robots":{"index":"index","follow":"follow","max-snippet":"max-snippet:-1","max-image-preview":"max-image-preview:large","max-video-preview":"max-video-preview:-1"},"canonical":"https:\/\/lescreationsdemaxetmila.com\/index.php\/produit\/bavoir-bebe-bandana\/","og_locale":"fr_FR","og_type":"article","og_title":"Les Cr\u00e9ations de Max et Mila -","og_description":"Bavoir bandana pour b\u00e9b\u00e9 cousus main \u00e0 Toulouse, personnalisable, cadeau de naissance original et unique pour b\u00e9b\u00e9, tissus \u00e9coresponsables","og_url":"https:\/\/lescreationsdemaxetmila.com\/index.php\/produit\/bavoir-bebe-bandana\/","og_site_name":"Les Cr\u00e9ations de Max et Mila","article_publisher":"https:\/\/www.facebook.com\/lescreationsdemaxetmila","article_modified_time":"2024-05-15T20:22:35+00:00","og_image":[{"width":1922,"height":2560,"url":"https:\/\/lescreationsdemaxetmila.com\/wp-content\/uploads\/2022\/09\/IMG_20220926_141543-scaled.jpg","type":"image\/jpeg"}],"twitter_card":"summary_large_image","twitter_misc":{"Dur\u00e9e de lecture estim\u00e9e":"1 minute"},"schema":{"@context":"https:\/\/schema.org","@graph":[{"@type":"WebPage","@id":"https:\/\/lescreationsdemaxetmila.com\/index.php\/produit\/bavoir-bebe-bandana\/","url":"https:\/\/lescreationsdemaxetmila.com\/index.php\/produit\/bavoir-bebe-bandana\/","name":"Les Cr\u00e9ations de Max et Mila -","isPartOf":{"@id":"https:\/\/lescreationsdemaxetmila.com\/#website"},"primaryImageOfPage":{"@id":"https:\/\/lescreationsdemaxetmila.com\/index.php\/produit\/bavoir-bebe-bandana\/#primaryimage"},"image":{"@id":"https:\/\/lescreationsdemaxetmila.com\/index.php\/produit\/bavoir-bebe-bandana\/#primaryimage"},"thumbnailUrl":"https:\/\/lescreationsdemaxetmila.com\/wp-content\/uploads\/2022\/09\/IMG_20220926_141543-scaled.jpg","datePublished":"2021-12-20T21:49:33+00:00","dateModified":"2024-05-15T20:22:35+00:00","description":"Bavoir bandana pour b\u00e9b\u00e9 cousus main \u00e0 Toulouse, personnalisable, cadeau de naissance original et unique pour b\u00e9b\u00e9, tissus \u00e9coresponsables","breadcrumb":{"@id":"https:\/\/lescreationsdemaxetmila.com\/index.php\/produit\/bavoir-bebe-bandana\/#breadcrumb"},"inLanguage":"fr-FR","potentialAction":[{"@type":"ReadAction","target":["https:\/\/lescreationsdemaxetmila.com\/index.php\/produit\/bavoir-bebe-bandana\/"]}]},{"@type":"ImageObject","inLanguage":"fr-FR","@id":"https:\/\/lescreationsdemaxetmila.com\/index.php\/produit\/bavoir-bebe-bandana\/#primaryimage","url":"https:\/\/lescreationsdemaxetmila.com\/wp-content\/uploads\/2022\/09\/IMG_20220926_141543-scaled.jpg","contentUrl":"https:\/\/lescreationsdemaxetmila.com\/wp-content\/uploads\/2022\/09\/IMG_20220926_141543-scaled.jpg","width":1922,"height":2560},{"@type":"BreadcrumbList","@id":"https:\/\/lescreationsdemaxetmila.com\/index.php\/produit\/bavoir-bebe-bandana\/#breadcrumb","itemListElement":[{"@type":"ListItem","position":1,"name":"Accueil","item":"https:\/\/lescreationsdemaxetmila.com\/"},{"@type":"ListItem","position":2,"name":"Boutiques et Achats","item":"https:\/\/lescreationsdemaxetmila.com\/index.php\/boutique-achat-en-ligne\/"},{"@type":"ListItem","position":3,"name":"Bavoirs b\u00e9b\u00e9 Bandana, serviette triangle Coloris au choix, par Les Cr\u00e9ations de Max et Mila"}]},{"@type":"WebSite","@id":"https:\/\/lescreationsdemaxetmila.com\/#website","url":"https:\/\/lescreationsdemaxetmila.com\/","name":"Les Cr\u00e9ations de Max et Mila","description":"Accessoires Personnalisables et coutures ","publisher":{"@id":"https:\/\/lescreationsdemaxetmila.com\/#\/schema\/person\/adafbfe37674fc396b65d1692fc42472"},"alternateName":"Cr\u00e9ations couture accessoires pour b\u00e9b\u00e9s, enfants et toute la famille","potentialAction":[{"@type":"SearchAction","target":{"@type":"EntryPoint","urlTemplate":"https:\/\/lescreationsdemaxetmila.com\/?s={search_term_string}"},"query-input":{"@type":"PropertyValueSpecification","valueRequired":true,"valueName":"search_term_string"}}],"inLanguage":"fr-FR"},{"@type":["Person","Organization"],"@id":"https:\/\/lescreationsdemaxetmila.com\/#\/schema\/person\/adafbfe37674fc396b65d1692fc42472","name":"Lucie","image":{"@type":"ImageObject","inLanguage":"fr-FR","@id":"https:\/\/lescreationsdemaxetmila.com\/#\/schema\/person\/image\/","url":"https:\/\/lescreationsdemaxetmila.com\/wp-content\/uploads\/2020\/11\/cropped-Maxetmilacouleur.png","contentUrl":"https:\/\/lescreationsdemaxetmila.com\/wp-content\/uploads\/2020\/11\/cropped-Maxetmilacouleur.png","width":1389,"height":1370,"caption":"Lucie"},"logo":{"@id":"https:\/\/lescreationsdemaxetmila.com\/#\/schema\/person\/image\/"},"sameAs":["https:\/\/www.facebook.com\/lescreationsdemaxetmila","https:\/\/www.instagram.com\/lescreationsdemaxetmila\/?hl=fr"]}]}},"jetpack_sharing_enabled":true,"_links":{"self":[{"href":"https:\/\/lescreationsdemaxetmila.com\/index.php\/wp-json\/wp\/v2\/product\/1798","targetHints":{"allow":["GET"]}}],"collection":[{"href":"https:\/\/lescreationsdemaxetmila.com\/index.php\/wp-json\/wp\/v2\/product"}],"about":[{"href":"https:\/\/lescreationsdemaxetmila.com\/index.php\/wp-json\/wp\/v2\/types\/product"}],"wp:featuredmedia":[{"embeddable":true,"href":"https:\/\/lescreationsdemaxetmila.com\/index.php\/wp-json\/wp\/v2\/media\/2191"}],"wp:attachment":[{"href":"https:\/\/lescreationsdemaxetmila.com\/index.php\/wp-json\/wp\/v2\/media?parent=1798"}],"wp:term":[{"taxonomy":"product_cat","embeddable":true,"href":"https:\/\/lescreationsdemaxetmila.com\/index.php\/wp-json\/wp\/v2\/product_cat?post=1798"},{"taxonomy":"product_tag","embeddable":true,"href":"https:\/\/lescreationsdemaxetmila.com\/index.php\/wp-json\/wp\/v2\/product_tag?post=1798"}],"curies":[{"name":"wp","href":"https:\/\/api.w.org\/{rel}","templated":true}]}}