{"id":1875,"date":"2022-03-23T22:10:12","date_gmt":"2022-03-23T21:10:12","guid":{"rendered":"https:\/\/lescreationsdemaxetmila.fr\/?post_type=product&#038;p=1875"},"modified":"2023-01-13T22:20:53","modified_gmt":"2023-01-13T21:20:53","slug":"charlottes-alimentaire-en-tissus","status":"publish","type":"product","link":"https:\/\/lescreationsdemaxetmila.com\/index.php\/produit\/charlottes-alimentaire-en-tissus\/","title":{"rendered":"Charlottes Alimentaire en Tissus"},"content":{"rendered":"<ul>\n<li>En tissu coton enduit certifi\u00e9 Oekotex, imperm\u00e9able il limite les odeurs dans votre r\u00e9frig\u00e9rateur.<\/li>\n<li>Biais en coton avec un \u00e9lastique cousu \u00e0 l&rsquo;int\u00e9rieur afin de maintenir les charlottes herm\u00e9tiques.<\/li>\n<li>Lot de 2 charlottes qui conviennent pour des plats de 27 cm et 22 cm ou plus petit.<\/li>\n<li>lavage en machine \u00e0 30 ou 40 degr\u00e9s<\/li>\n<li>Ne se repasse pas, et ne passe pas au s\u00e8che linge.<\/li>\n<li>En stock, envoi rapide<\/li>\n<\/ul>\n","protected":false},"excerpt":{"rendered":"<p style=\"text-align: center;\"><em>Ces petites charlottes couvre plats servent \u00e0 remplacer le film alimentaire jetable que l&rsquo;on place sur les aliments que l&rsquo;on souhaite stocker au frigo. Elle se place simplement sur les bols, assiettes, casseroles, ou plat \u00e0 quiche afin de prot\u00e9ger les denr\u00e9es. Le coton enduit \u00e0 des propri\u00e9t\u00e9s imperm\u00e9able et limite les odeurs. Votre frigo reste propre, vos aliments sont \u00e0 l&rsquo;abri et vous diminuez vos d\u00e9chets! <\/em><\/p>\n<p style=\"text-align: center;\"><em>La plan\u00e8te vous dit Merci! Et Nous aussi! <\/em><\/p>\n<p style=\"text-align: center;\"><em>Made With Love<\/em><\/p>\n","protected":false},"featured_media":1929,"template":"","meta":[],"product_cat":[143],"product_tag":[],"class_list":["post-1875","product","type-product","status-publish","has-post-thumbnail","hentry","product_cat-charlottes"],"yoast_head":"<!-- This site is optimized with the Yoast SEO plugin v24.9 - https:\/\/yoast.com\/wordpress\/plugins\/seo\/ -->\n<title>Charlottes Alimentaire en Tissus - Les Cr\u00e9ations de Max et Mila<\/title>\n<meta name=\"description\" content=\"Charlottes couvre plats en tissus, z\u00e9ro d\u00e9chet, \u00e9cologique et pratique pour les petits plats cuisin\u00e9s, fabriqu\u00e9 \u00e0 la main \u00e0 Toulouse.\" \/>\n<meta name=\"robots\" content=\"index, follow, max-snippet:-1, max-image-preview:large, max-video-preview:-1\" \/>\n<link rel=\"canonical\" href=\"https:\/\/lescreationsdemaxetmila.com\/index.php\/produit\/charlottes-alimentaire-en-tissus\/\" \/>\n<meta property=\"og:locale\" content=\"fr_FR\" \/>\n<meta property=\"og:type\" content=\"article\" \/>\n<meta property=\"og:title\" content=\"Charlottes Alimentaire en Tissus - Les Cr\u00e9ations de Max et Mila\" \/>\n<meta property=\"og:description\" content=\"Charlottes couvre plats en tissus, z\u00e9ro d\u00e9chet, \u00e9cologique et pratique pour les petits plats cuisin\u00e9s, fabriqu\u00e9 \u00e0 la main \u00e0 Toulouse.\" \/>\n<meta property=\"og:url\" content=\"https:\/\/lescreationsdemaxetmila.com\/index.php\/produit\/charlottes-alimentaire-en-tissus\/\" \/>\n<meta property=\"og:site_name\" content=\"Les Cr\u00e9ations de Max et Mila\" \/>\n<meta property=\"article:publisher\" content=\"https:\/\/www.facebook.com\/lescreationsdemaxetmila\" \/>\n<meta property=\"article:modified_time\" content=\"2023-01-13T21:20:53+00:00\" \/>\n<meta property=\"og:image\" content=\"https:\/\/lescreationsdemaxetmila.com\/wp-content\/uploads\/2022\/03\/IMG_20220315_174328-scaled.jpg\" \/>\n\t<meta property=\"og:image:width\" content=\"2560\" \/>\n\t<meta property=\"og:image:height\" content=\"1922\" \/>\n\t<meta property=\"og:image:type\" content=\"image\/jpeg\" \/>\n<meta name=\"twitter:card\" content=\"summary_large_image\" \/>\n<meta name=\"twitter:label1\" content=\"Dur\u00e9e de lecture estim\u00e9e\" \/>\n\t<meta name=\"twitter:data1\" content=\"1 minute\" \/>\n<script type=\"application\/ld+json\" class=\"yoast-schema-graph\">{\"@context\":\"https:\/\/schema.org\",\"@graph\":[{\"@type\":\"WebPage\",\"@id\":\"https:\/\/lescreationsdemaxetmila.com\/index.php\/produit\/charlottes-alimentaire-en-tissus\/\",\"url\":\"https:\/\/lescreationsdemaxetmila.com\/index.php\/produit\/charlottes-alimentaire-en-tissus\/\",\"name\":\"Charlottes Alimentaire en Tissus - Les Cr\u00e9ations de Max et Mila\",\"isPartOf\":{\"@id\":\"https:\/\/lescreationsdemaxetmila.com\/#website\"},\"primaryImageOfPage\":{\"@id\":\"https:\/\/lescreationsdemaxetmila.com\/index.php\/produit\/charlottes-alimentaire-en-tissus\/#primaryimage\"},\"image\":{\"@id\":\"https:\/\/lescreationsdemaxetmila.com\/index.php\/produit\/charlottes-alimentaire-en-tissus\/#primaryimage\"},\"thumbnailUrl\":\"https:\/\/lescreationsdemaxetmila.com\/wp-content\/uploads\/2022\/03\/IMG_20220315_174328-scaled.jpg\",\"datePublished\":\"2022-03-23T21:10:12+00:00\",\"dateModified\":\"2023-01-13T21:20:53+00:00\",\"description\":\"Charlottes couvre plats en tissus, z\u00e9ro d\u00e9chet, \u00e9cologique et pratique pour les petits plats cuisin\u00e9s, fabriqu\u00e9 \u00e0 la main \u00e0 Toulouse.\",\"breadcrumb\":{\"@id\":\"https:\/\/lescreationsdemaxetmila.com\/index.php\/produit\/charlottes-alimentaire-en-tissus\/#breadcrumb\"},\"inLanguage\":\"fr-FR\",\"potentialAction\":[{\"@type\":\"ReadAction\",\"target\":[\"https:\/\/lescreationsdemaxetmila.com\/index.php\/produit\/charlottes-alimentaire-en-tissus\/\"]}]},{\"@type\":\"ImageObject\",\"inLanguage\":\"fr-FR\",\"@id\":\"https:\/\/lescreationsdemaxetmila.com\/index.php\/produit\/charlottes-alimentaire-en-tissus\/#primaryimage\",\"url\":\"https:\/\/lescreationsdemaxetmila.com\/wp-content\/uploads\/2022\/03\/IMG_20220315_174328-scaled.jpg\",\"contentUrl\":\"https:\/\/lescreationsdemaxetmila.com\/wp-content\/uploads\/2022\/03\/IMG_20220315_174328-scaled.jpg\",\"width\":2560,\"height\":1922},{\"@type\":\"BreadcrumbList\",\"@id\":\"https:\/\/lescreationsdemaxetmila.com\/index.php\/produit\/charlottes-alimentaire-en-tissus\/#breadcrumb\",\"itemListElement\":[{\"@type\":\"ListItem\",\"position\":1,\"name\":\"Accueil\",\"item\":\"https:\/\/lescreationsdemaxetmila.com\/\"},{\"@type\":\"ListItem\",\"position\":2,\"name\":\"Boutiques et Achats\",\"item\":\"https:\/\/lescreationsdemaxetmila.com\/index.php\/boutique-achat-en-ligne\/\"},{\"@type\":\"ListItem\",\"position\":3,\"name\":\"Charlottes Alimentaire en Tissus\"}]},{\"@type\":\"WebSite\",\"@id\":\"https:\/\/lescreationsdemaxetmila.com\/#website\",\"url\":\"https:\/\/lescreationsdemaxetmila.com\/\",\"name\":\"Les Cr\u00e9ations de Max et Mila\",\"description\":\"Accessoires Personnalisables et coutures \",\"publisher\":{\"@id\":\"https:\/\/lescreationsdemaxetmila.com\/#\/schema\/person\/adafbfe37674fc396b65d1692fc42472\"},\"alternateName\":\"Cr\u00e9ations couture accessoires pour b\u00e9b\u00e9s, enfants et toute la famille\",\"potentialAction\":[{\"@type\":\"SearchAction\",\"target\":{\"@type\":\"EntryPoint\",\"urlTemplate\":\"https:\/\/lescreationsdemaxetmila.com\/?s={search_term_string}\"},\"query-input\":{\"@type\":\"PropertyValueSpecification\",\"valueRequired\":true,\"valueName\":\"search_term_string\"}}],\"inLanguage\":\"fr-FR\"},{\"@type\":[\"Person\",\"Organization\"],\"@id\":\"https:\/\/lescreationsdemaxetmila.com\/#\/schema\/person\/adafbfe37674fc396b65d1692fc42472\",\"name\":\"Lucie\",\"image\":{\"@type\":\"ImageObject\",\"inLanguage\":\"fr-FR\",\"@id\":\"https:\/\/lescreationsdemaxetmila.com\/#\/schema\/person\/image\/\",\"url\":\"https:\/\/lescreationsdemaxetmila.com\/wp-content\/uploads\/2020\/11\/cropped-Maxetmilacouleur.png\",\"contentUrl\":\"https:\/\/lescreationsdemaxetmila.com\/wp-content\/uploads\/2020\/11\/cropped-Maxetmilacouleur.png\",\"width\":1389,\"height\":1370,\"caption\":\"Lucie\"},\"logo\":{\"@id\":\"https:\/\/lescreationsdemaxetmila.com\/#\/schema\/person\/image\/\"},\"sameAs\":[\"https:\/\/www.facebook.com\/lescreationsdemaxetmila\",\"https:\/\/www.instagram.com\/lescreationsdemaxetmila\/?hl=fr\"]}]}<\/script>\n<!-- \/ Yoast SEO plugin. -->","yoast_head_json":{"title":"Charlottes Alimentaire en Tissus - Les Cr\u00e9ations de Max et Mila","description":"Charlottes couvre plats en tissus, z\u00e9ro d\u00e9chet, \u00e9cologique et pratique pour les petits plats cuisin\u00e9s, fabriqu\u00e9 \u00e0 la main \u00e0 Toulouse.","robots":{"index":"index","follow":"follow","max-snippet":"max-snippet:-1","max-image-preview":"max-image-preview:large","max-video-preview":"max-video-preview:-1"},"canonical":"https:\/\/lescreationsdemaxetmila.com\/index.php\/produit\/charlottes-alimentaire-en-tissus\/","og_locale":"fr_FR","og_type":"article","og_title":"Charlottes Alimentaire en Tissus - Les Cr\u00e9ations de Max et Mila","og_description":"Charlottes couvre plats en tissus, z\u00e9ro d\u00e9chet, \u00e9cologique et pratique pour les petits plats cuisin\u00e9s, fabriqu\u00e9 \u00e0 la main \u00e0 Toulouse.","og_url":"https:\/\/lescreationsdemaxetmila.com\/index.php\/produit\/charlottes-alimentaire-en-tissus\/","og_site_name":"Les Cr\u00e9ations de Max et Mila","article_publisher":"https:\/\/www.facebook.com\/lescreationsdemaxetmila","article_modified_time":"2023-01-13T21:20:53+00:00","og_image":[{"width":2560,"height":1922,"url":"https:\/\/lescreationsdemaxetmila.com\/wp-content\/uploads\/2022\/03\/IMG_20220315_174328-scaled.jpg","type":"image\/jpeg"}],"twitter_card":"summary_large_image","twitter_misc":{"Dur\u00e9e de lecture estim\u00e9e":"1 minute"},"schema":{"@context":"https:\/\/schema.org","@graph":[{"@type":"WebPage","@id":"https:\/\/lescreationsdemaxetmila.com\/index.php\/produit\/charlottes-alimentaire-en-tissus\/","url":"https:\/\/lescreationsdemaxetmila.com\/index.php\/produit\/charlottes-alimentaire-en-tissus\/","name":"Charlottes Alimentaire en Tissus - Les Cr\u00e9ations de Max et Mila","isPartOf":{"@id":"https:\/\/lescreationsdemaxetmila.com\/#website"},"primaryImageOfPage":{"@id":"https:\/\/lescreationsdemaxetmila.com\/index.php\/produit\/charlottes-alimentaire-en-tissus\/#primaryimage"},"image":{"@id":"https:\/\/lescreationsdemaxetmila.com\/index.php\/produit\/charlottes-alimentaire-en-tissus\/#primaryimage"},"thumbnailUrl":"https:\/\/lescreationsdemaxetmila.com\/wp-content\/uploads\/2022\/03\/IMG_20220315_174328-scaled.jpg","datePublished":"2022-03-23T21:10:12+00:00","dateModified":"2023-01-13T21:20:53+00:00","description":"Charlottes couvre plats en tissus, z\u00e9ro d\u00e9chet, \u00e9cologique et pratique pour les petits plats cuisin\u00e9s, fabriqu\u00e9 \u00e0 la main \u00e0 Toulouse.","breadcrumb":{"@id":"https:\/\/lescreationsdemaxetmila.com\/index.php\/produit\/charlottes-alimentaire-en-tissus\/#breadcrumb"},"inLanguage":"fr-FR","potentialAction":[{"@type":"ReadAction","target":["https:\/\/lescreationsdemaxetmila.com\/index.php\/produit\/charlottes-alimentaire-en-tissus\/"]}]},{"@type":"ImageObject","inLanguage":"fr-FR","@id":"https:\/\/lescreationsdemaxetmila.com\/index.php\/produit\/charlottes-alimentaire-en-tissus\/#primaryimage","url":"https:\/\/lescreationsdemaxetmila.com\/wp-content\/uploads\/2022\/03\/IMG_20220315_174328-scaled.jpg","contentUrl":"https:\/\/lescreationsdemaxetmila.com\/wp-content\/uploads\/2022\/03\/IMG_20220315_174328-scaled.jpg","width":2560,"height":1922},{"@type":"BreadcrumbList","@id":"https:\/\/lescreationsdemaxetmila.com\/index.php\/produit\/charlottes-alimentaire-en-tissus\/#breadcrumb","itemListElement":[{"@type":"ListItem","position":1,"name":"Accueil","item":"https:\/\/lescreationsdemaxetmila.com\/"},{"@type":"ListItem","position":2,"name":"Boutiques et Achats","item":"https:\/\/lescreationsdemaxetmila.com\/index.php\/boutique-achat-en-ligne\/"},{"@type":"ListItem","position":3,"name":"Charlottes Alimentaire en Tissus"}]},{"@type":"WebSite","@id":"https:\/\/lescreationsdemaxetmila.com\/#website","url":"https:\/\/lescreationsdemaxetmila.com\/","name":"Les Cr\u00e9ations de Max et Mila","description":"Accessoires Personnalisables et coutures ","publisher":{"@id":"https:\/\/lescreationsdemaxetmila.com\/#\/schema\/person\/adafbfe37674fc396b65d1692fc42472"},"alternateName":"Cr\u00e9ations couture accessoires pour b\u00e9b\u00e9s, enfants et toute la famille","potentialAction":[{"@type":"SearchAction","target":{"@type":"EntryPoint","urlTemplate":"https:\/\/lescreationsdemaxetmila.com\/?s={search_term_string}"},"query-input":{"@type":"PropertyValueSpecification","valueRequired":true,"valueName":"search_term_string"}}],"inLanguage":"fr-FR"},{"@type":["Person","Organization"],"@id":"https:\/\/lescreationsdemaxetmila.com\/#\/schema\/person\/adafbfe37674fc396b65d1692fc42472","name":"Lucie","image":{"@type":"ImageObject","inLanguage":"fr-FR","@id":"https:\/\/lescreationsdemaxetmila.com\/#\/schema\/person\/image\/","url":"https:\/\/lescreationsdemaxetmila.com\/wp-content\/uploads\/2020\/11\/cropped-Maxetmilacouleur.png","contentUrl":"https:\/\/lescreationsdemaxetmila.com\/wp-content\/uploads\/2020\/11\/cropped-Maxetmilacouleur.png","width":1389,"height":1370,"caption":"Lucie"},"logo":{"@id":"https:\/\/lescreationsdemaxetmila.com\/#\/schema\/person\/image\/"},"sameAs":["https:\/\/www.facebook.com\/lescreationsdemaxetmila","https:\/\/www.instagram.com\/lescreationsdemaxetmila\/?hl=fr"]}]}},"jetpack_sharing_enabled":true,"_links":{"self":[{"href":"https:\/\/lescreationsdemaxetmila.com\/index.php\/wp-json\/wp\/v2\/product\/1875","targetHints":{"allow":["GET"]}}],"collection":[{"href":"https:\/\/lescreationsdemaxetmila.com\/index.php\/wp-json\/wp\/v2\/product"}],"about":[{"href":"https:\/\/lescreationsdemaxetmila.com\/index.php\/wp-json\/wp\/v2\/types\/product"}],"wp:featuredmedia":[{"embeddable":true,"href":"https:\/\/lescreationsdemaxetmila.com\/index.php\/wp-json\/wp\/v2\/media\/1929"}],"wp:attachment":[{"href":"https:\/\/lescreationsdemaxetmila.com\/index.php\/wp-json\/wp\/v2\/media?parent=1875"}],"wp:term":[{"taxonomy":"product_cat","embeddable":true,"href":"https:\/\/lescreationsdemaxetmila.com\/index.php\/wp-json\/wp\/v2\/product_cat?post=1875"},{"taxonomy":"product_tag","embeddable":true,"href":"https:\/\/lescreationsdemaxetmila.com\/index.php\/wp-json\/wp\/v2\/product_tag?post=1875"}],"curies":[{"name":"wp","href":"https:\/\/api.w.org\/{rel}","templated":true}]}}