{"id":1992,"date":"2022-03-25T12:58:44","date_gmt":"2022-03-25T11:58:44","guid":{"rendered":"https:\/\/lescreationsdemaxetmila.fr\/?post_type=product&#038;p=1992"},"modified":"2024-01-18T21:03:11","modified_gmt":"2024-01-18T20:03:11","slug":"gant-de-toilette-en-coton-bio","status":"publish","type":"product","link":"https:\/\/lescreationsdemaxetmila.com\/index.php\/produit\/gant-de-toilette-en-coton-bio\/","title":{"rendered":"Gant de toilette en \u00e9ponge bio"},"content":{"rendered":"<ul>\n<li>Les gants de toilettes sont fabriqu\u00e9s \u00e0 la main, il sont con\u00e7us avec mes chutes de tissus \u00e9ponges de coton blanche bio et avec des chutes de tissus oekotex ou bio.<\/li>\n<li>Plusieurs motifs sont disponibles aux choix (variable en fonction des chutes de tissus)<\/li>\n<li>Leur taille est d&rsquo;environ 17 cm x 14 cm<\/li>\n<li>Ils sont enti\u00e8rement fait \u00e0 la main<\/li>\n<li>Il s sont tr\u00e8s utiles pour se laver le visage\u00a0 ou le corps<\/li>\n<li>Possibilit\u00e9 de cr\u00e9ations sur mesure pour cela RDV dans la rubrique contact<\/li>\n<li>En stock envoi rapide<\/li>\n<\/ul>\n","protected":false},"excerpt":{"rendered":"<p style=\"text-align: center;\"><em>Le gant de toilette, article ind\u00e9modable depuis des g\u00e9n\u00e9rations, pratique au quotidien pour les petits et les grands pour faire sa toilette ou pour se d\u00e9barbouiller le visage. Fabriqu\u00e9 avec des chutes de tissus Oekotex ou bio, \u00e0 vous de choisir votre motif! <\/em><\/p>\n<p style=\"text-align: center;\"><em>Made With Love <\/em><\/p>\n","protected":false},"featured_media":1994,"template":"","meta":[],"product_cat":[155],"product_tag":[],"class_list":["post-1992","product","type-product","status-publish","has-post-thumbnail","hentry","product_cat-gants-de-toilette"],"yoast_head":"<!-- This site is optimized with the Yoast SEO plugin v24.9 - https:\/\/yoast.com\/wordpress\/plugins\/seo\/ -->\n<title>Gant de toilette en \u00e9ponge bio - Les Cr\u00e9ations de Max et Mila<\/title>\n<meta name=\"description\" content=\"Gant de toilette en coton bio, fabriqu\u00e9 \u00e0 la main \u00e0 Tournefeuille pr\u00e8s de Toulouse, en tissus Oekotex et coton imprim\u00e9 au choix\" \/>\n<meta name=\"robots\" content=\"index, follow, max-snippet:-1, max-image-preview:large, max-video-preview:-1\" \/>\n<link rel=\"canonical\" href=\"https:\/\/lescreationsdemaxetmila.com\/index.php\/produit\/gant-de-toilette-en-coton-bio\/\" \/>\n<meta property=\"og:locale\" content=\"fr_FR\" \/>\n<meta property=\"og:type\" content=\"article\" \/>\n<meta property=\"og:title\" content=\"Gant de toilette en \u00e9ponge bio - Les Cr\u00e9ations de Max et Mila\" \/>\n<meta property=\"og:description\" content=\"Gant de toilette en coton bio, fabriqu\u00e9 \u00e0 la main \u00e0 Tournefeuille pr\u00e8s de Toulouse, en tissus Oekotex et coton imprim\u00e9 au choix\" \/>\n<meta property=\"og:url\" content=\"https:\/\/lescreationsdemaxetmila.com\/index.php\/produit\/gant-de-toilette-en-coton-bio\/\" \/>\n<meta property=\"og:site_name\" content=\"Les Cr\u00e9ations de Max et Mila\" \/>\n<meta property=\"article:publisher\" content=\"https:\/\/www.facebook.com\/lescreationsdemaxetmila\" \/>\n<meta property=\"article:modified_time\" content=\"2024-01-18T20:03:11+00:00\" \/>\n<meta property=\"og:image\" content=\"https:\/\/lescreationsdemaxetmila.com\/wp-content\/uploads\/2022\/03\/IMG_20220323_132136-scaled.jpg\" \/>\n\t<meta property=\"og:image:width\" content=\"2560\" \/>\n\t<meta property=\"og:image:height\" content=\"1922\" \/>\n\t<meta property=\"og:image:type\" content=\"image\/jpeg\" \/>\n<meta name=\"twitter:card\" content=\"summary_large_image\" \/>\n<meta name=\"twitter:label1\" content=\"Dur\u00e9e de lecture estim\u00e9e\" \/>\n\t<meta name=\"twitter:data1\" content=\"1 minute\" \/>\n<script type=\"application\/ld+json\" class=\"yoast-schema-graph\">{\"@context\":\"https:\/\/schema.org\",\"@graph\":[{\"@type\":\"WebPage\",\"@id\":\"https:\/\/lescreationsdemaxetmila.com\/index.php\/produit\/gant-de-toilette-en-coton-bio\/\",\"url\":\"https:\/\/lescreationsdemaxetmila.com\/index.php\/produit\/gant-de-toilette-en-coton-bio\/\",\"name\":\"Gant de toilette en \u00e9ponge bio - Les Cr\u00e9ations de Max et Mila\",\"isPartOf\":{\"@id\":\"https:\/\/lescreationsdemaxetmila.com\/#website\"},\"primaryImageOfPage\":{\"@id\":\"https:\/\/lescreationsdemaxetmila.com\/index.php\/produit\/gant-de-toilette-en-coton-bio\/#primaryimage\"},\"image\":{\"@id\":\"https:\/\/lescreationsdemaxetmila.com\/index.php\/produit\/gant-de-toilette-en-coton-bio\/#primaryimage\"},\"thumbnailUrl\":\"https:\/\/lescreationsdemaxetmila.com\/wp-content\/uploads\/2022\/03\/IMG_20220323_132136-scaled.jpg\",\"datePublished\":\"2022-03-25T11:58:44+00:00\",\"dateModified\":\"2024-01-18T20:03:11+00:00\",\"description\":\"Gant de toilette en coton bio, fabriqu\u00e9 \u00e0 la main \u00e0 Tournefeuille pr\u00e8s de Toulouse, en tissus Oekotex et coton imprim\u00e9 au choix\",\"breadcrumb\":{\"@id\":\"https:\/\/lescreationsdemaxetmila.com\/index.php\/produit\/gant-de-toilette-en-coton-bio\/#breadcrumb\"},\"inLanguage\":\"fr-FR\",\"potentialAction\":[{\"@type\":\"ReadAction\",\"target\":[\"https:\/\/lescreationsdemaxetmila.com\/index.php\/produit\/gant-de-toilette-en-coton-bio\/\"]}]},{\"@type\":\"ImageObject\",\"inLanguage\":\"fr-FR\",\"@id\":\"https:\/\/lescreationsdemaxetmila.com\/index.php\/produit\/gant-de-toilette-en-coton-bio\/#primaryimage\",\"url\":\"https:\/\/lescreationsdemaxetmila.com\/wp-content\/uploads\/2022\/03\/IMG_20220323_132136-scaled.jpg\",\"contentUrl\":\"https:\/\/lescreationsdemaxetmila.com\/wp-content\/uploads\/2022\/03\/IMG_20220323_132136-scaled.jpg\",\"width\":2560,\"height\":1922},{\"@type\":\"BreadcrumbList\",\"@id\":\"https:\/\/lescreationsdemaxetmila.com\/index.php\/produit\/gant-de-toilette-en-coton-bio\/#breadcrumb\",\"itemListElement\":[{\"@type\":\"ListItem\",\"position\":1,\"name\":\"Accueil\",\"item\":\"https:\/\/lescreationsdemaxetmila.com\/\"},{\"@type\":\"ListItem\",\"position\":2,\"name\":\"Boutiques et Achats\",\"item\":\"https:\/\/lescreationsdemaxetmila.com\/index.php\/boutique-achat-en-ligne\/\"},{\"@type\":\"ListItem\",\"position\":3,\"name\":\"Gant de toilette en \u00e9ponge bio\"}]},{\"@type\":\"WebSite\",\"@id\":\"https:\/\/lescreationsdemaxetmila.com\/#website\",\"url\":\"https:\/\/lescreationsdemaxetmila.com\/\",\"name\":\"Les Cr\u00e9ations de Max et Mila\",\"description\":\"Accessoires Personnalisables et coutures \",\"publisher\":{\"@id\":\"https:\/\/lescreationsdemaxetmila.com\/#\/schema\/person\/adafbfe37674fc396b65d1692fc42472\"},\"alternateName\":\"Cr\u00e9ations couture accessoires pour b\u00e9b\u00e9s, enfants et toute la famille\",\"potentialAction\":[{\"@type\":\"SearchAction\",\"target\":{\"@type\":\"EntryPoint\",\"urlTemplate\":\"https:\/\/lescreationsdemaxetmila.com\/?s={search_term_string}\"},\"query-input\":{\"@type\":\"PropertyValueSpecification\",\"valueRequired\":true,\"valueName\":\"search_term_string\"}}],\"inLanguage\":\"fr-FR\"},{\"@type\":[\"Person\",\"Organization\"],\"@id\":\"https:\/\/lescreationsdemaxetmila.com\/#\/schema\/person\/adafbfe37674fc396b65d1692fc42472\",\"name\":\"Lucie\",\"image\":{\"@type\":\"ImageObject\",\"inLanguage\":\"fr-FR\",\"@id\":\"https:\/\/lescreationsdemaxetmila.com\/#\/schema\/person\/image\/\",\"url\":\"https:\/\/lescreationsdemaxetmila.com\/wp-content\/uploads\/2020\/11\/cropped-Maxetmilacouleur.png\",\"contentUrl\":\"https:\/\/lescreationsdemaxetmila.com\/wp-content\/uploads\/2020\/11\/cropped-Maxetmilacouleur.png\",\"width\":1389,\"height\":1370,\"caption\":\"Lucie\"},\"logo\":{\"@id\":\"https:\/\/lescreationsdemaxetmila.com\/#\/schema\/person\/image\/\"},\"sameAs\":[\"https:\/\/www.facebook.com\/lescreationsdemaxetmila\",\"https:\/\/www.instagram.com\/lescreationsdemaxetmila\/?hl=fr\"]}]}<\/script>\n<!-- \/ Yoast SEO plugin. -->","yoast_head_json":{"title":"Gant de toilette en \u00e9ponge bio - Les Cr\u00e9ations de Max et Mila","description":"Gant de toilette en coton bio, fabriqu\u00e9 \u00e0 la main \u00e0 Tournefeuille pr\u00e8s de Toulouse, en tissus Oekotex et coton imprim\u00e9 au choix","robots":{"index":"index","follow":"follow","max-snippet":"max-snippet:-1","max-image-preview":"max-image-preview:large","max-video-preview":"max-video-preview:-1"},"canonical":"https:\/\/lescreationsdemaxetmila.com\/index.php\/produit\/gant-de-toilette-en-coton-bio\/","og_locale":"fr_FR","og_type":"article","og_title":"Gant de toilette en \u00e9ponge bio - Les Cr\u00e9ations de Max et Mila","og_description":"Gant de toilette en coton bio, fabriqu\u00e9 \u00e0 la main \u00e0 Tournefeuille pr\u00e8s de Toulouse, en tissus Oekotex et coton imprim\u00e9 au choix","og_url":"https:\/\/lescreationsdemaxetmila.com\/index.php\/produit\/gant-de-toilette-en-coton-bio\/","og_site_name":"Les Cr\u00e9ations de Max et Mila","article_publisher":"https:\/\/www.facebook.com\/lescreationsdemaxetmila","article_modified_time":"2024-01-18T20:03:11+00:00","og_image":[{"width":2560,"height":1922,"url":"https:\/\/lescreationsdemaxetmila.com\/wp-content\/uploads\/2022\/03\/IMG_20220323_132136-scaled.jpg","type":"image\/jpeg"}],"twitter_card":"summary_large_image","twitter_misc":{"Dur\u00e9e de lecture estim\u00e9e":"1 minute"},"schema":{"@context":"https:\/\/schema.org","@graph":[{"@type":"WebPage","@id":"https:\/\/lescreationsdemaxetmila.com\/index.php\/produit\/gant-de-toilette-en-coton-bio\/","url":"https:\/\/lescreationsdemaxetmila.com\/index.php\/produit\/gant-de-toilette-en-coton-bio\/","name":"Gant de toilette en \u00e9ponge bio - Les Cr\u00e9ations de Max et Mila","isPartOf":{"@id":"https:\/\/lescreationsdemaxetmila.com\/#website"},"primaryImageOfPage":{"@id":"https:\/\/lescreationsdemaxetmila.com\/index.php\/produit\/gant-de-toilette-en-coton-bio\/#primaryimage"},"image":{"@id":"https:\/\/lescreationsdemaxetmila.com\/index.php\/produit\/gant-de-toilette-en-coton-bio\/#primaryimage"},"thumbnailUrl":"https:\/\/lescreationsdemaxetmila.com\/wp-content\/uploads\/2022\/03\/IMG_20220323_132136-scaled.jpg","datePublished":"2022-03-25T11:58:44+00:00","dateModified":"2024-01-18T20:03:11+00:00","description":"Gant de toilette en coton bio, fabriqu\u00e9 \u00e0 la main \u00e0 Tournefeuille pr\u00e8s de Toulouse, en tissus Oekotex et coton imprim\u00e9 au choix","breadcrumb":{"@id":"https:\/\/lescreationsdemaxetmila.com\/index.php\/produit\/gant-de-toilette-en-coton-bio\/#breadcrumb"},"inLanguage":"fr-FR","potentialAction":[{"@type":"ReadAction","target":["https:\/\/lescreationsdemaxetmila.com\/index.php\/produit\/gant-de-toilette-en-coton-bio\/"]}]},{"@type":"ImageObject","inLanguage":"fr-FR","@id":"https:\/\/lescreationsdemaxetmila.com\/index.php\/produit\/gant-de-toilette-en-coton-bio\/#primaryimage","url":"https:\/\/lescreationsdemaxetmila.com\/wp-content\/uploads\/2022\/03\/IMG_20220323_132136-scaled.jpg","contentUrl":"https:\/\/lescreationsdemaxetmila.com\/wp-content\/uploads\/2022\/03\/IMG_20220323_132136-scaled.jpg","width":2560,"height":1922},{"@type":"BreadcrumbList","@id":"https:\/\/lescreationsdemaxetmila.com\/index.php\/produit\/gant-de-toilette-en-coton-bio\/#breadcrumb","itemListElement":[{"@type":"ListItem","position":1,"name":"Accueil","item":"https:\/\/lescreationsdemaxetmila.com\/"},{"@type":"ListItem","position":2,"name":"Boutiques et Achats","item":"https:\/\/lescreationsdemaxetmila.com\/index.php\/boutique-achat-en-ligne\/"},{"@type":"ListItem","position":3,"name":"Gant de toilette en \u00e9ponge bio"}]},{"@type":"WebSite","@id":"https:\/\/lescreationsdemaxetmila.com\/#website","url":"https:\/\/lescreationsdemaxetmila.com\/","name":"Les Cr\u00e9ations de Max et Mila","description":"Accessoires Personnalisables et coutures ","publisher":{"@id":"https:\/\/lescreationsdemaxetmila.com\/#\/schema\/person\/adafbfe37674fc396b65d1692fc42472"},"alternateName":"Cr\u00e9ations couture accessoires pour b\u00e9b\u00e9s, enfants et toute la famille","potentialAction":[{"@type":"SearchAction","target":{"@type":"EntryPoint","urlTemplate":"https:\/\/lescreationsdemaxetmila.com\/?s={search_term_string}"},"query-input":{"@type":"PropertyValueSpecification","valueRequired":true,"valueName":"search_term_string"}}],"inLanguage":"fr-FR"},{"@type":["Person","Organization"],"@id":"https:\/\/lescreationsdemaxetmila.com\/#\/schema\/person\/adafbfe37674fc396b65d1692fc42472","name":"Lucie","image":{"@type":"ImageObject","inLanguage":"fr-FR","@id":"https:\/\/lescreationsdemaxetmila.com\/#\/schema\/person\/image\/","url":"https:\/\/lescreationsdemaxetmila.com\/wp-content\/uploads\/2020\/11\/cropped-Maxetmilacouleur.png","contentUrl":"https:\/\/lescreationsdemaxetmila.com\/wp-content\/uploads\/2020\/11\/cropped-Maxetmilacouleur.png","width":1389,"height":1370,"caption":"Lucie"},"logo":{"@id":"https:\/\/lescreationsdemaxetmila.com\/#\/schema\/person\/image\/"},"sameAs":["https:\/\/www.facebook.com\/lescreationsdemaxetmila","https:\/\/www.instagram.com\/lescreationsdemaxetmila\/?hl=fr"]}]}},"jetpack_sharing_enabled":true,"_links":{"self":[{"href":"https:\/\/lescreationsdemaxetmila.com\/index.php\/wp-json\/wp\/v2\/product\/1992","targetHints":{"allow":["GET"]}}],"collection":[{"href":"https:\/\/lescreationsdemaxetmila.com\/index.php\/wp-json\/wp\/v2\/product"}],"about":[{"href":"https:\/\/lescreationsdemaxetmila.com\/index.php\/wp-json\/wp\/v2\/types\/product"}],"wp:featuredmedia":[{"embeddable":true,"href":"https:\/\/lescreationsdemaxetmila.com\/index.php\/wp-json\/wp\/v2\/media\/1994"}],"wp:attachment":[{"href":"https:\/\/lescreationsdemaxetmila.com\/index.php\/wp-json\/wp\/v2\/media?parent=1992"}],"wp:term":[{"taxonomy":"product_cat","embeddable":true,"href":"https:\/\/lescreationsdemaxetmila.com\/index.php\/wp-json\/wp\/v2\/product_cat?post=1992"},{"taxonomy":"product_tag","embeddable":true,"href":"https:\/\/lescreationsdemaxetmila.com\/index.php\/wp-json\/wp\/v2\/product_tag?post=1992"}],"curies":[{"name":"wp","href":"https:\/\/api.w.org\/{rel}","templated":true}]}}