{"id":2300,"date":"2022-10-30T16:57:51","date_gmt":"2022-10-30T15:57:51","guid":{"rendered":"https:\/\/lescreationsdemaxetmila.fr\/?post_type=product&#038;p=2300"},"modified":"2024-06-05T17:48:57","modified_gmt":"2024-06-05T15:48:57","slug":"protege-carnet-de-sante-personnalise-avec-broderie-du-prenom","status":"publish","type":"product","link":"https:\/\/lescreationsdemaxetmila.com\/index.php\/produit\/protege-carnet-de-sante-personnalise-avec-broderie-du-prenom\/","title":{"rendered":"Prot\u00e8ge Carnet de Sant\u00e9 personnalis\u00e9"},"content":{"rendered":"<ul>\n<li>Tissus motifs en coton et certifi\u00e9 Oekotex 100 ou bio GOTS, tissu uni teint en France, et biais brillant pour une note chic !<\/li>\n<li>la personnalisation est disponible soit par broderie soit par flocage.<\/li>\n<li>Plusieurs motifs sont disponible mais il est possible de cr\u00e9er cet article avec d &lsquo;autres tissu, pour cela RDV dans la rubrique \u00ab\u00a0contact\u00a0\u00bb<\/li>\n<li>La broderie sera assorti aux tissus choisis ou au ruban brillant, ainsi que le flocage.<\/li>\n<li>Lors de la r\u00e9alisation de cet article veillez \u00e0 bien renseigner votre num\u00e9ro de t\u00e9l\u00e9phone car une photo de confirmation vous sera envoy\u00e9 avant la broderie ou le flocage pour valider la couleur avec vous.<\/li>\n<li>Fermeture avec un bouton pression en r\u00e9sine<\/li>\n<li>Int\u00e9rieur coton imprim\u00e9 et uni<\/li>\n<li>Se lave en machine d\u00e9licat 30 degr\u00e9s, pas de s\u00e8che linge<\/li>\n<li>D\u00e9lais de confection variable en fonction des tissus et mat\u00e9riaux entre 1 et 3 semaines au maximum<\/li>\n<\/ul>\n","protected":false},"excerpt":{"rendered":"<p style=\"text-align: center;\"><em>\u00a0Des coloris doux et chic pour habiller le carnet de sant\u00e9 de votre tout petit ou de votre plus grand ! Il est personnalisable avec le pr\u00e9nom et plusieurs motifs sont disponible et si vous avez en t\u00eate un coloris bien aprticulier contactez moi!<br \/>\n<\/em><\/p>\n<p>&nbsp;<\/p>\n<p style=\"text-align: center;\"><em>Made With love<\/em><\/p>\n","protected":false},"featured_media":2288,"template":"","meta":[],"product_cat":[206,114],"product_tag":[],"class_list":["post-2300","product","type-product","status-publish","has-post-thumbnail","hentry","product_cat-autour-de-bebe","product_cat-proteges-carnet-de-sante-brode"],"yoast_head":"<!-- This site is optimized with the Yoast SEO plugin v24.9 - https:\/\/yoast.com\/wordpress\/plugins\/seo\/ -->\n<title>Prot\u00e8ge Carnet de Sant\u00e9 personnalis\u00e9 -<\/title>\n<meta name=\"description\" content=\"prot\u00e8ge carnet de sant\u00e9 cousu main, madein france, cr\u00e9ation Toulousaine, cadeau de naissance, ou pour b\u00e9b\u00e9, enfant, personalisable\" \/>\n<meta name=\"robots\" content=\"index, follow, max-snippet:-1, max-image-preview:large, max-video-preview:-1\" \/>\n<link rel=\"canonical\" href=\"https:\/\/lescreationsdemaxetmila.com\/index.php\/produit\/protege-carnet-de-sante-personnalise-avec-broderie-du-prenom\/\" \/>\n<meta property=\"og:locale\" content=\"fr_FR\" \/>\n<meta property=\"og:type\" content=\"article\" \/>\n<meta property=\"og:title\" content=\"Prot\u00e8ge Carnet de Sant\u00e9 personnalis\u00e9 -\" \/>\n<meta property=\"og:description\" content=\"prot\u00e8ge carnet de sant\u00e9 cousu main, madein france, cr\u00e9ation Toulousaine, cadeau de naissance, ou pour b\u00e9b\u00e9, enfant, personalisable\" \/>\n<meta property=\"og:url\" content=\"https:\/\/lescreationsdemaxetmila.com\/index.php\/produit\/protege-carnet-de-sante-personnalise-avec-broderie-du-prenom\/\" \/>\n<meta property=\"og:site_name\" content=\"Les Cr\u00e9ations de Max et Mila\" \/>\n<meta property=\"article:publisher\" content=\"https:\/\/www.facebook.com\/lescreationsdemaxetmila\" \/>\n<meta property=\"article:modified_time\" content=\"2024-06-05T15:48:57+00:00\" \/>\n<meta property=\"og:image\" content=\"https:\/\/lescreationsdemaxetmila.com\/wp-content\/uploads\/2022\/10\/IMG_20220913_094845-scaled.jpg\" \/>\n\t<meta property=\"og:image:width\" content=\"1922\" \/>\n\t<meta property=\"og:image:height\" content=\"2560\" \/>\n\t<meta property=\"og:image:type\" content=\"image\/jpeg\" \/>\n<meta name=\"twitter:card\" content=\"summary_large_image\" \/>\n<meta name=\"twitter:label1\" content=\"Dur\u00e9e de lecture estim\u00e9e\" \/>\n\t<meta name=\"twitter:data1\" content=\"1 minute\" \/>\n<script type=\"application\/ld+json\" class=\"yoast-schema-graph\">{\"@context\":\"https:\/\/schema.org\",\"@graph\":[{\"@type\":\"WebPage\",\"@id\":\"https:\/\/lescreationsdemaxetmila.com\/index.php\/produit\/protege-carnet-de-sante-personnalise-avec-broderie-du-prenom\/\",\"url\":\"https:\/\/lescreationsdemaxetmila.com\/index.php\/produit\/protege-carnet-de-sante-personnalise-avec-broderie-du-prenom\/\",\"name\":\"Prot\u00e8ge Carnet de Sant\u00e9 personnalis\u00e9 -\",\"isPartOf\":{\"@id\":\"https:\/\/lescreationsdemaxetmila.com\/#website\"},\"primaryImageOfPage\":{\"@id\":\"https:\/\/lescreationsdemaxetmila.com\/index.php\/produit\/protege-carnet-de-sante-personnalise-avec-broderie-du-prenom\/#primaryimage\"},\"image\":{\"@id\":\"https:\/\/lescreationsdemaxetmila.com\/index.php\/produit\/protege-carnet-de-sante-personnalise-avec-broderie-du-prenom\/#primaryimage\"},\"thumbnailUrl\":\"https:\/\/lescreationsdemaxetmila.com\/wp-content\/uploads\/2022\/10\/IMG_20220913_094845-scaled.jpg\",\"datePublished\":\"2022-10-30T15:57:51+00:00\",\"dateModified\":\"2024-06-05T15:48:57+00:00\",\"description\":\"prot\u00e8ge carnet de sant\u00e9 cousu main, madein france, cr\u00e9ation Toulousaine, cadeau de naissance, ou pour b\u00e9b\u00e9, enfant, personalisable\",\"breadcrumb\":{\"@id\":\"https:\/\/lescreationsdemaxetmila.com\/index.php\/produit\/protege-carnet-de-sante-personnalise-avec-broderie-du-prenom\/#breadcrumb\"},\"inLanguage\":\"fr-FR\",\"potentialAction\":[{\"@type\":\"ReadAction\",\"target\":[\"https:\/\/lescreationsdemaxetmila.com\/index.php\/produit\/protege-carnet-de-sante-personnalise-avec-broderie-du-prenom\/\"]}]},{\"@type\":\"ImageObject\",\"inLanguage\":\"fr-FR\",\"@id\":\"https:\/\/lescreationsdemaxetmila.com\/index.php\/produit\/protege-carnet-de-sante-personnalise-avec-broderie-du-prenom\/#primaryimage\",\"url\":\"https:\/\/lescreationsdemaxetmila.com\/wp-content\/uploads\/2022\/10\/IMG_20220913_094845-scaled.jpg\",\"contentUrl\":\"https:\/\/lescreationsdemaxetmila.com\/wp-content\/uploads\/2022\/10\/IMG_20220913_094845-scaled.jpg\",\"width\":1922,\"height\":2560},{\"@type\":\"BreadcrumbList\",\"@id\":\"https:\/\/lescreationsdemaxetmila.com\/index.php\/produit\/protege-carnet-de-sante-personnalise-avec-broderie-du-prenom\/#breadcrumb\",\"itemListElement\":[{\"@type\":\"ListItem\",\"position\":1,\"name\":\"Accueil\",\"item\":\"https:\/\/lescreationsdemaxetmila.com\/\"},{\"@type\":\"ListItem\",\"position\":2,\"name\":\"Boutiques et Achats\",\"item\":\"https:\/\/lescreationsdemaxetmila.com\/index.php\/boutique-achat-en-ligne\/\"},{\"@type\":\"ListItem\",\"position\":3,\"name\":\"Prot\u00e8ge Carnet de Sant\u00e9 personnalis\u00e9\"}]},{\"@type\":\"WebSite\",\"@id\":\"https:\/\/lescreationsdemaxetmila.com\/#website\",\"url\":\"https:\/\/lescreationsdemaxetmila.com\/\",\"name\":\"Les Cr\u00e9ations de Max et Mila\",\"description\":\"Accessoires Personnalisables et coutures \",\"publisher\":{\"@id\":\"https:\/\/lescreationsdemaxetmila.com\/#\/schema\/person\/adafbfe37674fc396b65d1692fc42472\"},\"alternateName\":\"Cr\u00e9ations couture accessoires pour b\u00e9b\u00e9s, enfants et toute la famille\",\"potentialAction\":[{\"@type\":\"SearchAction\",\"target\":{\"@type\":\"EntryPoint\",\"urlTemplate\":\"https:\/\/lescreationsdemaxetmila.com\/?s={search_term_string}\"},\"query-input\":{\"@type\":\"PropertyValueSpecification\",\"valueRequired\":true,\"valueName\":\"search_term_string\"}}],\"inLanguage\":\"fr-FR\"},{\"@type\":[\"Person\",\"Organization\"],\"@id\":\"https:\/\/lescreationsdemaxetmila.com\/#\/schema\/person\/adafbfe37674fc396b65d1692fc42472\",\"name\":\"Lucie\",\"image\":{\"@type\":\"ImageObject\",\"inLanguage\":\"fr-FR\",\"@id\":\"https:\/\/lescreationsdemaxetmila.com\/#\/schema\/person\/image\/\",\"url\":\"https:\/\/lescreationsdemaxetmila.com\/wp-content\/uploads\/2020\/11\/cropped-Maxetmilacouleur.png\",\"contentUrl\":\"https:\/\/lescreationsdemaxetmila.com\/wp-content\/uploads\/2020\/11\/cropped-Maxetmilacouleur.png\",\"width\":1389,\"height\":1370,\"caption\":\"Lucie\"},\"logo\":{\"@id\":\"https:\/\/lescreationsdemaxetmila.com\/#\/schema\/person\/image\/\"},\"sameAs\":[\"https:\/\/www.facebook.com\/lescreationsdemaxetmila\",\"https:\/\/www.instagram.com\/lescreationsdemaxetmila\/?hl=fr\"]}]}<\/script>\n<!-- \/ Yoast SEO plugin. -->","yoast_head_json":{"title":"Prot\u00e8ge Carnet de Sant\u00e9 personnalis\u00e9 -","description":"prot\u00e8ge carnet de sant\u00e9 cousu main, madein france, cr\u00e9ation Toulousaine, cadeau de naissance, ou pour b\u00e9b\u00e9, enfant, personalisable","robots":{"index":"index","follow":"follow","max-snippet":"max-snippet:-1","max-image-preview":"max-image-preview:large","max-video-preview":"max-video-preview:-1"},"canonical":"https:\/\/lescreationsdemaxetmila.com\/index.php\/produit\/protege-carnet-de-sante-personnalise-avec-broderie-du-prenom\/","og_locale":"fr_FR","og_type":"article","og_title":"Prot\u00e8ge Carnet de Sant\u00e9 personnalis\u00e9 -","og_description":"prot\u00e8ge carnet de sant\u00e9 cousu main, madein france, cr\u00e9ation Toulousaine, cadeau de naissance, ou pour b\u00e9b\u00e9, enfant, personalisable","og_url":"https:\/\/lescreationsdemaxetmila.com\/index.php\/produit\/protege-carnet-de-sante-personnalise-avec-broderie-du-prenom\/","og_site_name":"Les Cr\u00e9ations de Max et Mila","article_publisher":"https:\/\/www.facebook.com\/lescreationsdemaxetmila","article_modified_time":"2024-06-05T15:48:57+00:00","og_image":[{"width":1922,"height":2560,"url":"https:\/\/lescreationsdemaxetmila.com\/wp-content\/uploads\/2022\/10\/IMG_20220913_094845-scaled.jpg","type":"image\/jpeg"}],"twitter_card":"summary_large_image","twitter_misc":{"Dur\u00e9e de lecture estim\u00e9e":"1 minute"},"schema":{"@context":"https:\/\/schema.org","@graph":[{"@type":"WebPage","@id":"https:\/\/lescreationsdemaxetmila.com\/index.php\/produit\/protege-carnet-de-sante-personnalise-avec-broderie-du-prenom\/","url":"https:\/\/lescreationsdemaxetmila.com\/index.php\/produit\/protege-carnet-de-sante-personnalise-avec-broderie-du-prenom\/","name":"Prot\u00e8ge Carnet de Sant\u00e9 personnalis\u00e9 -","isPartOf":{"@id":"https:\/\/lescreationsdemaxetmila.com\/#website"},"primaryImageOfPage":{"@id":"https:\/\/lescreationsdemaxetmila.com\/index.php\/produit\/protege-carnet-de-sante-personnalise-avec-broderie-du-prenom\/#primaryimage"},"image":{"@id":"https:\/\/lescreationsdemaxetmila.com\/index.php\/produit\/protege-carnet-de-sante-personnalise-avec-broderie-du-prenom\/#primaryimage"},"thumbnailUrl":"https:\/\/lescreationsdemaxetmila.com\/wp-content\/uploads\/2022\/10\/IMG_20220913_094845-scaled.jpg","datePublished":"2022-10-30T15:57:51+00:00","dateModified":"2024-06-05T15:48:57+00:00","description":"prot\u00e8ge carnet de sant\u00e9 cousu main, madein france, cr\u00e9ation Toulousaine, cadeau de naissance, ou pour b\u00e9b\u00e9, enfant, personalisable","breadcrumb":{"@id":"https:\/\/lescreationsdemaxetmila.com\/index.php\/produit\/protege-carnet-de-sante-personnalise-avec-broderie-du-prenom\/#breadcrumb"},"inLanguage":"fr-FR","potentialAction":[{"@type":"ReadAction","target":["https:\/\/lescreationsdemaxetmila.com\/index.php\/produit\/protege-carnet-de-sante-personnalise-avec-broderie-du-prenom\/"]}]},{"@type":"ImageObject","inLanguage":"fr-FR","@id":"https:\/\/lescreationsdemaxetmila.com\/index.php\/produit\/protege-carnet-de-sante-personnalise-avec-broderie-du-prenom\/#primaryimage","url":"https:\/\/lescreationsdemaxetmila.com\/wp-content\/uploads\/2022\/10\/IMG_20220913_094845-scaled.jpg","contentUrl":"https:\/\/lescreationsdemaxetmila.com\/wp-content\/uploads\/2022\/10\/IMG_20220913_094845-scaled.jpg","width":1922,"height":2560},{"@type":"BreadcrumbList","@id":"https:\/\/lescreationsdemaxetmila.com\/index.php\/produit\/protege-carnet-de-sante-personnalise-avec-broderie-du-prenom\/#breadcrumb","itemListElement":[{"@type":"ListItem","position":1,"name":"Accueil","item":"https:\/\/lescreationsdemaxetmila.com\/"},{"@type":"ListItem","position":2,"name":"Boutiques et Achats","item":"https:\/\/lescreationsdemaxetmila.com\/index.php\/boutique-achat-en-ligne\/"},{"@type":"ListItem","position":3,"name":"Prot\u00e8ge Carnet de Sant\u00e9 personnalis\u00e9"}]},{"@type":"WebSite","@id":"https:\/\/lescreationsdemaxetmila.com\/#website","url":"https:\/\/lescreationsdemaxetmila.com\/","name":"Les Cr\u00e9ations de Max et Mila","description":"Accessoires Personnalisables et coutures ","publisher":{"@id":"https:\/\/lescreationsdemaxetmila.com\/#\/schema\/person\/adafbfe37674fc396b65d1692fc42472"},"alternateName":"Cr\u00e9ations couture accessoires pour b\u00e9b\u00e9s, enfants et toute la famille","potentialAction":[{"@type":"SearchAction","target":{"@type":"EntryPoint","urlTemplate":"https:\/\/lescreationsdemaxetmila.com\/?s={search_term_string}"},"query-input":{"@type":"PropertyValueSpecification","valueRequired":true,"valueName":"search_term_string"}}],"inLanguage":"fr-FR"},{"@type":["Person","Organization"],"@id":"https:\/\/lescreationsdemaxetmila.com\/#\/schema\/person\/adafbfe37674fc396b65d1692fc42472","name":"Lucie","image":{"@type":"ImageObject","inLanguage":"fr-FR","@id":"https:\/\/lescreationsdemaxetmila.com\/#\/schema\/person\/image\/","url":"https:\/\/lescreationsdemaxetmila.com\/wp-content\/uploads\/2020\/11\/cropped-Maxetmilacouleur.png","contentUrl":"https:\/\/lescreationsdemaxetmila.com\/wp-content\/uploads\/2020\/11\/cropped-Maxetmilacouleur.png","width":1389,"height":1370,"caption":"Lucie"},"logo":{"@id":"https:\/\/lescreationsdemaxetmila.com\/#\/schema\/person\/image\/"},"sameAs":["https:\/\/www.facebook.com\/lescreationsdemaxetmila","https:\/\/www.instagram.com\/lescreationsdemaxetmila\/?hl=fr"]}]}},"jetpack_sharing_enabled":true,"_links":{"self":[{"href":"https:\/\/lescreationsdemaxetmila.com\/index.php\/wp-json\/wp\/v2\/product\/2300","targetHints":{"allow":["GET"]}}],"collection":[{"href":"https:\/\/lescreationsdemaxetmila.com\/index.php\/wp-json\/wp\/v2\/product"}],"about":[{"href":"https:\/\/lescreationsdemaxetmila.com\/index.php\/wp-json\/wp\/v2\/types\/product"}],"wp:featuredmedia":[{"embeddable":true,"href":"https:\/\/lescreationsdemaxetmila.com\/index.php\/wp-json\/wp\/v2\/media\/2288"}],"wp:attachment":[{"href":"https:\/\/lescreationsdemaxetmila.com\/index.php\/wp-json\/wp\/v2\/media?parent=2300"}],"wp:term":[{"taxonomy":"product_cat","embeddable":true,"href":"https:\/\/lescreationsdemaxetmila.com\/index.php\/wp-json\/wp\/v2\/product_cat?post=2300"},{"taxonomy":"product_tag","embeddable":true,"href":"https:\/\/lescreationsdemaxetmila.com\/index.php\/wp-json\/wp\/v2\/product_tag?post=2300"}],"curies":[{"name":"wp","href":"https:\/\/api.w.org\/{rel}","templated":true}]}}