{"id":2317,"date":"2022-10-31T22:09:20","date_gmt":"2022-10-31T21:09:20","guid":{"rendered":"https:\/\/lescreationsdemaxetmila.fr\/?post_type=product&#038;p=2317"},"modified":"2024-01-13T19:50:15","modified_gmt":"2024-01-13T18:50:15","slug":"lingettes-lavables-demaquillant-soin-visage-et-bebe","status":"publish","type":"product","link":"https:\/\/lescreationsdemaxetmila.com\/index.php\/produit\/lingettes-lavables-demaquillant-soin-visage-et-bebe\/","title":{"rendered":"Les Petites Lingettes Lavables vendues par lot de 5"},"content":{"rendered":"<ul>\n<li>Lingettes lavables fabriqu\u00e9es en tissu 100% coton et \u00e9ponge de bambou velours, certifi\u00e9s Oekotex100 sans produits chimiques<\/li>\n<li>Ces lingettes peuvent servir pour se d\u00e9maquiller avec de l&rsquo;eau tout simplement ou votre lotion habituelle, pour faire les soins visages, ou pour le change de b\u00e9b\u00e9. A vous de trouver votre utilit\u00e9<\/li>\n<li>L&rsquo;entretien se fait en machine \u00e0 40 degr\u00e9s environ, repassage\u00a0 au fer doux, elles passent au s\u00e8che linge si besoin, blanchiment d\u00e9conseill\u00e9<\/li>\n<li>La Taille des lingettes est d&rsquo;environ 9cm X 9cm, une variation est possible car cet article est cousu main<\/li>\n<li>1 lot correspond \u00e0\u00a0 5 lingettes , 2 lots \u00e0 10 lingettes etc..<\/li>\n<li>En stock envoi rapide<\/li>\n<li>Une id\u00e9e de cadeau originale et unique pour toutes occasions, cousu main \u00e0 Tournefeuille pr\u00e8s de Toulouse.<\/li>\n<li>Possibilit\u00e9 de r\u00e9alisations sur commande, pour cela RDV dans la rubrique \u00ab\u00a0contact\u00a0\u00bb !<\/li>\n<\/ul>\n","protected":false},"excerpt":{"rendered":"<p style=\"text-align: center;\"><em>Les lingettes lavables s&rsquo;utilisent au quotidien pour se laver le visage avec du savon, pour se d\u00e9maquiller avec votre lotion habituelle, pour d\u00e9barbouiller les enfants apr\u00e8s le repas, ou pour le change des tous petits. Elles permettent de remplacer les cotons jetables et les lingettes pr\u00e9-impr\u00e9gn\u00e9es. Elles sont tr\u00e8s douces et faciles d&rsquo;entretien, les essayer c&rsquo;est les adopter !!<br \/>\n<\/em><\/p>\n<p style=\"text-align: center;\"><em>Made With Love <\/em><\/p>\n","protected":false},"featured_media":2493,"template":"","meta":[],"product_cat":[20],"product_tag":[],"class_list":["post-2317","product","type-product","status-publish","has-post-thumbnail","hentry","product_cat-lingettes-lavables","product_shipping_class-petit-volume"],"yoast_head":"<!-- This site is optimized with the Yoast SEO plugin v24.9 - https:\/\/yoast.com\/wordpress\/plugins\/seo\/ -->\n<title>- Les Cr\u00e9ations de Max et Mila Les Petites Lingettes Lavables vendues par lot de 5<\/title>\n<meta name=\"description\" content=\"lingettes lavables d\u00e9maquillant soin visage et b\u00e9b\u00e9, fait main a Tournefeuille pres de Toulouse, en tissus bio ou certifi\u00e9s Oekotex\" \/>\n<meta name=\"robots\" content=\"index, follow, max-snippet:-1, max-image-preview:large, max-video-preview:-1\" \/>\n<link rel=\"canonical\" href=\"https:\/\/lescreationsdemaxetmila.com\/index.php\/produit\/lingettes-lavables-demaquillant-soin-visage-et-bebe\/\" \/>\n<meta property=\"og:locale\" content=\"fr_FR\" \/>\n<meta property=\"og:type\" content=\"article\" \/>\n<meta property=\"og:title\" content=\"lingettes lavables de No\u00ebl\" \/>\n<meta property=\"og:description\" content=\"id\u00e9e de cadeau original et unique, les lingettes lavables \u00e9cologique et \u00e9conomique\" \/>\n<meta property=\"og:url\" content=\"https:\/\/lescreationsdemaxetmila.com\/index.php\/produit\/lingettes-lavables-demaquillant-soin-visage-et-bebe\/\" \/>\n<meta property=\"og:site_name\" content=\"Les Cr\u00e9ations de Max et Mila\" \/>\n<meta property=\"article:publisher\" content=\"https:\/\/www.facebook.com\/lescreationsdemaxetmila\" \/>\n<meta property=\"article:modified_time\" content=\"2024-01-13T18:50:15+00:00\" \/>\n<meta property=\"og:image\" content=\"https:\/\/lescreationsdemaxetmila.com\/wp-content\/uploads\/2022\/10\/IMG_20220929_155205-scaled.jpg\" \/>\n\t<meta property=\"og:image:width\" content=\"1922\" \/>\n\t<meta property=\"og:image:height\" content=\"2560\" \/>\n\t<meta property=\"og:image:type\" content=\"image\/jpeg\" \/>\n<meta name=\"twitter:card\" content=\"summary_large_image\" \/>\n<meta name=\"twitter:label1\" content=\"Dur\u00e9e de lecture estim\u00e9e\" \/>\n\t<meta name=\"twitter:data1\" content=\"1 minute\" \/>\n<script type=\"application\/ld+json\" class=\"yoast-schema-graph\">{\"@context\":\"https:\/\/schema.org\",\"@graph\":[{\"@type\":\"WebPage\",\"@id\":\"https:\/\/lescreationsdemaxetmila.com\/index.php\/produit\/lingettes-lavables-demaquillant-soin-visage-et-bebe\/\",\"url\":\"https:\/\/lescreationsdemaxetmila.com\/index.php\/produit\/lingettes-lavables-demaquillant-soin-visage-et-bebe\/\",\"name\":\"- Les Cr\u00e9ations de Max et Mila Les Petites Lingettes Lavables vendues par lot de 5\",\"isPartOf\":{\"@id\":\"https:\/\/lescreationsdemaxetmila.com\/#website\"},\"primaryImageOfPage\":{\"@id\":\"https:\/\/lescreationsdemaxetmila.com\/index.php\/produit\/lingettes-lavables-demaquillant-soin-visage-et-bebe\/#primaryimage\"},\"image\":{\"@id\":\"https:\/\/lescreationsdemaxetmila.com\/index.php\/produit\/lingettes-lavables-demaquillant-soin-visage-et-bebe\/#primaryimage\"},\"thumbnailUrl\":\"https:\/\/lescreationsdemaxetmila.com\/wp-content\/uploads\/2023\/04\/1883-scaled.jpg\",\"datePublished\":\"2022-10-31T21:09:20+00:00\",\"dateModified\":\"2024-01-13T18:50:15+00:00\",\"description\":\"lingettes lavables d\u00e9maquillant soin visage et b\u00e9b\u00e9, fait main a Tournefeuille pres de Toulouse, en tissus bio ou certifi\u00e9s Oekotex\",\"breadcrumb\":{\"@id\":\"https:\/\/lescreationsdemaxetmila.com\/index.php\/produit\/lingettes-lavables-demaquillant-soin-visage-et-bebe\/#breadcrumb\"},\"inLanguage\":\"fr-FR\",\"potentialAction\":[{\"@type\":\"ReadAction\",\"target\":[\"https:\/\/lescreationsdemaxetmila.com\/index.php\/produit\/lingettes-lavables-demaquillant-soin-visage-et-bebe\/\"]}]},{\"@type\":\"ImageObject\",\"inLanguage\":\"fr-FR\",\"@id\":\"https:\/\/lescreationsdemaxetmila.com\/index.php\/produit\/lingettes-lavables-demaquillant-soin-visage-et-bebe\/#primaryimage\",\"url\":\"https:\/\/lescreationsdemaxetmila.com\/wp-content\/uploads\/2023\/04\/1883-scaled.jpg\",\"contentUrl\":\"https:\/\/lescreationsdemaxetmila.com\/wp-content\/uploads\/2023\/04\/1883-scaled.jpg\",\"width\":1920,\"height\":2560},{\"@type\":\"BreadcrumbList\",\"@id\":\"https:\/\/lescreationsdemaxetmila.com\/index.php\/produit\/lingettes-lavables-demaquillant-soin-visage-et-bebe\/#breadcrumb\",\"itemListElement\":[{\"@type\":\"ListItem\",\"position\":1,\"name\":\"Accueil\",\"item\":\"https:\/\/lescreationsdemaxetmila.com\/\"},{\"@type\":\"ListItem\",\"position\":2,\"name\":\"Boutiques et Achats\",\"item\":\"https:\/\/lescreationsdemaxetmila.com\/index.php\/boutique-achat-en-ligne\/\"},{\"@type\":\"ListItem\",\"position\":3,\"name\":\"Les Petites Lingettes Lavables vendues par lot de 5\"}]},{\"@type\":\"WebSite\",\"@id\":\"https:\/\/lescreationsdemaxetmila.com\/#website\",\"url\":\"https:\/\/lescreationsdemaxetmila.com\/\",\"name\":\"Les Cr\u00e9ations de Max et Mila\",\"description\":\"Accessoires Personnalisables et coutures \",\"publisher\":{\"@id\":\"https:\/\/lescreationsdemaxetmila.com\/#\/schema\/person\/adafbfe37674fc396b65d1692fc42472\"},\"alternateName\":\"Cr\u00e9ations couture accessoires pour b\u00e9b\u00e9s, enfants et toute la famille\",\"potentialAction\":[{\"@type\":\"SearchAction\",\"target\":{\"@type\":\"EntryPoint\",\"urlTemplate\":\"https:\/\/lescreationsdemaxetmila.com\/?s={search_term_string}\"},\"query-input\":{\"@type\":\"PropertyValueSpecification\",\"valueRequired\":true,\"valueName\":\"search_term_string\"}}],\"inLanguage\":\"fr-FR\"},{\"@type\":[\"Person\",\"Organization\"],\"@id\":\"https:\/\/lescreationsdemaxetmila.com\/#\/schema\/person\/adafbfe37674fc396b65d1692fc42472\",\"name\":\"Lucie\",\"image\":{\"@type\":\"ImageObject\",\"inLanguage\":\"fr-FR\",\"@id\":\"https:\/\/lescreationsdemaxetmila.com\/#\/schema\/person\/image\/\",\"url\":\"https:\/\/lescreationsdemaxetmila.com\/wp-content\/uploads\/2020\/11\/cropped-Maxetmilacouleur.png\",\"contentUrl\":\"https:\/\/lescreationsdemaxetmila.com\/wp-content\/uploads\/2020\/11\/cropped-Maxetmilacouleur.png\",\"width\":1389,\"height\":1370,\"caption\":\"Lucie\"},\"logo\":{\"@id\":\"https:\/\/lescreationsdemaxetmila.com\/#\/schema\/person\/image\/\"},\"sameAs\":[\"https:\/\/www.facebook.com\/lescreationsdemaxetmila\",\"https:\/\/www.instagram.com\/lescreationsdemaxetmila\/?hl=fr\"]}]}<\/script>\n<!-- \/ Yoast SEO plugin. -->","yoast_head_json":{"title":"- Les Cr\u00e9ations de Max et Mila Les Petites Lingettes Lavables vendues par lot de 5","description":"lingettes lavables d\u00e9maquillant soin visage et b\u00e9b\u00e9, fait main a Tournefeuille pres de Toulouse, en tissus bio ou certifi\u00e9s Oekotex","robots":{"index":"index","follow":"follow","max-snippet":"max-snippet:-1","max-image-preview":"max-image-preview:large","max-video-preview":"max-video-preview:-1"},"canonical":"https:\/\/lescreationsdemaxetmila.com\/index.php\/produit\/lingettes-lavables-demaquillant-soin-visage-et-bebe\/","og_locale":"fr_FR","og_type":"article","og_title":"lingettes lavables de No\u00ebl","og_description":"id\u00e9e de cadeau original et unique, les lingettes lavables \u00e9cologique et \u00e9conomique","og_url":"https:\/\/lescreationsdemaxetmila.com\/index.php\/produit\/lingettes-lavables-demaquillant-soin-visage-et-bebe\/","og_site_name":"Les Cr\u00e9ations de Max et Mila","article_publisher":"https:\/\/www.facebook.com\/lescreationsdemaxetmila","article_modified_time":"2024-01-13T18:50:15+00:00","og_image":[{"width":1922,"height":2560,"url":"https:\/\/lescreationsdemaxetmila.com\/wp-content\/uploads\/2022\/10\/IMG_20220929_155205-scaled.jpg","type":"image\/jpeg"}],"twitter_card":"summary_large_image","twitter_misc":{"Dur\u00e9e de lecture estim\u00e9e":"1 minute"},"schema":{"@context":"https:\/\/schema.org","@graph":[{"@type":"WebPage","@id":"https:\/\/lescreationsdemaxetmila.com\/index.php\/produit\/lingettes-lavables-demaquillant-soin-visage-et-bebe\/","url":"https:\/\/lescreationsdemaxetmila.com\/index.php\/produit\/lingettes-lavables-demaquillant-soin-visage-et-bebe\/","name":"- Les Cr\u00e9ations de Max et Mila Les Petites Lingettes Lavables vendues par lot de 5","isPartOf":{"@id":"https:\/\/lescreationsdemaxetmila.com\/#website"},"primaryImageOfPage":{"@id":"https:\/\/lescreationsdemaxetmila.com\/index.php\/produit\/lingettes-lavables-demaquillant-soin-visage-et-bebe\/#primaryimage"},"image":{"@id":"https:\/\/lescreationsdemaxetmila.com\/index.php\/produit\/lingettes-lavables-demaquillant-soin-visage-et-bebe\/#primaryimage"},"thumbnailUrl":"https:\/\/lescreationsdemaxetmila.com\/wp-content\/uploads\/2023\/04\/1883-scaled.jpg","datePublished":"2022-10-31T21:09:20+00:00","dateModified":"2024-01-13T18:50:15+00:00","description":"lingettes lavables d\u00e9maquillant soin visage et b\u00e9b\u00e9, fait main a Tournefeuille pres de Toulouse, en tissus bio ou certifi\u00e9s Oekotex","breadcrumb":{"@id":"https:\/\/lescreationsdemaxetmila.com\/index.php\/produit\/lingettes-lavables-demaquillant-soin-visage-et-bebe\/#breadcrumb"},"inLanguage":"fr-FR","potentialAction":[{"@type":"ReadAction","target":["https:\/\/lescreationsdemaxetmila.com\/index.php\/produit\/lingettes-lavables-demaquillant-soin-visage-et-bebe\/"]}]},{"@type":"ImageObject","inLanguage":"fr-FR","@id":"https:\/\/lescreationsdemaxetmila.com\/index.php\/produit\/lingettes-lavables-demaquillant-soin-visage-et-bebe\/#primaryimage","url":"https:\/\/lescreationsdemaxetmila.com\/wp-content\/uploads\/2023\/04\/1883-scaled.jpg","contentUrl":"https:\/\/lescreationsdemaxetmila.com\/wp-content\/uploads\/2023\/04\/1883-scaled.jpg","width":1920,"height":2560},{"@type":"BreadcrumbList","@id":"https:\/\/lescreationsdemaxetmila.com\/index.php\/produit\/lingettes-lavables-demaquillant-soin-visage-et-bebe\/#breadcrumb","itemListElement":[{"@type":"ListItem","position":1,"name":"Accueil","item":"https:\/\/lescreationsdemaxetmila.com\/"},{"@type":"ListItem","position":2,"name":"Boutiques et Achats","item":"https:\/\/lescreationsdemaxetmila.com\/index.php\/boutique-achat-en-ligne\/"},{"@type":"ListItem","position":3,"name":"Les Petites Lingettes Lavables vendues par lot de 5"}]},{"@type":"WebSite","@id":"https:\/\/lescreationsdemaxetmila.com\/#website","url":"https:\/\/lescreationsdemaxetmila.com\/","name":"Les Cr\u00e9ations de Max et Mila","description":"Accessoires Personnalisables et coutures ","publisher":{"@id":"https:\/\/lescreationsdemaxetmila.com\/#\/schema\/person\/adafbfe37674fc396b65d1692fc42472"},"alternateName":"Cr\u00e9ations couture accessoires pour b\u00e9b\u00e9s, enfants et toute la famille","potentialAction":[{"@type":"SearchAction","target":{"@type":"EntryPoint","urlTemplate":"https:\/\/lescreationsdemaxetmila.com\/?s={search_term_string}"},"query-input":{"@type":"PropertyValueSpecification","valueRequired":true,"valueName":"search_term_string"}}],"inLanguage":"fr-FR"},{"@type":["Person","Organization"],"@id":"https:\/\/lescreationsdemaxetmila.com\/#\/schema\/person\/adafbfe37674fc396b65d1692fc42472","name":"Lucie","image":{"@type":"ImageObject","inLanguage":"fr-FR","@id":"https:\/\/lescreationsdemaxetmila.com\/#\/schema\/person\/image\/","url":"https:\/\/lescreationsdemaxetmila.com\/wp-content\/uploads\/2020\/11\/cropped-Maxetmilacouleur.png","contentUrl":"https:\/\/lescreationsdemaxetmila.com\/wp-content\/uploads\/2020\/11\/cropped-Maxetmilacouleur.png","width":1389,"height":1370,"caption":"Lucie"},"logo":{"@id":"https:\/\/lescreationsdemaxetmila.com\/#\/schema\/person\/image\/"},"sameAs":["https:\/\/www.facebook.com\/lescreationsdemaxetmila","https:\/\/www.instagram.com\/lescreationsdemaxetmila\/?hl=fr"]}]}},"jetpack_sharing_enabled":true,"_links":{"self":[{"href":"https:\/\/lescreationsdemaxetmila.com\/index.php\/wp-json\/wp\/v2\/product\/2317","targetHints":{"allow":["GET"]}}],"collection":[{"href":"https:\/\/lescreationsdemaxetmila.com\/index.php\/wp-json\/wp\/v2\/product"}],"about":[{"href":"https:\/\/lescreationsdemaxetmila.com\/index.php\/wp-json\/wp\/v2\/types\/product"}],"wp:featuredmedia":[{"embeddable":true,"href":"https:\/\/lescreationsdemaxetmila.com\/index.php\/wp-json\/wp\/v2\/media\/2493"}],"wp:attachment":[{"href":"https:\/\/lescreationsdemaxetmila.com\/index.php\/wp-json\/wp\/v2\/media?parent=2317"}],"wp:term":[{"taxonomy":"product_cat","embeddable":true,"href":"https:\/\/lescreationsdemaxetmila.com\/index.php\/wp-json\/wp\/v2\/product_cat?post=2317"},{"taxonomy":"product_tag","embeddable":true,"href":"https:\/\/lescreationsdemaxetmila.com\/index.php\/wp-json\/wp\/v2\/product_tag?post=2317"}],"curies":[{"name":"wp","href":"https:\/\/api.w.org\/{rel}","templated":true}]}}