{"id":2554,"date":"2023-05-27T18:29:35","date_gmt":"2023-05-27T16:29:35","guid":{"rendered":"https:\/\/lescreationsdemaxetmila.fr\/?post_type=product&#038;p=2554"},"modified":"2024-05-14T16:59:09","modified_gmt":"2024-05-14T14:59:09","slug":"tapis-a-langer-nomade-flamand-lion","status":"publish","type":"product","link":"https:\/\/lescreationsdemaxetmila.com\/index.php\/produit\/tapis-a-langer-nomade-flamand-lion\/","title":{"rendered":"Tapis \u00e0 Langer Nomade"},"content":{"rendered":"<ul>\n<li>Tapis \u00e0 langer nomade fabriqu\u00e9 en tissu coton et \u00e9ponge de bambou velours, il replis en forme de pochette a l&rsquo;allure chic et pratique a ranger dans le sac a langer<\/li>\n<li>Motif aux choix avant la mise dans le panier<\/li>\n<li>Taille de l&rsquo;article pli\u00e9 environ 25 cm de long X 18 cm de haut<\/li>\n<li>Taille de l&rsquo;article d\u00e9pli\u00e9 environ 45 cm de large X 62 cm de hauteur<\/li>\n<li>La taille peux varier l\u00e9g\u00e8rement selon les articles car ils sont fabriqu\u00e9 \u00e0 la main!<\/li>\n<li>Lavage en machine \u00e0 30 degr\u00e9s d\u00e9licat<\/li>\n<li>Repassage fer doux<\/li>\n<li>Produit en stock<\/li>\n<li>Petite astuce avant de le replier, glissez la couche de b\u00e9b\u00e9 ainsi que 2 coton lavable pour \u00eatre pr\u00eat pour le prochain change de b\u00e9b\u00e9!<\/li>\n<li>Possibilit\u00e9 de cr\u00e9ation sur demande<\/li>\n<\/ul>\n","protected":false},"excerpt":{"rendered":"<p style=\"text-align: center;\"><em>Cette petite pochette tapis a langer nomade\u00a0 sera id\u00e9ale pour changer b\u00e9b\u00e9 lors de de vos balades. Elle vous accompagnera partout gr\u00e2ce \u00e0 son format compact et pratique.\u00a0 Elle est constitu\u00e9e d\u2019une face coton \u00e0 l\u2019ext\u00e9rieur de la pochette et d\u2019 une face \u00e9ponge de bambou douce a l\u2019int\u00e9rieur. Des tissus respectueux de la peau de b\u00e9b\u00e9 et de l\u2019environnement avec leur certification Oekotex. La pochette se referme gr\u00e2ce a un bouton pression.<br \/>\n<\/em><\/p>\n<p>&nbsp;<\/p>\n<p style=\"text-align: center;\"><em>Made With Love<\/em><\/p>\n","protected":false},"featured_media":3261,"template":"","meta":[],"product_cat":[140],"product_tag":[],"class_list":["post-2554","product","type-product","status-publish","has-post-thumbnail","hentry","product_cat-tapis-a-langer","product_shipping_class-petit-volume"],"yoast_head":"<!-- This site is optimized with the Yoast SEO plugin v24.9 - https:\/\/yoast.com\/wordpress\/plugins\/seo\/ -->\n<title>Tapis \u00e0 Langer Nomade - Les Cr\u00e9ations de Max et Mila<\/title>\n<meta name=\"description\" content=\"tapis a langer nomade, en tissu, fait main a Toulouse pour cadeau b\u00e9b\u00e9 naissance ou anniversaire les cr\u00e9ations de Max et Mila\" \/>\n<meta name=\"robots\" content=\"index, follow, max-snippet:-1, max-image-preview:large, max-video-preview:-1\" \/>\n<link rel=\"canonical\" href=\"https:\/\/lescreationsdemaxetmila.com\/index.php\/produit\/tapis-a-langer-nomade-flamand-lion\/\" \/>\n<meta property=\"og:locale\" content=\"fr_FR\" \/>\n<meta property=\"og:type\" content=\"article\" \/>\n<meta property=\"og:title\" content=\"Tapis \u00e0 Langer Nomade - Les Cr\u00e9ations de Max et Mila\" \/>\n<meta property=\"og:description\" content=\"tapis a langer nomade, en tissu, fait main a Toulouse pour cadeau b\u00e9b\u00e9 naissance ou anniversaire les cr\u00e9ations de Max et Mila\" \/>\n<meta property=\"og:url\" content=\"https:\/\/lescreationsdemaxetmila.com\/index.php\/produit\/tapis-a-langer-nomade-flamand-lion\/\" \/>\n<meta property=\"og:site_name\" content=\"Les Cr\u00e9ations de Max et Mila\" \/>\n<meta property=\"article:publisher\" content=\"https:\/\/www.facebook.com\/lescreationsdemaxetmila\" \/>\n<meta property=\"article:modified_time\" content=\"2024-05-14T14:59:09+00:00\" \/>\n<meta property=\"og:image\" content=\"https:\/\/lescreationsdemaxetmila.com\/wp-content\/uploads\/2024\/03\/125651-scaled.jpg\" \/>\n\t<meta property=\"og:image:width\" content=\"1922\" \/>\n\t<meta property=\"og:image:height\" content=\"2560\" \/>\n\t<meta property=\"og:image:type\" content=\"image\/jpeg\" \/>\n<meta name=\"twitter:card\" content=\"summary_large_image\" \/>\n<meta name=\"twitter:label1\" content=\"Dur\u00e9e de lecture estim\u00e9e\" \/>\n\t<meta name=\"twitter:data1\" content=\"1 minute\" \/>\n<script type=\"application\/ld+json\" class=\"yoast-schema-graph\">{\"@context\":\"https:\/\/schema.org\",\"@graph\":[{\"@type\":\"WebPage\",\"@id\":\"https:\/\/lescreationsdemaxetmila.com\/index.php\/produit\/tapis-a-langer-nomade-flamand-lion\/\",\"url\":\"https:\/\/lescreationsdemaxetmila.com\/index.php\/produit\/tapis-a-langer-nomade-flamand-lion\/\",\"name\":\"Tapis \u00e0 Langer Nomade - Les Cr\u00e9ations de Max et Mila\",\"isPartOf\":{\"@id\":\"https:\/\/lescreationsdemaxetmila.com\/#website\"},\"primaryImageOfPage\":{\"@id\":\"https:\/\/lescreationsdemaxetmila.com\/index.php\/produit\/tapis-a-langer-nomade-flamand-lion\/#primaryimage\"},\"image\":{\"@id\":\"https:\/\/lescreationsdemaxetmila.com\/index.php\/produit\/tapis-a-langer-nomade-flamand-lion\/#primaryimage\"},\"thumbnailUrl\":\"https:\/\/lescreationsdemaxetmila.com\/wp-content\/uploads\/2024\/03\/125651-scaled.jpg\",\"datePublished\":\"2023-05-27T16:29:35+00:00\",\"dateModified\":\"2024-05-14T14:59:09+00:00\",\"description\":\"tapis a langer nomade, en tissu, fait main a Toulouse pour cadeau b\u00e9b\u00e9 naissance ou anniversaire les cr\u00e9ations de Max et Mila\",\"breadcrumb\":{\"@id\":\"https:\/\/lescreationsdemaxetmila.com\/index.php\/produit\/tapis-a-langer-nomade-flamand-lion\/#breadcrumb\"},\"inLanguage\":\"fr-FR\",\"potentialAction\":[{\"@type\":\"ReadAction\",\"target\":[\"https:\/\/lescreationsdemaxetmila.com\/index.php\/produit\/tapis-a-langer-nomade-flamand-lion\/\"]}]},{\"@type\":\"ImageObject\",\"inLanguage\":\"fr-FR\",\"@id\":\"https:\/\/lescreationsdemaxetmila.com\/index.php\/produit\/tapis-a-langer-nomade-flamand-lion\/#primaryimage\",\"url\":\"https:\/\/lescreationsdemaxetmila.com\/wp-content\/uploads\/2024\/03\/125651-scaled.jpg\",\"contentUrl\":\"https:\/\/lescreationsdemaxetmila.com\/wp-content\/uploads\/2024\/03\/125651-scaled.jpg\",\"width\":1922,\"height\":2560},{\"@type\":\"BreadcrumbList\",\"@id\":\"https:\/\/lescreationsdemaxetmila.com\/index.php\/produit\/tapis-a-langer-nomade-flamand-lion\/#breadcrumb\",\"itemListElement\":[{\"@type\":\"ListItem\",\"position\":1,\"name\":\"Accueil\",\"item\":\"https:\/\/lescreationsdemaxetmila.com\/\"},{\"@type\":\"ListItem\",\"position\":2,\"name\":\"Boutiques et Achats\",\"item\":\"https:\/\/lescreationsdemaxetmila.com\/index.php\/boutique-achat-en-ligne\/\"},{\"@type\":\"ListItem\",\"position\":3,\"name\":\"Tapis \u00e0 Langer Nomade\"}]},{\"@type\":\"WebSite\",\"@id\":\"https:\/\/lescreationsdemaxetmila.com\/#website\",\"url\":\"https:\/\/lescreationsdemaxetmila.com\/\",\"name\":\"Les Cr\u00e9ations de Max et Mila\",\"description\":\"Accessoires Personnalisables et coutures \",\"publisher\":{\"@id\":\"https:\/\/lescreationsdemaxetmila.com\/#\/schema\/person\/adafbfe37674fc396b65d1692fc42472\"},\"alternateName\":\"Cr\u00e9ations couture accessoires pour b\u00e9b\u00e9s, enfants et toute la famille\",\"potentialAction\":[{\"@type\":\"SearchAction\",\"target\":{\"@type\":\"EntryPoint\",\"urlTemplate\":\"https:\/\/lescreationsdemaxetmila.com\/?s={search_term_string}\"},\"query-input\":{\"@type\":\"PropertyValueSpecification\",\"valueRequired\":true,\"valueName\":\"search_term_string\"}}],\"inLanguage\":\"fr-FR\"},{\"@type\":[\"Person\",\"Organization\"],\"@id\":\"https:\/\/lescreationsdemaxetmila.com\/#\/schema\/person\/adafbfe37674fc396b65d1692fc42472\",\"name\":\"Lucie\",\"image\":{\"@type\":\"ImageObject\",\"inLanguage\":\"fr-FR\",\"@id\":\"https:\/\/lescreationsdemaxetmila.com\/#\/schema\/person\/image\/\",\"url\":\"https:\/\/lescreationsdemaxetmila.com\/wp-content\/uploads\/2020\/11\/cropped-Maxetmilacouleur.png\",\"contentUrl\":\"https:\/\/lescreationsdemaxetmila.com\/wp-content\/uploads\/2020\/11\/cropped-Maxetmilacouleur.png\",\"width\":1389,\"height\":1370,\"caption\":\"Lucie\"},\"logo\":{\"@id\":\"https:\/\/lescreationsdemaxetmila.com\/#\/schema\/person\/image\/\"},\"sameAs\":[\"https:\/\/www.facebook.com\/lescreationsdemaxetmila\",\"https:\/\/www.instagram.com\/lescreationsdemaxetmila\/?hl=fr\"]}]}<\/script>\n<!-- \/ Yoast SEO plugin. -->","yoast_head_json":{"title":"Tapis \u00e0 Langer Nomade - Les Cr\u00e9ations de Max et Mila","description":"tapis a langer nomade, en tissu, fait main a Toulouse pour cadeau b\u00e9b\u00e9 naissance ou anniversaire les cr\u00e9ations de Max et Mila","robots":{"index":"index","follow":"follow","max-snippet":"max-snippet:-1","max-image-preview":"max-image-preview:large","max-video-preview":"max-video-preview:-1"},"canonical":"https:\/\/lescreationsdemaxetmila.com\/index.php\/produit\/tapis-a-langer-nomade-flamand-lion\/","og_locale":"fr_FR","og_type":"article","og_title":"Tapis \u00e0 Langer Nomade - Les Cr\u00e9ations de Max et Mila","og_description":"tapis a langer nomade, en tissu, fait main a Toulouse pour cadeau b\u00e9b\u00e9 naissance ou anniversaire les cr\u00e9ations de Max et Mila","og_url":"https:\/\/lescreationsdemaxetmila.com\/index.php\/produit\/tapis-a-langer-nomade-flamand-lion\/","og_site_name":"Les Cr\u00e9ations de Max et Mila","article_publisher":"https:\/\/www.facebook.com\/lescreationsdemaxetmila","article_modified_time":"2024-05-14T14:59:09+00:00","og_image":[{"width":1922,"height":2560,"url":"https:\/\/lescreationsdemaxetmila.com\/wp-content\/uploads\/2024\/03\/125651-scaled.jpg","type":"image\/jpeg"}],"twitter_card":"summary_large_image","twitter_misc":{"Dur\u00e9e de lecture estim\u00e9e":"1 minute"},"schema":{"@context":"https:\/\/schema.org","@graph":[{"@type":"WebPage","@id":"https:\/\/lescreationsdemaxetmila.com\/index.php\/produit\/tapis-a-langer-nomade-flamand-lion\/","url":"https:\/\/lescreationsdemaxetmila.com\/index.php\/produit\/tapis-a-langer-nomade-flamand-lion\/","name":"Tapis \u00e0 Langer Nomade - Les Cr\u00e9ations de Max et Mila","isPartOf":{"@id":"https:\/\/lescreationsdemaxetmila.com\/#website"},"primaryImageOfPage":{"@id":"https:\/\/lescreationsdemaxetmila.com\/index.php\/produit\/tapis-a-langer-nomade-flamand-lion\/#primaryimage"},"image":{"@id":"https:\/\/lescreationsdemaxetmila.com\/index.php\/produit\/tapis-a-langer-nomade-flamand-lion\/#primaryimage"},"thumbnailUrl":"https:\/\/lescreationsdemaxetmila.com\/wp-content\/uploads\/2024\/03\/125651-scaled.jpg","datePublished":"2023-05-27T16:29:35+00:00","dateModified":"2024-05-14T14:59:09+00:00","description":"tapis a langer nomade, en tissu, fait main a Toulouse pour cadeau b\u00e9b\u00e9 naissance ou anniversaire les cr\u00e9ations de Max et Mila","breadcrumb":{"@id":"https:\/\/lescreationsdemaxetmila.com\/index.php\/produit\/tapis-a-langer-nomade-flamand-lion\/#breadcrumb"},"inLanguage":"fr-FR","potentialAction":[{"@type":"ReadAction","target":["https:\/\/lescreationsdemaxetmila.com\/index.php\/produit\/tapis-a-langer-nomade-flamand-lion\/"]}]},{"@type":"ImageObject","inLanguage":"fr-FR","@id":"https:\/\/lescreationsdemaxetmila.com\/index.php\/produit\/tapis-a-langer-nomade-flamand-lion\/#primaryimage","url":"https:\/\/lescreationsdemaxetmila.com\/wp-content\/uploads\/2024\/03\/125651-scaled.jpg","contentUrl":"https:\/\/lescreationsdemaxetmila.com\/wp-content\/uploads\/2024\/03\/125651-scaled.jpg","width":1922,"height":2560},{"@type":"BreadcrumbList","@id":"https:\/\/lescreationsdemaxetmila.com\/index.php\/produit\/tapis-a-langer-nomade-flamand-lion\/#breadcrumb","itemListElement":[{"@type":"ListItem","position":1,"name":"Accueil","item":"https:\/\/lescreationsdemaxetmila.com\/"},{"@type":"ListItem","position":2,"name":"Boutiques et Achats","item":"https:\/\/lescreationsdemaxetmila.com\/index.php\/boutique-achat-en-ligne\/"},{"@type":"ListItem","position":3,"name":"Tapis \u00e0 Langer Nomade"}]},{"@type":"WebSite","@id":"https:\/\/lescreationsdemaxetmila.com\/#website","url":"https:\/\/lescreationsdemaxetmila.com\/","name":"Les Cr\u00e9ations de Max et Mila","description":"Accessoires Personnalisables et coutures ","publisher":{"@id":"https:\/\/lescreationsdemaxetmila.com\/#\/schema\/person\/adafbfe37674fc396b65d1692fc42472"},"alternateName":"Cr\u00e9ations couture accessoires pour b\u00e9b\u00e9s, enfants et toute la famille","potentialAction":[{"@type":"SearchAction","target":{"@type":"EntryPoint","urlTemplate":"https:\/\/lescreationsdemaxetmila.com\/?s={search_term_string}"},"query-input":{"@type":"PropertyValueSpecification","valueRequired":true,"valueName":"search_term_string"}}],"inLanguage":"fr-FR"},{"@type":["Person","Organization"],"@id":"https:\/\/lescreationsdemaxetmila.com\/#\/schema\/person\/adafbfe37674fc396b65d1692fc42472","name":"Lucie","image":{"@type":"ImageObject","inLanguage":"fr-FR","@id":"https:\/\/lescreationsdemaxetmila.com\/#\/schema\/person\/image\/","url":"https:\/\/lescreationsdemaxetmila.com\/wp-content\/uploads\/2020\/11\/cropped-Maxetmilacouleur.png","contentUrl":"https:\/\/lescreationsdemaxetmila.com\/wp-content\/uploads\/2020\/11\/cropped-Maxetmilacouleur.png","width":1389,"height":1370,"caption":"Lucie"},"logo":{"@id":"https:\/\/lescreationsdemaxetmila.com\/#\/schema\/person\/image\/"},"sameAs":["https:\/\/www.facebook.com\/lescreationsdemaxetmila","https:\/\/www.instagram.com\/lescreationsdemaxetmila\/?hl=fr"]}]}},"jetpack_sharing_enabled":true,"_links":{"self":[{"href":"https:\/\/lescreationsdemaxetmila.com\/index.php\/wp-json\/wp\/v2\/product\/2554","targetHints":{"allow":["GET"]}}],"collection":[{"href":"https:\/\/lescreationsdemaxetmila.com\/index.php\/wp-json\/wp\/v2\/product"}],"about":[{"href":"https:\/\/lescreationsdemaxetmila.com\/index.php\/wp-json\/wp\/v2\/types\/product"}],"wp:featuredmedia":[{"embeddable":true,"href":"https:\/\/lescreationsdemaxetmila.com\/index.php\/wp-json\/wp\/v2\/media\/3261"}],"wp:attachment":[{"href":"https:\/\/lescreationsdemaxetmila.com\/index.php\/wp-json\/wp\/v2\/media?parent=2554"}],"wp:term":[{"taxonomy":"product_cat","embeddable":true,"href":"https:\/\/lescreationsdemaxetmila.com\/index.php\/wp-json\/wp\/v2\/product_cat?post=2554"},{"taxonomy":"product_tag","embeddable":true,"href":"https:\/\/lescreationsdemaxetmila.com\/index.php\/wp-json\/wp\/v2\/product_tag?post=2554"}],"curies":[{"name":"wp","href":"https:\/\/api.w.org\/{rel}","templated":true}]}}