{"id":2731,"date":"2023-10-27T15:22:40","date_gmt":"2023-10-27T13:22:40","guid":{"rendered":"https:\/\/lescreationsdemaxetmila.fr\/?post_type=product&#038;p=2731"},"modified":"2024-03-16T22:15:56","modified_gmt":"2024-03-16T21:15:56","slug":"mugs","status":"publish","type":"product","link":"https:\/\/lescreationsdemaxetmila.com\/index.php\/produit\/mugs\/","title":{"rendered":"Mugs motifs aux choix"},"content":{"rendered":"<ul>\n<li>Mug en c\u00e9ramique<\/li>\n<li>Choix du motif<\/li>\n<li>Contenance 320ml<\/li>\n<li>poignet en forme de \u00ab\u00a0C\u00a0\u00bb<\/li>\n<li>Taille 9.5 cm de hauteur et 8.2 cm de diam\u00e8tre<\/li>\n<li>Poids 360gr<\/li>\n<li>Couleur blanc brillant<\/li>\n<li>Lavage au lave vaisselles possible<\/li>\n<\/ul>\n","protected":false},"excerpt":{"rendered":"<p style=\"text-align: center;\"><em>Cette jolie tasse personalis\u00e9e sera un cadeau unique et pratique a offrir en toute occasion. Elle fera un cadeau unique et d\u00e9licat, dans l\u2019air du temps. Ce produit est lavable et passe m\u00eame au lave vaisselle, car le d\u00e9cor est \u00e0 base d\u2019encre transf\u00e9r\u00e9e sur le support, ce n\u2019est pas un sticker. Tout mes produits personnalis\u00e9s sont fabriqu\u00e9s avec amour dans mon petit atelier \u00e0 Tournefeuille. <\/em><\/p>\n<p>&nbsp;<\/p>\n","protected":false},"featured_media":2784,"template":"","meta":[],"product_cat":[201,219],"product_tag":[],"class_list":["post-2731","product","type-product","status-publish","has-post-thumbnail","hentry","product_cat-mugs-2","product_cat-selection-fete-des-meres"],"yoast_head":"<!-- This site is optimized with the Yoast SEO plugin v24.9 - https:\/\/yoast.com\/wordpress\/plugins\/seo\/ -->\n<title>Mugs motifs aux choix - Les Cr\u00e9ations de Max et Mila<\/title>\n<meta name=\"description\" content=\"Mugs cadeau personnalisable fait a tourne-feuille dans mon atelier par un proc\u00e9d\u00e9 de transfert d&#039;encre sp\u00e9cialis\u00e9e pour un cadeau unique\" \/>\n<meta name=\"robots\" content=\"index, follow, max-snippet:-1, max-image-preview:large, max-video-preview:-1\" \/>\n<link rel=\"canonical\" href=\"https:\/\/lescreationsdemaxetmila.com\/index.php\/produit\/mugs\/\" \/>\n<meta property=\"og:locale\" content=\"fr_FR\" \/>\n<meta property=\"og:type\" content=\"article\" \/>\n<meta property=\"og:title\" content=\"Mugs motifs aux choix - Les Cr\u00e9ations de Max et Mila\" \/>\n<meta property=\"og:description\" content=\"Mugs cadeau personnalisable fait a tourne-feuille dans mon atelier par un proc\u00e9d\u00e9 de transfert d&#039;encre sp\u00e9cialis\u00e9e pour un cadeau unique\" \/>\n<meta property=\"og:url\" content=\"https:\/\/lescreationsdemaxetmila.com\/index.php\/produit\/mugs\/\" \/>\n<meta property=\"og:site_name\" content=\"Les Cr\u00e9ations de Max et Mila\" \/>\n<meta property=\"article:publisher\" content=\"https:\/\/www.facebook.com\/lescreationsdemaxetmila\" \/>\n<meta property=\"article:modified_time\" content=\"2024-03-16T21:15:56+00:00\" \/>\n<meta property=\"og:image\" content=\"https:\/\/lescreationsdemaxetmila.com\/wp-content\/uploads\/2023\/10\/123998-scaled.jpg\" \/>\n\t<meta property=\"og:image:width\" content=\"1922\" \/>\n\t<meta property=\"og:image:height\" content=\"2560\" \/>\n\t<meta property=\"og:image:type\" content=\"image\/jpeg\" \/>\n<meta name=\"twitter:card\" content=\"summary_large_image\" \/>\n<meta name=\"twitter:label1\" content=\"Dur\u00e9e de lecture estim\u00e9e\" \/>\n\t<meta name=\"twitter:data1\" content=\"1 minute\" \/>\n<script type=\"application\/ld+json\" class=\"yoast-schema-graph\">{\"@context\":\"https:\/\/schema.org\",\"@graph\":[{\"@type\":\"WebPage\",\"@id\":\"https:\/\/lescreationsdemaxetmila.com\/index.php\/produit\/mugs\/\",\"url\":\"https:\/\/lescreationsdemaxetmila.com\/index.php\/produit\/mugs\/\",\"name\":\"Mugs motifs aux choix - Les Cr\u00e9ations de Max et Mila\",\"isPartOf\":{\"@id\":\"https:\/\/lescreationsdemaxetmila.com\/#website\"},\"primaryImageOfPage\":{\"@id\":\"https:\/\/lescreationsdemaxetmila.com\/index.php\/produit\/mugs\/#primaryimage\"},\"image\":{\"@id\":\"https:\/\/lescreationsdemaxetmila.com\/index.php\/produit\/mugs\/#primaryimage\"},\"thumbnailUrl\":\"https:\/\/lescreationsdemaxetmila.com\/wp-content\/uploads\/2023\/10\/123998-scaled.jpg\",\"datePublished\":\"2023-10-27T13:22:40+00:00\",\"dateModified\":\"2024-03-16T21:15:56+00:00\",\"description\":\"Mugs cadeau personnalisable fait a tourne-feuille dans mon atelier par un proc\u00e9d\u00e9 de transfert d'encre sp\u00e9cialis\u00e9e pour un cadeau unique\",\"breadcrumb\":{\"@id\":\"https:\/\/lescreationsdemaxetmila.com\/index.php\/produit\/mugs\/#breadcrumb\"},\"inLanguage\":\"fr-FR\",\"potentialAction\":[{\"@type\":\"ReadAction\",\"target\":[\"https:\/\/lescreationsdemaxetmila.com\/index.php\/produit\/mugs\/\"]}]},{\"@type\":\"ImageObject\",\"inLanguage\":\"fr-FR\",\"@id\":\"https:\/\/lescreationsdemaxetmila.com\/index.php\/produit\/mugs\/#primaryimage\",\"url\":\"https:\/\/lescreationsdemaxetmila.com\/wp-content\/uploads\/2023\/10\/123998-scaled.jpg\",\"contentUrl\":\"https:\/\/lescreationsdemaxetmila.com\/wp-content\/uploads\/2023\/10\/123998-scaled.jpg\",\"width\":1922,\"height\":2560},{\"@type\":\"BreadcrumbList\",\"@id\":\"https:\/\/lescreationsdemaxetmila.com\/index.php\/produit\/mugs\/#breadcrumb\",\"itemListElement\":[{\"@type\":\"ListItem\",\"position\":1,\"name\":\"Accueil\",\"item\":\"https:\/\/lescreationsdemaxetmila.com\/\"},{\"@type\":\"ListItem\",\"position\":2,\"name\":\"Boutiques et Achats\",\"item\":\"https:\/\/lescreationsdemaxetmila.com\/index.php\/boutique-achat-en-ligne\/\"},{\"@type\":\"ListItem\",\"position\":3,\"name\":\"Mugs motifs aux choix\"}]},{\"@type\":\"WebSite\",\"@id\":\"https:\/\/lescreationsdemaxetmila.com\/#website\",\"url\":\"https:\/\/lescreationsdemaxetmila.com\/\",\"name\":\"Les Cr\u00e9ations de Max et Mila\",\"description\":\"Accessoires Personnalisables et coutures \",\"publisher\":{\"@id\":\"https:\/\/lescreationsdemaxetmila.com\/#\/schema\/person\/adafbfe37674fc396b65d1692fc42472\"},\"alternateName\":\"Cr\u00e9ations couture accessoires pour b\u00e9b\u00e9s, enfants et toute la famille\",\"potentialAction\":[{\"@type\":\"SearchAction\",\"target\":{\"@type\":\"EntryPoint\",\"urlTemplate\":\"https:\/\/lescreationsdemaxetmila.com\/?s={search_term_string}\"},\"query-input\":{\"@type\":\"PropertyValueSpecification\",\"valueRequired\":true,\"valueName\":\"search_term_string\"}}],\"inLanguage\":\"fr-FR\"},{\"@type\":[\"Person\",\"Organization\"],\"@id\":\"https:\/\/lescreationsdemaxetmila.com\/#\/schema\/person\/adafbfe37674fc396b65d1692fc42472\",\"name\":\"Lucie\",\"image\":{\"@type\":\"ImageObject\",\"inLanguage\":\"fr-FR\",\"@id\":\"https:\/\/lescreationsdemaxetmila.com\/#\/schema\/person\/image\/\",\"url\":\"https:\/\/lescreationsdemaxetmila.com\/wp-content\/uploads\/2020\/11\/cropped-Maxetmilacouleur.png\",\"contentUrl\":\"https:\/\/lescreationsdemaxetmila.com\/wp-content\/uploads\/2020\/11\/cropped-Maxetmilacouleur.png\",\"width\":1389,\"height\":1370,\"caption\":\"Lucie\"},\"logo\":{\"@id\":\"https:\/\/lescreationsdemaxetmila.com\/#\/schema\/person\/image\/\"},\"sameAs\":[\"https:\/\/www.facebook.com\/lescreationsdemaxetmila\",\"https:\/\/www.instagram.com\/lescreationsdemaxetmila\/?hl=fr\"]}]}<\/script>\n<!-- \/ Yoast SEO plugin. -->","yoast_head_json":{"title":"Mugs motifs aux choix - Les Cr\u00e9ations de Max et Mila","description":"Mugs cadeau personnalisable fait a tourne-feuille dans mon atelier par un proc\u00e9d\u00e9 de transfert d'encre sp\u00e9cialis\u00e9e pour un cadeau unique","robots":{"index":"index","follow":"follow","max-snippet":"max-snippet:-1","max-image-preview":"max-image-preview:large","max-video-preview":"max-video-preview:-1"},"canonical":"https:\/\/lescreationsdemaxetmila.com\/index.php\/produit\/mugs\/","og_locale":"fr_FR","og_type":"article","og_title":"Mugs motifs aux choix - Les Cr\u00e9ations de Max et Mila","og_description":"Mugs cadeau personnalisable fait a tourne-feuille dans mon atelier par un proc\u00e9d\u00e9 de transfert d'encre sp\u00e9cialis\u00e9e pour un cadeau unique","og_url":"https:\/\/lescreationsdemaxetmila.com\/index.php\/produit\/mugs\/","og_site_name":"Les Cr\u00e9ations de Max et Mila","article_publisher":"https:\/\/www.facebook.com\/lescreationsdemaxetmila","article_modified_time":"2024-03-16T21:15:56+00:00","og_image":[{"width":1922,"height":2560,"url":"https:\/\/lescreationsdemaxetmila.com\/wp-content\/uploads\/2023\/10\/123998-scaled.jpg","type":"image\/jpeg"}],"twitter_card":"summary_large_image","twitter_misc":{"Dur\u00e9e de lecture estim\u00e9e":"1 minute"},"schema":{"@context":"https:\/\/schema.org","@graph":[{"@type":"WebPage","@id":"https:\/\/lescreationsdemaxetmila.com\/index.php\/produit\/mugs\/","url":"https:\/\/lescreationsdemaxetmila.com\/index.php\/produit\/mugs\/","name":"Mugs motifs aux choix - Les Cr\u00e9ations de Max et Mila","isPartOf":{"@id":"https:\/\/lescreationsdemaxetmila.com\/#website"},"primaryImageOfPage":{"@id":"https:\/\/lescreationsdemaxetmila.com\/index.php\/produit\/mugs\/#primaryimage"},"image":{"@id":"https:\/\/lescreationsdemaxetmila.com\/index.php\/produit\/mugs\/#primaryimage"},"thumbnailUrl":"https:\/\/lescreationsdemaxetmila.com\/wp-content\/uploads\/2023\/10\/123998-scaled.jpg","datePublished":"2023-10-27T13:22:40+00:00","dateModified":"2024-03-16T21:15:56+00:00","description":"Mugs cadeau personnalisable fait a tourne-feuille dans mon atelier par un proc\u00e9d\u00e9 de transfert d'encre sp\u00e9cialis\u00e9e pour un cadeau unique","breadcrumb":{"@id":"https:\/\/lescreationsdemaxetmila.com\/index.php\/produit\/mugs\/#breadcrumb"},"inLanguage":"fr-FR","potentialAction":[{"@type":"ReadAction","target":["https:\/\/lescreationsdemaxetmila.com\/index.php\/produit\/mugs\/"]}]},{"@type":"ImageObject","inLanguage":"fr-FR","@id":"https:\/\/lescreationsdemaxetmila.com\/index.php\/produit\/mugs\/#primaryimage","url":"https:\/\/lescreationsdemaxetmila.com\/wp-content\/uploads\/2023\/10\/123998-scaled.jpg","contentUrl":"https:\/\/lescreationsdemaxetmila.com\/wp-content\/uploads\/2023\/10\/123998-scaled.jpg","width":1922,"height":2560},{"@type":"BreadcrumbList","@id":"https:\/\/lescreationsdemaxetmila.com\/index.php\/produit\/mugs\/#breadcrumb","itemListElement":[{"@type":"ListItem","position":1,"name":"Accueil","item":"https:\/\/lescreationsdemaxetmila.com\/"},{"@type":"ListItem","position":2,"name":"Boutiques et Achats","item":"https:\/\/lescreationsdemaxetmila.com\/index.php\/boutique-achat-en-ligne\/"},{"@type":"ListItem","position":3,"name":"Mugs motifs aux choix"}]},{"@type":"WebSite","@id":"https:\/\/lescreationsdemaxetmila.com\/#website","url":"https:\/\/lescreationsdemaxetmila.com\/","name":"Les Cr\u00e9ations de Max et Mila","description":"Accessoires Personnalisables et coutures ","publisher":{"@id":"https:\/\/lescreationsdemaxetmila.com\/#\/schema\/person\/adafbfe37674fc396b65d1692fc42472"},"alternateName":"Cr\u00e9ations couture accessoires pour b\u00e9b\u00e9s, enfants et toute la famille","potentialAction":[{"@type":"SearchAction","target":{"@type":"EntryPoint","urlTemplate":"https:\/\/lescreationsdemaxetmila.com\/?s={search_term_string}"},"query-input":{"@type":"PropertyValueSpecification","valueRequired":true,"valueName":"search_term_string"}}],"inLanguage":"fr-FR"},{"@type":["Person","Organization"],"@id":"https:\/\/lescreationsdemaxetmila.com\/#\/schema\/person\/adafbfe37674fc396b65d1692fc42472","name":"Lucie","image":{"@type":"ImageObject","inLanguage":"fr-FR","@id":"https:\/\/lescreationsdemaxetmila.com\/#\/schema\/person\/image\/","url":"https:\/\/lescreationsdemaxetmila.com\/wp-content\/uploads\/2020\/11\/cropped-Maxetmilacouleur.png","contentUrl":"https:\/\/lescreationsdemaxetmila.com\/wp-content\/uploads\/2020\/11\/cropped-Maxetmilacouleur.png","width":1389,"height":1370,"caption":"Lucie"},"logo":{"@id":"https:\/\/lescreationsdemaxetmila.com\/#\/schema\/person\/image\/"},"sameAs":["https:\/\/www.facebook.com\/lescreationsdemaxetmila","https:\/\/www.instagram.com\/lescreationsdemaxetmila\/?hl=fr"]}]}},"jetpack_sharing_enabled":true,"_links":{"self":[{"href":"https:\/\/lescreationsdemaxetmila.com\/index.php\/wp-json\/wp\/v2\/product\/2731","targetHints":{"allow":["GET"]}}],"collection":[{"href":"https:\/\/lescreationsdemaxetmila.com\/index.php\/wp-json\/wp\/v2\/product"}],"about":[{"href":"https:\/\/lescreationsdemaxetmila.com\/index.php\/wp-json\/wp\/v2\/types\/product"}],"wp:featuredmedia":[{"embeddable":true,"href":"https:\/\/lescreationsdemaxetmila.com\/index.php\/wp-json\/wp\/v2\/media\/2784"}],"wp:attachment":[{"href":"https:\/\/lescreationsdemaxetmila.com\/index.php\/wp-json\/wp\/v2\/media?parent=2731"}],"wp:term":[{"taxonomy":"product_cat","embeddable":true,"href":"https:\/\/lescreationsdemaxetmila.com\/index.php\/wp-json\/wp\/v2\/product_cat?post=2731"},{"taxonomy":"product_tag","embeddable":true,"href":"https:\/\/lescreationsdemaxetmila.com\/index.php\/wp-json\/wp\/v2\/product_tag?post=2731"}],"curies":[{"name":"wp","href":"https:\/\/api.w.org\/{rel}","templated":true}]}}