{"id":2884,"date":"2023-11-26T21:23:14","date_gmt":"2023-11-26T20:23:14","guid":{"rendered":"https:\/\/lescreationsdemaxetmila.fr\/?post_type=product&#038;p=2884"},"modified":"2023-11-26T23:36:38","modified_gmt":"2023-11-26T22:36:38","slug":"cartes-etapes-premiere-annee-de-bebe","status":"publish","type":"product","link":"https:\/\/lescreationsdemaxetmila.com\/index.php\/produit\/cartes-etapes-premiere-annee-de-bebe\/","title":{"rendered":"Cartes \u00e9tapes Premi\u00e8re Ann\u00e9e de B\u00e9b\u00e9"},"content":{"rendered":"<ul>\n<li>Cartes en papier cartonn\u00e9 250gr<\/li>\n<li>Format A5, 15 X 21 cm<\/li>\n<li>Finition soign\u00e9e avec les coins arrondit<\/li>\n<li>Fabriqu\u00e9 chez moi dans mon atelier<\/li>\n<li>Ce lot comporte 15 cartes allant de la \u00ab\u00a0semaine1\u00a0\u00bb au \u00ab\u00a01 an\u00a0\u00bb de b\u00e9b\u00e9<\/li>\n<li>Livraison en lettre suivi<\/li>\n<li>Choix entre impression\u00a0 recto simple et recto verso avec la partie souvenir au dos.<\/li>\n<\/ul>\n","protected":false},"excerpt":{"rendered":"<p style=\"text-align: center;\"><em>Les cartes \u00e9tapes sont tr\u00e8s \u00e0 la mode pour photographier b\u00e9b\u00e9 dans les grandes \u00e9tapes de sa vie, elles se d\u00e9clinent sur les semaines, les mois, les ann\u00e9es mais aussi sur les grands moments d&rsquo;une vie!<\/em><\/p>\n<p style=\"text-align: center;\"><em>Fabriqu\u00e9e en papier cartonn\u00e9 d&rsquo;une grande qualit\u00e9, des coins arrondis, le tout fabriqu\u00e9 chez moi \u00e0 Tournefeuille.<\/em><\/p>\n<p style=\"text-align: center;\"><em>Toujours Made With Love<\/em><\/p>\n","protected":false},"featured_media":2898,"template":"","meta":[],"product_cat":[209],"product_tag":[],"class_list":["post-2884","product","type-product","status-publish","has-post-thumbnail","hentry","product_cat-cartes-etapes","product_shipping_class-petit-volume"],"yoast_head":"<!-- This site is optimized with the Yoast SEO plugin v24.9 - https:\/\/yoast.com\/wordpress\/plugins\/seo\/ -->\n<title>Cartes \u00e9tapes Premi\u00e8re Ann\u00e9e de B\u00e9b\u00e9 - Les Cr\u00e9ations de Max et Mila<\/title>\n<meta name=\"description\" content=\"cartes \u00e9tapes b\u00e9b\u00e9 enfant souvenir premi\u00e8re ann\u00e9e pour photo et animations inscription souvenir et acquisitions cadeau naissance\" \/>\n<meta name=\"robots\" content=\"index, follow, max-snippet:-1, max-image-preview:large, max-video-preview:-1\" \/>\n<link rel=\"canonical\" href=\"https:\/\/lescreationsdemaxetmila.com\/index.php\/produit\/cartes-etapes-premiere-annee-de-bebe\/\" \/>\n<meta property=\"og:locale\" content=\"fr_FR\" \/>\n<meta property=\"og:type\" content=\"article\" \/>\n<meta property=\"og:title\" content=\"Cartes \u00e9tapes Premi\u00e8re Ann\u00e9e de B\u00e9b\u00e9 - Les Cr\u00e9ations de Max et Mila\" \/>\n<meta property=\"og:description\" content=\"cartes \u00e9tapes b\u00e9b\u00e9 enfant souvenir premi\u00e8re ann\u00e9e pour photo et animations inscription souvenir et acquisitions cadeau naissance\" \/>\n<meta property=\"og:url\" content=\"https:\/\/lescreationsdemaxetmila.com\/index.php\/produit\/cartes-etapes-premiere-annee-de-bebe\/\" \/>\n<meta property=\"og:site_name\" content=\"Les Cr\u00e9ations de Max et Mila\" \/>\n<meta property=\"article:publisher\" content=\"https:\/\/www.facebook.com\/lescreationsdemaxetmila\" \/>\n<meta property=\"article:modified_time\" content=\"2023-11-26T22:36:38+00:00\" \/>\n<meta property=\"og:image\" content=\"https:\/\/lescreationsdemaxetmila.com\/wp-content\/uploads\/2023\/11\/124672-1-scaled.jpg\" \/>\n\t<meta property=\"og:image:width\" content=\"1922\" \/>\n\t<meta property=\"og:image:height\" content=\"2560\" \/>\n\t<meta property=\"og:image:type\" content=\"image\/jpeg\" \/>\n<meta name=\"twitter:card\" content=\"summary_large_image\" \/>\n<meta name=\"twitter:label1\" content=\"Dur\u00e9e de lecture estim\u00e9e\" \/>\n\t<meta name=\"twitter:data1\" content=\"1 minute\" \/>\n<script type=\"application\/ld+json\" class=\"yoast-schema-graph\">{\"@context\":\"https:\/\/schema.org\",\"@graph\":[{\"@type\":\"WebPage\",\"@id\":\"https:\/\/lescreationsdemaxetmila.com\/index.php\/produit\/cartes-etapes-premiere-annee-de-bebe\/\",\"url\":\"https:\/\/lescreationsdemaxetmila.com\/index.php\/produit\/cartes-etapes-premiere-annee-de-bebe\/\",\"name\":\"Cartes \u00e9tapes Premi\u00e8re Ann\u00e9e de B\u00e9b\u00e9 - Les Cr\u00e9ations de Max et Mila\",\"isPartOf\":{\"@id\":\"https:\/\/lescreationsdemaxetmila.com\/#website\"},\"primaryImageOfPage\":{\"@id\":\"https:\/\/lescreationsdemaxetmila.com\/index.php\/produit\/cartes-etapes-premiere-annee-de-bebe\/#primaryimage\"},\"image\":{\"@id\":\"https:\/\/lescreationsdemaxetmila.com\/index.php\/produit\/cartes-etapes-premiere-annee-de-bebe\/#primaryimage\"},\"thumbnailUrl\":\"https:\/\/lescreationsdemaxetmila.com\/wp-content\/uploads\/2023\/11\/124672-1-scaled.jpg\",\"datePublished\":\"2023-11-26T20:23:14+00:00\",\"dateModified\":\"2023-11-26T22:36:38+00:00\",\"description\":\"cartes \u00e9tapes b\u00e9b\u00e9 enfant souvenir premi\u00e8re ann\u00e9e pour photo et animations inscription souvenir et acquisitions cadeau naissance\",\"breadcrumb\":{\"@id\":\"https:\/\/lescreationsdemaxetmila.com\/index.php\/produit\/cartes-etapes-premiere-annee-de-bebe\/#breadcrumb\"},\"inLanguage\":\"fr-FR\",\"potentialAction\":[{\"@type\":\"ReadAction\",\"target\":[\"https:\/\/lescreationsdemaxetmila.com\/index.php\/produit\/cartes-etapes-premiere-annee-de-bebe\/\"]}]},{\"@type\":\"ImageObject\",\"inLanguage\":\"fr-FR\",\"@id\":\"https:\/\/lescreationsdemaxetmila.com\/index.php\/produit\/cartes-etapes-premiere-annee-de-bebe\/#primaryimage\",\"url\":\"https:\/\/lescreationsdemaxetmila.com\/wp-content\/uploads\/2023\/11\/124672-1-scaled.jpg\",\"contentUrl\":\"https:\/\/lescreationsdemaxetmila.com\/wp-content\/uploads\/2023\/11\/124672-1-scaled.jpg\",\"width\":1922,\"height\":2560},{\"@type\":\"BreadcrumbList\",\"@id\":\"https:\/\/lescreationsdemaxetmila.com\/index.php\/produit\/cartes-etapes-premiere-annee-de-bebe\/#breadcrumb\",\"itemListElement\":[{\"@type\":\"ListItem\",\"position\":1,\"name\":\"Accueil\",\"item\":\"https:\/\/lescreationsdemaxetmila.com\/\"},{\"@type\":\"ListItem\",\"position\":2,\"name\":\"Boutiques et Achats\",\"item\":\"https:\/\/lescreationsdemaxetmila.com\/index.php\/boutique-achat-en-ligne\/\"},{\"@type\":\"ListItem\",\"position\":3,\"name\":\"Cartes \u00e9tapes Premi\u00e8re Ann\u00e9e de B\u00e9b\u00e9\"}]},{\"@type\":\"WebSite\",\"@id\":\"https:\/\/lescreationsdemaxetmila.com\/#website\",\"url\":\"https:\/\/lescreationsdemaxetmila.com\/\",\"name\":\"Les Cr\u00e9ations de Max et Mila\",\"description\":\"Accessoires Personnalisables et coutures \",\"publisher\":{\"@id\":\"https:\/\/lescreationsdemaxetmila.com\/#\/schema\/person\/adafbfe37674fc396b65d1692fc42472\"},\"alternateName\":\"Cr\u00e9ations couture accessoires pour b\u00e9b\u00e9s, enfants et toute la famille\",\"potentialAction\":[{\"@type\":\"SearchAction\",\"target\":{\"@type\":\"EntryPoint\",\"urlTemplate\":\"https:\/\/lescreationsdemaxetmila.com\/?s={search_term_string}\"},\"query-input\":{\"@type\":\"PropertyValueSpecification\",\"valueRequired\":true,\"valueName\":\"search_term_string\"}}],\"inLanguage\":\"fr-FR\"},{\"@type\":[\"Person\",\"Organization\"],\"@id\":\"https:\/\/lescreationsdemaxetmila.com\/#\/schema\/person\/adafbfe37674fc396b65d1692fc42472\",\"name\":\"Lucie\",\"image\":{\"@type\":\"ImageObject\",\"inLanguage\":\"fr-FR\",\"@id\":\"https:\/\/lescreationsdemaxetmila.com\/#\/schema\/person\/image\/\",\"url\":\"https:\/\/lescreationsdemaxetmila.com\/wp-content\/uploads\/2020\/11\/cropped-Maxetmilacouleur.png\",\"contentUrl\":\"https:\/\/lescreationsdemaxetmila.com\/wp-content\/uploads\/2020\/11\/cropped-Maxetmilacouleur.png\",\"width\":1389,\"height\":1370,\"caption\":\"Lucie\"},\"logo\":{\"@id\":\"https:\/\/lescreationsdemaxetmila.com\/#\/schema\/person\/image\/\"},\"sameAs\":[\"https:\/\/www.facebook.com\/lescreationsdemaxetmila\",\"https:\/\/www.instagram.com\/lescreationsdemaxetmila\/?hl=fr\"]}]}<\/script>\n<!-- \/ Yoast SEO plugin. -->","yoast_head_json":{"title":"Cartes \u00e9tapes Premi\u00e8re Ann\u00e9e de B\u00e9b\u00e9 - Les Cr\u00e9ations de Max et Mila","description":"cartes \u00e9tapes b\u00e9b\u00e9 enfant souvenir premi\u00e8re ann\u00e9e pour photo et animations inscription souvenir et acquisitions cadeau naissance","robots":{"index":"index","follow":"follow","max-snippet":"max-snippet:-1","max-image-preview":"max-image-preview:large","max-video-preview":"max-video-preview:-1"},"canonical":"https:\/\/lescreationsdemaxetmila.com\/index.php\/produit\/cartes-etapes-premiere-annee-de-bebe\/","og_locale":"fr_FR","og_type":"article","og_title":"Cartes \u00e9tapes Premi\u00e8re Ann\u00e9e de B\u00e9b\u00e9 - Les Cr\u00e9ations de Max et Mila","og_description":"cartes \u00e9tapes b\u00e9b\u00e9 enfant souvenir premi\u00e8re ann\u00e9e pour photo et animations inscription souvenir et acquisitions cadeau naissance","og_url":"https:\/\/lescreationsdemaxetmila.com\/index.php\/produit\/cartes-etapes-premiere-annee-de-bebe\/","og_site_name":"Les Cr\u00e9ations de Max et Mila","article_publisher":"https:\/\/www.facebook.com\/lescreationsdemaxetmila","article_modified_time":"2023-11-26T22:36:38+00:00","og_image":[{"width":1922,"height":2560,"url":"https:\/\/lescreationsdemaxetmila.com\/wp-content\/uploads\/2023\/11\/124672-1-scaled.jpg","type":"image\/jpeg"}],"twitter_card":"summary_large_image","twitter_misc":{"Dur\u00e9e de lecture estim\u00e9e":"1 minute"},"schema":{"@context":"https:\/\/schema.org","@graph":[{"@type":"WebPage","@id":"https:\/\/lescreationsdemaxetmila.com\/index.php\/produit\/cartes-etapes-premiere-annee-de-bebe\/","url":"https:\/\/lescreationsdemaxetmila.com\/index.php\/produit\/cartes-etapes-premiere-annee-de-bebe\/","name":"Cartes \u00e9tapes Premi\u00e8re Ann\u00e9e de B\u00e9b\u00e9 - Les Cr\u00e9ations de Max et Mila","isPartOf":{"@id":"https:\/\/lescreationsdemaxetmila.com\/#website"},"primaryImageOfPage":{"@id":"https:\/\/lescreationsdemaxetmila.com\/index.php\/produit\/cartes-etapes-premiere-annee-de-bebe\/#primaryimage"},"image":{"@id":"https:\/\/lescreationsdemaxetmila.com\/index.php\/produit\/cartes-etapes-premiere-annee-de-bebe\/#primaryimage"},"thumbnailUrl":"https:\/\/lescreationsdemaxetmila.com\/wp-content\/uploads\/2023\/11\/124672-1-scaled.jpg","datePublished":"2023-11-26T20:23:14+00:00","dateModified":"2023-11-26T22:36:38+00:00","description":"cartes \u00e9tapes b\u00e9b\u00e9 enfant souvenir premi\u00e8re ann\u00e9e pour photo et animations inscription souvenir et acquisitions cadeau naissance","breadcrumb":{"@id":"https:\/\/lescreationsdemaxetmila.com\/index.php\/produit\/cartes-etapes-premiere-annee-de-bebe\/#breadcrumb"},"inLanguage":"fr-FR","potentialAction":[{"@type":"ReadAction","target":["https:\/\/lescreationsdemaxetmila.com\/index.php\/produit\/cartes-etapes-premiere-annee-de-bebe\/"]}]},{"@type":"ImageObject","inLanguage":"fr-FR","@id":"https:\/\/lescreationsdemaxetmila.com\/index.php\/produit\/cartes-etapes-premiere-annee-de-bebe\/#primaryimage","url":"https:\/\/lescreationsdemaxetmila.com\/wp-content\/uploads\/2023\/11\/124672-1-scaled.jpg","contentUrl":"https:\/\/lescreationsdemaxetmila.com\/wp-content\/uploads\/2023\/11\/124672-1-scaled.jpg","width":1922,"height":2560},{"@type":"BreadcrumbList","@id":"https:\/\/lescreationsdemaxetmila.com\/index.php\/produit\/cartes-etapes-premiere-annee-de-bebe\/#breadcrumb","itemListElement":[{"@type":"ListItem","position":1,"name":"Accueil","item":"https:\/\/lescreationsdemaxetmila.com\/"},{"@type":"ListItem","position":2,"name":"Boutiques et Achats","item":"https:\/\/lescreationsdemaxetmila.com\/index.php\/boutique-achat-en-ligne\/"},{"@type":"ListItem","position":3,"name":"Cartes \u00e9tapes Premi\u00e8re Ann\u00e9e de B\u00e9b\u00e9"}]},{"@type":"WebSite","@id":"https:\/\/lescreationsdemaxetmila.com\/#website","url":"https:\/\/lescreationsdemaxetmila.com\/","name":"Les Cr\u00e9ations de Max et Mila","description":"Accessoires Personnalisables et coutures ","publisher":{"@id":"https:\/\/lescreationsdemaxetmila.com\/#\/schema\/person\/adafbfe37674fc396b65d1692fc42472"},"alternateName":"Cr\u00e9ations couture accessoires pour b\u00e9b\u00e9s, enfants et toute la famille","potentialAction":[{"@type":"SearchAction","target":{"@type":"EntryPoint","urlTemplate":"https:\/\/lescreationsdemaxetmila.com\/?s={search_term_string}"},"query-input":{"@type":"PropertyValueSpecification","valueRequired":true,"valueName":"search_term_string"}}],"inLanguage":"fr-FR"},{"@type":["Person","Organization"],"@id":"https:\/\/lescreationsdemaxetmila.com\/#\/schema\/person\/adafbfe37674fc396b65d1692fc42472","name":"Lucie","image":{"@type":"ImageObject","inLanguage":"fr-FR","@id":"https:\/\/lescreationsdemaxetmila.com\/#\/schema\/person\/image\/","url":"https:\/\/lescreationsdemaxetmila.com\/wp-content\/uploads\/2020\/11\/cropped-Maxetmilacouleur.png","contentUrl":"https:\/\/lescreationsdemaxetmila.com\/wp-content\/uploads\/2020\/11\/cropped-Maxetmilacouleur.png","width":1389,"height":1370,"caption":"Lucie"},"logo":{"@id":"https:\/\/lescreationsdemaxetmila.com\/#\/schema\/person\/image\/"},"sameAs":["https:\/\/www.facebook.com\/lescreationsdemaxetmila","https:\/\/www.instagram.com\/lescreationsdemaxetmila\/?hl=fr"]}]}},"jetpack_sharing_enabled":true,"_links":{"self":[{"href":"https:\/\/lescreationsdemaxetmila.com\/index.php\/wp-json\/wp\/v2\/product\/2884","targetHints":{"allow":["GET"]}}],"collection":[{"href":"https:\/\/lescreationsdemaxetmila.com\/index.php\/wp-json\/wp\/v2\/product"}],"about":[{"href":"https:\/\/lescreationsdemaxetmila.com\/index.php\/wp-json\/wp\/v2\/types\/product"}],"wp:featuredmedia":[{"embeddable":true,"href":"https:\/\/lescreationsdemaxetmila.com\/index.php\/wp-json\/wp\/v2\/media\/2898"}],"wp:attachment":[{"href":"https:\/\/lescreationsdemaxetmila.com\/index.php\/wp-json\/wp\/v2\/media?parent=2884"}],"wp:term":[{"taxonomy":"product_cat","embeddable":true,"href":"https:\/\/lescreationsdemaxetmila.com\/index.php\/wp-json\/wp\/v2\/product_cat?post=2884"},{"taxonomy":"product_tag","embeddable":true,"href":"https:\/\/lescreationsdemaxetmila.com\/index.php\/wp-json\/wp\/v2\/product_tag?post=2884"}],"curies":[{"name":"wp","href":"https:\/\/api.w.org\/{rel}","templated":true}]}}