{"id":3006,"date":"2023-12-28T21:23:32","date_gmt":"2023-12-28T20:23:32","guid":{"rendered":"https:\/\/lescreationsdemaxetmila.fr\/?post_type=product&#038;p=3006"},"modified":"2024-12-23T13:57:12","modified_gmt":"2024-12-23T12:57:12","slug":"box-zero-dechet-coffret","status":"publish","type":"product","link":"https:\/\/lescreationsdemaxetmila.com\/index.php\/produit\/box-zero-dechet-coffret\/","title":{"rendered":"Box Z\u00e9ro D\u00e9chet Coffret"},"content":{"rendered":"<ul>\n<li>Kit de d\u00e9marrage z\u00e9ro d\u00e9chet<\/li>\n<li>Il se compose d&rsquo;un lot de 5 lingettes lavables en coton et \u00e9ponge de bambou velours, d&rsquo;un filet de lavage fermeture \u00e9clair pour laver les lingettes, et d&rsquo;un mode d&#8217;emploi de d\u00e9marrage.<\/li>\n<li>Le coffret est mis en valeur dans un coffret cadeau carton, avec un n\u0153ud brillant et une petite poignet, il est pr\u00eat a offrir.<\/li>\n<li>A l&rsquo;int\u00e9rieur se trouve un code promo pour une r\u00e9duction sur votre prochaine commande de lingettes lavables afin de compl\u00e9ter votre kit si cela vous plait !<\/li>\n<li>les lingettes lavables sont \u00e9conomiques et \u00e9cologique car elle sont r\u00e9utilisable un nombre incalculable de fois, elles passent en machine a 40 degr\u00e9s sans souci et son facile d&rsquo;entretien.<\/li>\n<li>Elle peuvent s&rsquo;utiliser au quotidien pour se d\u00e9maquiller, pour faire ses soins du visage (masques, gommage, lotion, eau mic\u00e9laire etc) ou pour b\u00e9b\u00e9 (toilette ou change) , a vous de trouver votre utilisation!<\/li>\n<li>Envoi en colissimo ou click and collect<\/li>\n<\/ul>\n","protected":false},"excerpt":{"rendered":"<p style=\"text-align: center;\"><em>Ce petit coffret de naissance est une id\u00e9e de cadeau originale et d\u00e9j\u00e0 pr\u00eate a offrir dans sa boite en carton chic. Elle fera un cadeau dans l&rsquo;air du temps, \u00e9cologique et \u00e9conomique, fait main et jolie pour convaincre m^me les plus septique!\u00a0<\/em><\/p>\n<p style=\"text-align: center;\"><em>N&rsquo;h\u00e9sitez plus et vous aussi devenez un acteur de la limitation des d\u00e9chets.<\/em><\/p>\n","protected":false},"featured_media":3009,"template":"","meta":[],"product_cat":[213,219,23,20],"product_tag":[],"class_list":["post-3006","product","type-product","status-publish","has-post-thumbnail","hentry","product_cat-box-zero-dechet","product_cat-selection-fete-des-meres","product_cat-filet-de-lavage","product_cat-lingettes-lavables"],"yoast_head":"<!-- This site is optimized with the Yoast SEO plugin v24.9 - https:\/\/yoast.com\/wordpress\/plugins\/seo\/ -->\n<title>Box Z\u00e9ro D\u00e9chet Coffret - Les Cr\u00e9ations de Max et Mila<\/title>\n<meta name=\"description\" content=\"kit z\u00e9ro d\u00e9chet coffret cadeau lingettes lavable , filet de lavage et mode d&#039;emploi tout cela dans un coffret pr\u00eat a offrir\" \/>\n<meta name=\"robots\" content=\"index, follow, max-snippet:-1, max-image-preview:large, max-video-preview:-1\" \/>\n<link rel=\"canonical\" href=\"https:\/\/lescreationsdemaxetmila.com\/index.php\/produit\/box-zero-dechet-coffret\/\" \/>\n<meta property=\"og:locale\" content=\"fr_FR\" \/>\n<meta property=\"og:type\" content=\"article\" \/>\n<meta property=\"og:title\" content=\"Box Z\u00e9ro D\u00e9chet Coffret - Les Cr\u00e9ations de Max et Mila\" \/>\n<meta property=\"og:description\" content=\"kit z\u00e9ro d\u00e9chet coffret cadeau lingettes lavable , filet de lavage et mode d&#039;emploi tout cela dans un coffret pr\u00eat a offrir\" \/>\n<meta property=\"og:url\" content=\"https:\/\/lescreationsdemaxetmila.com\/index.php\/produit\/box-zero-dechet-coffret\/\" \/>\n<meta property=\"og:site_name\" content=\"Les Cr\u00e9ations de Max et Mila\" \/>\n<meta property=\"article:publisher\" content=\"https:\/\/www.facebook.com\/lescreationsdemaxetmila\" \/>\n<meta property=\"article:modified_time\" content=\"2024-12-23T12:57:12+00:00\" \/>\n<meta property=\"og:image\" content=\"https:\/\/lescreationsdemaxetmila.com\/wp-content\/uploads\/2023\/12\/125414-scaled.jpg\" \/>\n\t<meta property=\"og:image:width\" content=\"1922\" \/>\n\t<meta property=\"og:image:height\" content=\"2560\" \/>\n\t<meta property=\"og:image:type\" content=\"image\/jpeg\" \/>\n<meta name=\"twitter:card\" content=\"summary_large_image\" \/>\n<meta name=\"twitter:label1\" content=\"Dur\u00e9e de lecture estim\u00e9e\" \/>\n\t<meta name=\"twitter:data1\" content=\"1 minute\" \/>\n<script type=\"application\/ld+json\" class=\"yoast-schema-graph\">{\"@context\":\"https:\/\/schema.org\",\"@graph\":[{\"@type\":\"WebPage\",\"@id\":\"https:\/\/lescreationsdemaxetmila.com\/index.php\/produit\/box-zero-dechet-coffret\/\",\"url\":\"https:\/\/lescreationsdemaxetmila.com\/index.php\/produit\/box-zero-dechet-coffret\/\",\"name\":\"Box Z\u00e9ro D\u00e9chet Coffret - Les Cr\u00e9ations de Max et Mila\",\"isPartOf\":{\"@id\":\"https:\/\/lescreationsdemaxetmila.com\/#website\"},\"primaryImageOfPage\":{\"@id\":\"https:\/\/lescreationsdemaxetmila.com\/index.php\/produit\/box-zero-dechet-coffret\/#primaryimage\"},\"image\":{\"@id\":\"https:\/\/lescreationsdemaxetmila.com\/index.php\/produit\/box-zero-dechet-coffret\/#primaryimage\"},\"thumbnailUrl\":\"https:\/\/lescreationsdemaxetmila.com\/wp-content\/uploads\/2023\/12\/125414-scaled.jpg\",\"datePublished\":\"2023-12-28T20:23:32+00:00\",\"dateModified\":\"2024-12-23T12:57:12+00:00\",\"description\":\"kit z\u00e9ro d\u00e9chet coffret cadeau lingettes lavable , filet de lavage et mode d'emploi tout cela dans un coffret pr\u00eat a offrir\",\"breadcrumb\":{\"@id\":\"https:\/\/lescreationsdemaxetmila.com\/index.php\/produit\/box-zero-dechet-coffret\/#breadcrumb\"},\"inLanguage\":\"fr-FR\",\"potentialAction\":[{\"@type\":\"ReadAction\",\"target\":[\"https:\/\/lescreationsdemaxetmila.com\/index.php\/produit\/box-zero-dechet-coffret\/\"]}]},{\"@type\":\"ImageObject\",\"inLanguage\":\"fr-FR\",\"@id\":\"https:\/\/lescreationsdemaxetmila.com\/index.php\/produit\/box-zero-dechet-coffret\/#primaryimage\",\"url\":\"https:\/\/lescreationsdemaxetmila.com\/wp-content\/uploads\/2023\/12\/125414-scaled.jpg\",\"contentUrl\":\"https:\/\/lescreationsdemaxetmila.com\/wp-content\/uploads\/2023\/12\/125414-scaled.jpg\",\"width\":1922,\"height\":2560},{\"@type\":\"BreadcrumbList\",\"@id\":\"https:\/\/lescreationsdemaxetmila.com\/index.php\/produit\/box-zero-dechet-coffret\/#breadcrumb\",\"itemListElement\":[{\"@type\":\"ListItem\",\"position\":1,\"name\":\"Accueil\",\"item\":\"https:\/\/lescreationsdemaxetmila.com\/\"},{\"@type\":\"ListItem\",\"position\":2,\"name\":\"Boutiques et Achats\",\"item\":\"https:\/\/lescreationsdemaxetmila.com\/index.php\/boutique-achat-en-ligne\/\"},{\"@type\":\"ListItem\",\"position\":3,\"name\":\"Box Z\u00e9ro D\u00e9chet Coffret\"}]},{\"@type\":\"WebSite\",\"@id\":\"https:\/\/lescreationsdemaxetmila.com\/#website\",\"url\":\"https:\/\/lescreationsdemaxetmila.com\/\",\"name\":\"Les Cr\u00e9ations de Max et Mila\",\"description\":\"Accessoires Personnalisables et coutures \",\"publisher\":{\"@id\":\"https:\/\/lescreationsdemaxetmila.com\/#\/schema\/person\/adafbfe37674fc396b65d1692fc42472\"},\"alternateName\":\"Cr\u00e9ations couture accessoires pour b\u00e9b\u00e9s, enfants et toute la famille\",\"potentialAction\":[{\"@type\":\"SearchAction\",\"target\":{\"@type\":\"EntryPoint\",\"urlTemplate\":\"https:\/\/lescreationsdemaxetmila.com\/?s={search_term_string}\"},\"query-input\":{\"@type\":\"PropertyValueSpecification\",\"valueRequired\":true,\"valueName\":\"search_term_string\"}}],\"inLanguage\":\"fr-FR\"},{\"@type\":[\"Person\",\"Organization\"],\"@id\":\"https:\/\/lescreationsdemaxetmila.com\/#\/schema\/person\/adafbfe37674fc396b65d1692fc42472\",\"name\":\"Lucie\",\"image\":{\"@type\":\"ImageObject\",\"inLanguage\":\"fr-FR\",\"@id\":\"https:\/\/lescreationsdemaxetmila.com\/#\/schema\/person\/image\/\",\"url\":\"https:\/\/lescreationsdemaxetmila.com\/wp-content\/uploads\/2020\/11\/cropped-Maxetmilacouleur.png\",\"contentUrl\":\"https:\/\/lescreationsdemaxetmila.com\/wp-content\/uploads\/2020\/11\/cropped-Maxetmilacouleur.png\",\"width\":1389,\"height\":1370,\"caption\":\"Lucie\"},\"logo\":{\"@id\":\"https:\/\/lescreationsdemaxetmila.com\/#\/schema\/person\/image\/\"},\"sameAs\":[\"https:\/\/www.facebook.com\/lescreationsdemaxetmila\",\"https:\/\/www.instagram.com\/lescreationsdemaxetmila\/?hl=fr\"]}]}<\/script>\n<!-- \/ Yoast SEO plugin. -->","yoast_head_json":{"title":"Box Z\u00e9ro D\u00e9chet Coffret - Les Cr\u00e9ations de Max et Mila","description":"kit z\u00e9ro d\u00e9chet coffret cadeau lingettes lavable , filet de lavage et mode d'emploi tout cela dans un coffret pr\u00eat a offrir","robots":{"index":"index","follow":"follow","max-snippet":"max-snippet:-1","max-image-preview":"max-image-preview:large","max-video-preview":"max-video-preview:-1"},"canonical":"https:\/\/lescreationsdemaxetmila.com\/index.php\/produit\/box-zero-dechet-coffret\/","og_locale":"fr_FR","og_type":"article","og_title":"Box Z\u00e9ro D\u00e9chet Coffret - Les Cr\u00e9ations de Max et Mila","og_description":"kit z\u00e9ro d\u00e9chet coffret cadeau lingettes lavable , filet de lavage et mode d'emploi tout cela dans un coffret pr\u00eat a offrir","og_url":"https:\/\/lescreationsdemaxetmila.com\/index.php\/produit\/box-zero-dechet-coffret\/","og_site_name":"Les Cr\u00e9ations de Max et Mila","article_publisher":"https:\/\/www.facebook.com\/lescreationsdemaxetmila","article_modified_time":"2024-12-23T12:57:12+00:00","og_image":[{"width":1922,"height":2560,"url":"https:\/\/lescreationsdemaxetmila.com\/wp-content\/uploads\/2023\/12\/125414-scaled.jpg","type":"image\/jpeg"}],"twitter_card":"summary_large_image","twitter_misc":{"Dur\u00e9e de lecture estim\u00e9e":"1 minute"},"schema":{"@context":"https:\/\/schema.org","@graph":[{"@type":"WebPage","@id":"https:\/\/lescreationsdemaxetmila.com\/index.php\/produit\/box-zero-dechet-coffret\/","url":"https:\/\/lescreationsdemaxetmila.com\/index.php\/produit\/box-zero-dechet-coffret\/","name":"Box Z\u00e9ro D\u00e9chet Coffret - Les Cr\u00e9ations de Max et Mila","isPartOf":{"@id":"https:\/\/lescreationsdemaxetmila.com\/#website"},"primaryImageOfPage":{"@id":"https:\/\/lescreationsdemaxetmila.com\/index.php\/produit\/box-zero-dechet-coffret\/#primaryimage"},"image":{"@id":"https:\/\/lescreationsdemaxetmila.com\/index.php\/produit\/box-zero-dechet-coffret\/#primaryimage"},"thumbnailUrl":"https:\/\/lescreationsdemaxetmila.com\/wp-content\/uploads\/2023\/12\/125414-scaled.jpg","datePublished":"2023-12-28T20:23:32+00:00","dateModified":"2024-12-23T12:57:12+00:00","description":"kit z\u00e9ro d\u00e9chet coffret cadeau lingettes lavable , filet de lavage et mode d'emploi tout cela dans un coffret pr\u00eat a offrir","breadcrumb":{"@id":"https:\/\/lescreationsdemaxetmila.com\/index.php\/produit\/box-zero-dechet-coffret\/#breadcrumb"},"inLanguage":"fr-FR","potentialAction":[{"@type":"ReadAction","target":["https:\/\/lescreationsdemaxetmila.com\/index.php\/produit\/box-zero-dechet-coffret\/"]}]},{"@type":"ImageObject","inLanguage":"fr-FR","@id":"https:\/\/lescreationsdemaxetmila.com\/index.php\/produit\/box-zero-dechet-coffret\/#primaryimage","url":"https:\/\/lescreationsdemaxetmila.com\/wp-content\/uploads\/2023\/12\/125414-scaled.jpg","contentUrl":"https:\/\/lescreationsdemaxetmila.com\/wp-content\/uploads\/2023\/12\/125414-scaled.jpg","width":1922,"height":2560},{"@type":"BreadcrumbList","@id":"https:\/\/lescreationsdemaxetmila.com\/index.php\/produit\/box-zero-dechet-coffret\/#breadcrumb","itemListElement":[{"@type":"ListItem","position":1,"name":"Accueil","item":"https:\/\/lescreationsdemaxetmila.com\/"},{"@type":"ListItem","position":2,"name":"Boutiques et Achats","item":"https:\/\/lescreationsdemaxetmila.com\/index.php\/boutique-achat-en-ligne\/"},{"@type":"ListItem","position":3,"name":"Box Z\u00e9ro D\u00e9chet Coffret"}]},{"@type":"WebSite","@id":"https:\/\/lescreationsdemaxetmila.com\/#website","url":"https:\/\/lescreationsdemaxetmila.com\/","name":"Les Cr\u00e9ations de Max et Mila","description":"Accessoires Personnalisables et coutures ","publisher":{"@id":"https:\/\/lescreationsdemaxetmila.com\/#\/schema\/person\/adafbfe37674fc396b65d1692fc42472"},"alternateName":"Cr\u00e9ations couture accessoires pour b\u00e9b\u00e9s, enfants et toute la famille","potentialAction":[{"@type":"SearchAction","target":{"@type":"EntryPoint","urlTemplate":"https:\/\/lescreationsdemaxetmila.com\/?s={search_term_string}"},"query-input":{"@type":"PropertyValueSpecification","valueRequired":true,"valueName":"search_term_string"}}],"inLanguage":"fr-FR"},{"@type":["Person","Organization"],"@id":"https:\/\/lescreationsdemaxetmila.com\/#\/schema\/person\/adafbfe37674fc396b65d1692fc42472","name":"Lucie","image":{"@type":"ImageObject","inLanguage":"fr-FR","@id":"https:\/\/lescreationsdemaxetmila.com\/#\/schema\/person\/image\/","url":"https:\/\/lescreationsdemaxetmila.com\/wp-content\/uploads\/2020\/11\/cropped-Maxetmilacouleur.png","contentUrl":"https:\/\/lescreationsdemaxetmila.com\/wp-content\/uploads\/2020\/11\/cropped-Maxetmilacouleur.png","width":1389,"height":1370,"caption":"Lucie"},"logo":{"@id":"https:\/\/lescreationsdemaxetmila.com\/#\/schema\/person\/image\/"},"sameAs":["https:\/\/www.facebook.com\/lescreationsdemaxetmila","https:\/\/www.instagram.com\/lescreationsdemaxetmila\/?hl=fr"]}]}},"jetpack_sharing_enabled":true,"_links":{"self":[{"href":"https:\/\/lescreationsdemaxetmila.com\/index.php\/wp-json\/wp\/v2\/product\/3006","targetHints":{"allow":["GET"]}}],"collection":[{"href":"https:\/\/lescreationsdemaxetmila.com\/index.php\/wp-json\/wp\/v2\/product"}],"about":[{"href":"https:\/\/lescreationsdemaxetmila.com\/index.php\/wp-json\/wp\/v2\/types\/product"}],"wp:featuredmedia":[{"embeddable":true,"href":"https:\/\/lescreationsdemaxetmila.com\/index.php\/wp-json\/wp\/v2\/media\/3009"}],"wp:attachment":[{"href":"https:\/\/lescreationsdemaxetmila.com\/index.php\/wp-json\/wp\/v2\/media?parent=3006"}],"wp:term":[{"taxonomy":"product_cat","embeddable":true,"href":"https:\/\/lescreationsdemaxetmila.com\/index.php\/wp-json\/wp\/v2\/product_cat?post=3006"},{"taxonomy":"product_tag","embeddable":true,"href":"https:\/\/lescreationsdemaxetmila.com\/index.php\/wp-json\/wp\/v2\/product_tag?post=3006"}],"curies":[{"name":"wp","href":"https:\/\/api.w.org\/{rel}","templated":true}]}}