{"id":3018,"date":"2023-12-30T20:18:20","date_gmt":"2023-12-30T19:18:20","guid":{"rendered":"https:\/\/lescreationsdemaxetmila.fr\/?post_type=product&#038;p=3018"},"modified":"2024-01-13T22:21:03","modified_gmt":"2024-01-13T21:21:03","slug":"tapis-deveil-pour-bebe-en-tissu-fait-main","status":"publish","type":"product","link":"https:\/\/lescreationsdemaxetmila.com\/index.php\/produit\/tapis-deveil-pour-bebe-en-tissu-fait-main\/","title":{"rendered":"Tapis d&rsquo;\u00e9veil pour b\u00e9b\u00e9, en tissu fait main"},"content":{"rendered":"<ul>\n<li>Tapis d&rsquo;\u00e9veil en tissu<\/li>\n<li>Enti\u00e8rement fait a la main<\/li>\n<li>Taille environ cm x cm<\/li>\n<li>couche de ouatine moyenne \u00e9paisseur a l&rsquo;int\u00e9rieur pour donner un c\u00f4t\u00e9 moelleux et matelass\u00e9 au tapis<\/li>\n<li>Sur le tapis il y a une attache avec un hochet lapinou en bois de h\u00eatre non trait\u00e9 qui\u00a0 renferme un petit grelot, ainsi qu&rsquo;une poche pour y cacher le jouet de votre choix et ainsi \u00e9veiller b\u00e9b\u00e9.<\/li>\n<li>Lavage en machine a 30 degr\u00e9 d\u00e9licat, et repassage au fer doux et d\u00e9conseill\u00e9 sur la gaze a pois dor\u00e9.<\/li>\n<li>en Stock envoi rapide en colissimo ou en click and collect a Tournefeuille.<\/li>\n<\/ul>\n","protected":false},"excerpt":{"rendered":"<p>Tapis d&rsquo;\u00e9veil en tissu Enti\u00e8rement fait a la main Taille environ cm x cm couche de ouatine moyenne \u00e9paisseur a l&rsquo;int\u00e9rieur pour donner un c\u00f4t\u00e9 moelleux et matelass\u00e9 au tapis Sur le tapis il y a une attache avec un hochet lapinou en bois de h\u00eatre non trait\u00e9 qui\u00a0 renferme un petit grelot, ainsi qu&rsquo;une [&hellip;]<\/p>\n","protected":false},"featured_media":3038,"template":"","meta":[],"product_cat":[195],"product_tag":[],"class_list":["post-3018","product","type-product","status-publish","has-post-thumbnail","hentry","product_cat-tapis-deveil"],"yoast_head":"<!-- This site is optimized with the Yoast SEO plugin v24.9 - https:\/\/yoast.com\/wordpress\/plugins\/seo\/ -->\n<title>Tapis d&#039;\u00e9veil pour b\u00e9b\u00e9, en tissu fait main - Les Cr\u00e9ations de Max et Mila<\/title>\n<meta name=\"description\" content=\"tapis d&#039;\u00e9veil pour b\u00e9b\u00e9 et enfant en tissu fait main, Permet de s&#039;\u00e9veiller avec diff\u00e9rentes texture et couleur de cet article, cadeau de naissance\" \/>\n<meta name=\"robots\" content=\"index, follow, max-snippet:-1, max-image-preview:large, max-video-preview:-1\" \/>\n<link rel=\"canonical\" href=\"https:\/\/lescreationsdemaxetmila.com\/index.php\/produit\/tapis-deveil-pour-bebe-en-tissu-fait-main\/\" \/>\n<meta property=\"og:locale\" content=\"fr_FR\" \/>\n<meta property=\"og:type\" content=\"article\" \/>\n<meta property=\"og:title\" content=\"Tapis d&#039;\u00e9veil pour b\u00e9b\u00e9, en tissu fait main - Les Cr\u00e9ations de Max et Mila\" \/>\n<meta property=\"og:description\" content=\"tapis d&#039;\u00e9veil pour b\u00e9b\u00e9 et enfant en tissu fait main, Permet de s&#039;\u00e9veiller avec diff\u00e9rentes texture et couleur de cet article, cadeau de naissance\" \/>\n<meta property=\"og:url\" content=\"https:\/\/lescreationsdemaxetmila.com\/index.php\/produit\/tapis-deveil-pour-bebe-en-tissu-fait-main\/\" \/>\n<meta property=\"og:site_name\" content=\"Les Cr\u00e9ations de Max et Mila\" \/>\n<meta property=\"article:publisher\" content=\"https:\/\/www.facebook.com\/lescreationsdemaxetmila\" \/>\n<meta property=\"article:modified_time\" content=\"2024-01-13T21:21:03+00:00\" \/>\n<meta property=\"og:image\" content=\"https:\/\/lescreationsdemaxetmila.com\/wp-content\/uploads\/2023\/12\/125542-scaled.jpg\" \/>\n\t<meta property=\"og:image:width\" content=\"1922\" \/>\n\t<meta property=\"og:image:height\" content=\"2560\" \/>\n\t<meta property=\"og:image:type\" content=\"image\/jpeg\" \/>\n<meta name=\"twitter:card\" content=\"summary_large_image\" \/>\n<meta name=\"twitter:label1\" content=\"Dur\u00e9e de lecture estim\u00e9e\" \/>\n\t<meta name=\"twitter:data1\" content=\"1 minute\" \/>\n<script type=\"application\/ld+json\" class=\"yoast-schema-graph\">{\"@context\":\"https:\/\/schema.org\",\"@graph\":[{\"@type\":\"WebPage\",\"@id\":\"https:\/\/lescreationsdemaxetmila.com\/index.php\/produit\/tapis-deveil-pour-bebe-en-tissu-fait-main\/\",\"url\":\"https:\/\/lescreationsdemaxetmila.com\/index.php\/produit\/tapis-deveil-pour-bebe-en-tissu-fait-main\/\",\"name\":\"Tapis d'\u00e9veil pour b\u00e9b\u00e9, en tissu fait main - Les Cr\u00e9ations de Max et Mila\",\"isPartOf\":{\"@id\":\"https:\/\/lescreationsdemaxetmila.com\/#website\"},\"primaryImageOfPage\":{\"@id\":\"https:\/\/lescreationsdemaxetmila.com\/index.php\/produit\/tapis-deveil-pour-bebe-en-tissu-fait-main\/#primaryimage\"},\"image\":{\"@id\":\"https:\/\/lescreationsdemaxetmila.com\/index.php\/produit\/tapis-deveil-pour-bebe-en-tissu-fait-main\/#primaryimage\"},\"thumbnailUrl\":\"https:\/\/lescreationsdemaxetmila.com\/wp-content\/uploads\/2023\/12\/125542-scaled.jpg\",\"datePublished\":\"2023-12-30T19:18:20+00:00\",\"dateModified\":\"2024-01-13T21:21:03+00:00\",\"description\":\"tapis d'\u00e9veil pour b\u00e9b\u00e9 et enfant en tissu fait main, Permet de s'\u00e9veiller avec diff\u00e9rentes texture et couleur de cet article, cadeau de naissance\",\"breadcrumb\":{\"@id\":\"https:\/\/lescreationsdemaxetmila.com\/index.php\/produit\/tapis-deveil-pour-bebe-en-tissu-fait-main\/#breadcrumb\"},\"inLanguage\":\"fr-FR\",\"potentialAction\":[{\"@type\":\"ReadAction\",\"target\":[\"https:\/\/lescreationsdemaxetmila.com\/index.php\/produit\/tapis-deveil-pour-bebe-en-tissu-fait-main\/\"]}]},{\"@type\":\"ImageObject\",\"inLanguage\":\"fr-FR\",\"@id\":\"https:\/\/lescreationsdemaxetmila.com\/index.php\/produit\/tapis-deveil-pour-bebe-en-tissu-fait-main\/#primaryimage\",\"url\":\"https:\/\/lescreationsdemaxetmila.com\/wp-content\/uploads\/2023\/12\/125542-scaled.jpg\",\"contentUrl\":\"https:\/\/lescreationsdemaxetmila.com\/wp-content\/uploads\/2023\/12\/125542-scaled.jpg\",\"width\":1922,\"height\":2560},{\"@type\":\"BreadcrumbList\",\"@id\":\"https:\/\/lescreationsdemaxetmila.com\/index.php\/produit\/tapis-deveil-pour-bebe-en-tissu-fait-main\/#breadcrumb\",\"itemListElement\":[{\"@type\":\"ListItem\",\"position\":1,\"name\":\"Accueil\",\"item\":\"https:\/\/lescreationsdemaxetmila.com\/\"},{\"@type\":\"ListItem\",\"position\":2,\"name\":\"Boutiques et Achats\",\"item\":\"https:\/\/lescreationsdemaxetmila.com\/index.php\/boutique-achat-en-ligne\/\"},{\"@type\":\"ListItem\",\"position\":3,\"name\":\"Tapis d&rsquo;\u00e9veil pour b\u00e9b\u00e9, en tissu fait main\"}]},{\"@type\":\"WebSite\",\"@id\":\"https:\/\/lescreationsdemaxetmila.com\/#website\",\"url\":\"https:\/\/lescreationsdemaxetmila.com\/\",\"name\":\"Les Cr\u00e9ations de Max et Mila\",\"description\":\"Accessoires Personnalisables et coutures \",\"publisher\":{\"@id\":\"https:\/\/lescreationsdemaxetmila.com\/#\/schema\/person\/adafbfe37674fc396b65d1692fc42472\"},\"alternateName\":\"Cr\u00e9ations couture accessoires pour b\u00e9b\u00e9s, enfants et toute la famille\",\"potentialAction\":[{\"@type\":\"SearchAction\",\"target\":{\"@type\":\"EntryPoint\",\"urlTemplate\":\"https:\/\/lescreationsdemaxetmila.com\/?s={search_term_string}\"},\"query-input\":{\"@type\":\"PropertyValueSpecification\",\"valueRequired\":true,\"valueName\":\"search_term_string\"}}],\"inLanguage\":\"fr-FR\"},{\"@type\":[\"Person\",\"Organization\"],\"@id\":\"https:\/\/lescreationsdemaxetmila.com\/#\/schema\/person\/adafbfe37674fc396b65d1692fc42472\",\"name\":\"Lucie\",\"image\":{\"@type\":\"ImageObject\",\"inLanguage\":\"fr-FR\",\"@id\":\"https:\/\/lescreationsdemaxetmila.com\/#\/schema\/person\/image\/\",\"url\":\"https:\/\/lescreationsdemaxetmila.com\/wp-content\/uploads\/2020\/11\/cropped-Maxetmilacouleur.png\",\"contentUrl\":\"https:\/\/lescreationsdemaxetmila.com\/wp-content\/uploads\/2020\/11\/cropped-Maxetmilacouleur.png\",\"width\":1389,\"height\":1370,\"caption\":\"Lucie\"},\"logo\":{\"@id\":\"https:\/\/lescreationsdemaxetmila.com\/#\/schema\/person\/image\/\"},\"sameAs\":[\"https:\/\/www.facebook.com\/lescreationsdemaxetmila\",\"https:\/\/www.instagram.com\/lescreationsdemaxetmila\/?hl=fr\"]}]}<\/script>\n<!-- \/ Yoast SEO plugin. -->","yoast_head_json":{"title":"Tapis d'\u00e9veil pour b\u00e9b\u00e9, en tissu fait main - Les Cr\u00e9ations de Max et Mila","description":"tapis d'\u00e9veil pour b\u00e9b\u00e9 et enfant en tissu fait main, Permet de s'\u00e9veiller avec diff\u00e9rentes texture et couleur de cet article, cadeau de naissance","robots":{"index":"index","follow":"follow","max-snippet":"max-snippet:-1","max-image-preview":"max-image-preview:large","max-video-preview":"max-video-preview:-1"},"canonical":"https:\/\/lescreationsdemaxetmila.com\/index.php\/produit\/tapis-deveil-pour-bebe-en-tissu-fait-main\/","og_locale":"fr_FR","og_type":"article","og_title":"Tapis d'\u00e9veil pour b\u00e9b\u00e9, en tissu fait main - Les Cr\u00e9ations de Max et Mila","og_description":"tapis d'\u00e9veil pour b\u00e9b\u00e9 et enfant en tissu fait main, Permet de s'\u00e9veiller avec diff\u00e9rentes texture et couleur de cet article, cadeau de naissance","og_url":"https:\/\/lescreationsdemaxetmila.com\/index.php\/produit\/tapis-deveil-pour-bebe-en-tissu-fait-main\/","og_site_name":"Les Cr\u00e9ations de Max et Mila","article_publisher":"https:\/\/www.facebook.com\/lescreationsdemaxetmila","article_modified_time":"2024-01-13T21:21:03+00:00","og_image":[{"width":1922,"height":2560,"url":"https:\/\/lescreationsdemaxetmila.com\/wp-content\/uploads\/2023\/12\/125542-scaled.jpg","type":"image\/jpeg"}],"twitter_card":"summary_large_image","twitter_misc":{"Dur\u00e9e de lecture estim\u00e9e":"1 minute"},"schema":{"@context":"https:\/\/schema.org","@graph":[{"@type":"WebPage","@id":"https:\/\/lescreationsdemaxetmila.com\/index.php\/produit\/tapis-deveil-pour-bebe-en-tissu-fait-main\/","url":"https:\/\/lescreationsdemaxetmila.com\/index.php\/produit\/tapis-deveil-pour-bebe-en-tissu-fait-main\/","name":"Tapis d'\u00e9veil pour b\u00e9b\u00e9, en tissu fait main - Les Cr\u00e9ations de Max et Mila","isPartOf":{"@id":"https:\/\/lescreationsdemaxetmila.com\/#website"},"primaryImageOfPage":{"@id":"https:\/\/lescreationsdemaxetmila.com\/index.php\/produit\/tapis-deveil-pour-bebe-en-tissu-fait-main\/#primaryimage"},"image":{"@id":"https:\/\/lescreationsdemaxetmila.com\/index.php\/produit\/tapis-deveil-pour-bebe-en-tissu-fait-main\/#primaryimage"},"thumbnailUrl":"https:\/\/lescreationsdemaxetmila.com\/wp-content\/uploads\/2023\/12\/125542-scaled.jpg","datePublished":"2023-12-30T19:18:20+00:00","dateModified":"2024-01-13T21:21:03+00:00","description":"tapis d'\u00e9veil pour b\u00e9b\u00e9 et enfant en tissu fait main, Permet de s'\u00e9veiller avec diff\u00e9rentes texture et couleur de cet article, cadeau de naissance","breadcrumb":{"@id":"https:\/\/lescreationsdemaxetmila.com\/index.php\/produit\/tapis-deveil-pour-bebe-en-tissu-fait-main\/#breadcrumb"},"inLanguage":"fr-FR","potentialAction":[{"@type":"ReadAction","target":["https:\/\/lescreationsdemaxetmila.com\/index.php\/produit\/tapis-deveil-pour-bebe-en-tissu-fait-main\/"]}]},{"@type":"ImageObject","inLanguage":"fr-FR","@id":"https:\/\/lescreationsdemaxetmila.com\/index.php\/produit\/tapis-deveil-pour-bebe-en-tissu-fait-main\/#primaryimage","url":"https:\/\/lescreationsdemaxetmila.com\/wp-content\/uploads\/2023\/12\/125542-scaled.jpg","contentUrl":"https:\/\/lescreationsdemaxetmila.com\/wp-content\/uploads\/2023\/12\/125542-scaled.jpg","width":1922,"height":2560},{"@type":"BreadcrumbList","@id":"https:\/\/lescreationsdemaxetmila.com\/index.php\/produit\/tapis-deveil-pour-bebe-en-tissu-fait-main\/#breadcrumb","itemListElement":[{"@type":"ListItem","position":1,"name":"Accueil","item":"https:\/\/lescreationsdemaxetmila.com\/"},{"@type":"ListItem","position":2,"name":"Boutiques et Achats","item":"https:\/\/lescreationsdemaxetmila.com\/index.php\/boutique-achat-en-ligne\/"},{"@type":"ListItem","position":3,"name":"Tapis d&rsquo;\u00e9veil pour b\u00e9b\u00e9, en tissu fait main"}]},{"@type":"WebSite","@id":"https:\/\/lescreationsdemaxetmila.com\/#website","url":"https:\/\/lescreationsdemaxetmila.com\/","name":"Les Cr\u00e9ations de Max et Mila","description":"Accessoires Personnalisables et coutures ","publisher":{"@id":"https:\/\/lescreationsdemaxetmila.com\/#\/schema\/person\/adafbfe37674fc396b65d1692fc42472"},"alternateName":"Cr\u00e9ations couture accessoires pour b\u00e9b\u00e9s, enfants et toute la famille","potentialAction":[{"@type":"SearchAction","target":{"@type":"EntryPoint","urlTemplate":"https:\/\/lescreationsdemaxetmila.com\/?s={search_term_string}"},"query-input":{"@type":"PropertyValueSpecification","valueRequired":true,"valueName":"search_term_string"}}],"inLanguage":"fr-FR"},{"@type":["Person","Organization"],"@id":"https:\/\/lescreationsdemaxetmila.com\/#\/schema\/person\/adafbfe37674fc396b65d1692fc42472","name":"Lucie","image":{"@type":"ImageObject","inLanguage":"fr-FR","@id":"https:\/\/lescreationsdemaxetmila.com\/#\/schema\/person\/image\/","url":"https:\/\/lescreationsdemaxetmila.com\/wp-content\/uploads\/2020\/11\/cropped-Maxetmilacouleur.png","contentUrl":"https:\/\/lescreationsdemaxetmila.com\/wp-content\/uploads\/2020\/11\/cropped-Maxetmilacouleur.png","width":1389,"height":1370,"caption":"Lucie"},"logo":{"@id":"https:\/\/lescreationsdemaxetmila.com\/#\/schema\/person\/image\/"},"sameAs":["https:\/\/www.facebook.com\/lescreationsdemaxetmila","https:\/\/www.instagram.com\/lescreationsdemaxetmila\/?hl=fr"]}]}},"jetpack_sharing_enabled":true,"_links":{"self":[{"href":"https:\/\/lescreationsdemaxetmila.com\/index.php\/wp-json\/wp\/v2\/product\/3018","targetHints":{"allow":["GET"]}}],"collection":[{"href":"https:\/\/lescreationsdemaxetmila.com\/index.php\/wp-json\/wp\/v2\/product"}],"about":[{"href":"https:\/\/lescreationsdemaxetmila.com\/index.php\/wp-json\/wp\/v2\/types\/product"}],"wp:featuredmedia":[{"embeddable":true,"href":"https:\/\/lescreationsdemaxetmila.com\/index.php\/wp-json\/wp\/v2\/media\/3038"}],"wp:attachment":[{"href":"https:\/\/lescreationsdemaxetmila.com\/index.php\/wp-json\/wp\/v2\/media?parent=3018"}],"wp:term":[{"taxonomy":"product_cat","embeddable":true,"href":"https:\/\/lescreationsdemaxetmila.com\/index.php\/wp-json\/wp\/v2\/product_cat?post=3018"},{"taxonomy":"product_tag","embeddable":true,"href":"https:\/\/lescreationsdemaxetmila.com\/index.php\/wp-json\/wp\/v2\/product_tag?post=3018"}],"curies":[{"name":"wp","href":"https:\/\/api.w.org\/{rel}","templated":true}]}}