{"id":3072,"date":"2024-01-04T10:29:45","date_gmt":"2024-01-04T09:29:45","guid":{"rendered":"https:\/\/lescreationsdemaxetmila.fr\/?post_type=product&#038;p=3072"},"modified":"2024-05-16T21:44:48","modified_gmt":"2024-05-16T19:44:48","slug":"couverture-plaid-pour-bebe-leger-en-gaze-de-coton-pour-lete","status":"publish","type":"product","link":"https:\/\/lescreationsdemaxetmila.com\/index.php\/produit\/couverture-plaid-pour-bebe-leger-en-gaze-de-coton-pour-lete\/","title":{"rendered":"Couverture, plaid pour b\u00e9b\u00e9, leger pour l&rsquo;\u00e9t\u00e9 en gaze de coton, par Les Cr\u00e9ations de Max et Mila"},"content":{"rendered":"<ul>\n<li>Couverture plaid pour b\u00e9b\u00e9 et enfant fabriqu\u00e9 en tissu de gaze de coton et une face douce en minky l\u00e9ger<\/li>\n<li>Tissus 100% gaze de coton oekotex 100, et minky bulle blanc l\u00e9ger en polyester<\/li>\n<li>Fait \u00e0 la main \u00e0 Tournefeuille<\/li>\n<li>Envoi entre 1 et 5 jours ouvr\u00e9s selon le coloris et sa disponibilit\u00e9<\/li>\n<li>Possibilit\u00e9 de cr\u00e9ation personalis\u00e9e sur demande, RDV dans la rubrique contact<\/li>\n<li>Couverture vendue seule, sans boite ni hochet, sinon vous r\u00e9f\u00e9rer \u00e0 l&rsquo;article \u00ab\u00a0coffret de naissance\u00a0\u00bb.<\/li>\n<li>La broderie sera effectu\u00e9e si vous s\u00e9lectionnez l&rsquo;option avec broderie qui entraine une majoration du prix.<\/li>\n<li>La broderie se fait sur le haut de la couverture au centre, avec un fil dor\u00e9 assorti au pois dor\u00e9s de la gaze de coton.<\/li>\n<li>Possibilit\u00e9 de coffret avec la box naissance qui inclus une couverture l\u00e9g\u00e8re \u00e9t\u00e9.<\/li>\n<li>Lavage en machine \u00e0 30 degr\u00e9s d\u00e9licat, pas de repassage directement sur la gaze sinon les pois vont s&rsquo;alt\u00e9rer rapidement.<\/li>\n<li>Les articles personnalis\u00e9s avec le pr\u00e9nom ne sont ni repris ni \u00e9chang\u00e9s sauf erreur de ma part.<\/li>\n<\/ul>\n","protected":false},"excerpt":{"rendered":"<p style=\"text-align: center;\"><em>Couverture b\u00e9b\u00e9 personnalisable, en gaze de coton certifi\u00e9e 100% Oekotex standard 100 sans produit chimique. Cet accessoire sera tr\u00e8s utile pour tenir b\u00e9b\u00e9 bien au chaud dans vos bras, dans son cosy ou dans la poussette lors de vos balades. Vous pourrez la personnaliser selon vos choix. Elle est faite \u00e0 la main dans mon atelier de Tournefeuille. Et comme toujours elle sont faites avec amour! <\/em><\/p>\n","protected":false},"featured_media":2035,"template":"","meta":[],"product_cat":[19],"product_tag":[],"class_list":["post-3072","product","type-product","status-publish","has-post-thumbnail","hentry","product_cat-couvertures-bebe"],"yoast_head":"<!-- This site is optimized with the Yoast SEO plugin v24.9 - https:\/\/yoast.com\/wordpress\/plugins\/seo\/ -->\n<title>Couverture, plaid pour b\u00e9b\u00e9, leger pour l&#039;\u00e9t\u00e9 en gaze de coton, par Les Cr\u00e9ations de Max et Mila - Les Cr\u00e9ations de Max et Mila<\/title>\n<meta name=\"description\" content=\"Couverture b\u00e9b\u00e9 douce gaze de coton l\u00e9g\u00e8re pour l&#039;\u00e9t\u00e9 et personnalisable, fait main, cadeau de naissance unique \u00e0 Toulouse pour b\u00e9b\u00e9 et enfants\" \/>\n<meta name=\"robots\" content=\"index, follow, max-snippet:-1, max-image-preview:large, max-video-preview:-1\" \/>\n<link rel=\"canonical\" href=\"https:\/\/lescreationsdemaxetmila.com\/index.php\/produit\/couverture-plaid-pour-bebe-leger-en-gaze-de-coton-pour-lete\/\" \/>\n<meta property=\"og:locale\" content=\"fr_FR\" \/>\n<meta property=\"og:type\" content=\"article\" \/>\n<meta property=\"og:title\" content=\"Couverture, plaid pour b\u00e9b\u00e9, leger pour l&#039;\u00e9t\u00e9 en gaze de coton, par Les Cr\u00e9ations de Max et Mila - Les Cr\u00e9ations de Max et Mila\" \/>\n<meta property=\"og:description\" content=\"Couverture b\u00e9b\u00e9 douce gaze de coton l\u00e9g\u00e8re pour l&#039;\u00e9t\u00e9 et personnalisable, fait main, cadeau de naissance unique \u00e0 Toulouse pour b\u00e9b\u00e9 et enfants\" \/>\n<meta property=\"og:url\" content=\"https:\/\/lescreationsdemaxetmila.com\/index.php\/produit\/couverture-plaid-pour-bebe-leger-en-gaze-de-coton-pour-lete\/\" \/>\n<meta property=\"og:site_name\" content=\"Les Cr\u00e9ations de Max et Mila\" \/>\n<meta property=\"article:publisher\" content=\"https:\/\/www.facebook.com\/lescreationsdemaxetmila\" \/>\n<meta property=\"article:modified_time\" content=\"2024-05-16T19:44:48+00:00\" \/>\n<meta property=\"og:image\" content=\"https:\/\/lescreationsdemaxetmila.com\/wp-content\/uploads\/2022\/05\/IMG_20220522_150203-scaled.jpg\" \/>\n\t<meta property=\"og:image:width\" content=\"1922\" \/>\n\t<meta property=\"og:image:height\" content=\"2560\" \/>\n\t<meta property=\"og:image:type\" content=\"image\/jpeg\" \/>\n<meta name=\"twitter:card\" content=\"summary_large_image\" \/>\n<meta name=\"twitter:label1\" content=\"Dur\u00e9e de lecture estim\u00e9e\" \/>\n\t<meta name=\"twitter:data1\" content=\"2 minutes\" \/>\n<script type=\"application\/ld+json\" class=\"yoast-schema-graph\">{\"@context\":\"https:\/\/schema.org\",\"@graph\":[{\"@type\":\"WebPage\",\"@id\":\"https:\/\/lescreationsdemaxetmila.com\/index.php\/produit\/couverture-plaid-pour-bebe-leger-en-gaze-de-coton-pour-lete\/\",\"url\":\"https:\/\/lescreationsdemaxetmila.com\/index.php\/produit\/couverture-plaid-pour-bebe-leger-en-gaze-de-coton-pour-lete\/\",\"name\":\"Couverture, plaid pour b\u00e9b\u00e9, leger pour l'\u00e9t\u00e9 en gaze de coton, par Les Cr\u00e9ations de Max et Mila - Les Cr\u00e9ations de Max et Mila\",\"isPartOf\":{\"@id\":\"https:\/\/lescreationsdemaxetmila.com\/#website\"},\"primaryImageOfPage\":{\"@id\":\"https:\/\/lescreationsdemaxetmila.com\/index.php\/produit\/couverture-plaid-pour-bebe-leger-en-gaze-de-coton-pour-lete\/#primaryimage\"},\"image\":{\"@id\":\"https:\/\/lescreationsdemaxetmila.com\/index.php\/produit\/couverture-plaid-pour-bebe-leger-en-gaze-de-coton-pour-lete\/#primaryimage\"},\"thumbnailUrl\":\"https:\/\/lescreationsdemaxetmila.com\/wp-content\/uploads\/2022\/05\/IMG_20220522_150203-scaled.jpg\",\"datePublished\":\"2024-01-04T09:29:45+00:00\",\"dateModified\":\"2024-05-16T19:44:48+00:00\",\"description\":\"Couverture b\u00e9b\u00e9 douce gaze de coton l\u00e9g\u00e8re pour l'\u00e9t\u00e9 et personnalisable, fait main, cadeau de naissance unique \u00e0 Toulouse pour b\u00e9b\u00e9 et enfants\",\"breadcrumb\":{\"@id\":\"https:\/\/lescreationsdemaxetmila.com\/index.php\/produit\/couverture-plaid-pour-bebe-leger-en-gaze-de-coton-pour-lete\/#breadcrumb\"},\"inLanguage\":\"fr-FR\",\"potentialAction\":[{\"@type\":\"ReadAction\",\"target\":[\"https:\/\/lescreationsdemaxetmila.com\/index.php\/produit\/couverture-plaid-pour-bebe-leger-en-gaze-de-coton-pour-lete\/\"]}]},{\"@type\":\"ImageObject\",\"inLanguage\":\"fr-FR\",\"@id\":\"https:\/\/lescreationsdemaxetmila.com\/index.php\/produit\/couverture-plaid-pour-bebe-leger-en-gaze-de-coton-pour-lete\/#primaryimage\",\"url\":\"https:\/\/lescreationsdemaxetmila.com\/wp-content\/uploads\/2022\/05\/IMG_20220522_150203-scaled.jpg\",\"contentUrl\":\"https:\/\/lescreationsdemaxetmila.com\/wp-content\/uploads\/2022\/05\/IMG_20220522_150203-scaled.jpg\",\"width\":1922,\"height\":2560},{\"@type\":\"BreadcrumbList\",\"@id\":\"https:\/\/lescreationsdemaxetmila.com\/index.php\/produit\/couverture-plaid-pour-bebe-leger-en-gaze-de-coton-pour-lete\/#breadcrumb\",\"itemListElement\":[{\"@type\":\"ListItem\",\"position\":1,\"name\":\"Accueil\",\"item\":\"https:\/\/lescreationsdemaxetmila.com\/\"},{\"@type\":\"ListItem\",\"position\":2,\"name\":\"Boutiques et Achats\",\"item\":\"https:\/\/lescreationsdemaxetmila.com\/index.php\/boutique-achat-en-ligne\/\"},{\"@type\":\"ListItem\",\"position\":3,\"name\":\"Couverture, plaid pour b\u00e9b\u00e9, leger pour l&rsquo;\u00e9t\u00e9 en gaze de coton, par Les Cr\u00e9ations de Max et Mila\"}]},{\"@type\":\"WebSite\",\"@id\":\"https:\/\/lescreationsdemaxetmila.com\/#website\",\"url\":\"https:\/\/lescreationsdemaxetmila.com\/\",\"name\":\"Les Cr\u00e9ations de Max et Mila\",\"description\":\"Accessoires Personnalisables et coutures \",\"publisher\":{\"@id\":\"https:\/\/lescreationsdemaxetmila.com\/#\/schema\/person\/adafbfe37674fc396b65d1692fc42472\"},\"alternateName\":\"Cr\u00e9ations couture accessoires pour b\u00e9b\u00e9s, enfants et toute la famille\",\"potentialAction\":[{\"@type\":\"SearchAction\",\"target\":{\"@type\":\"EntryPoint\",\"urlTemplate\":\"https:\/\/lescreationsdemaxetmila.com\/?s={search_term_string}\"},\"query-input\":{\"@type\":\"PropertyValueSpecification\",\"valueRequired\":true,\"valueName\":\"search_term_string\"}}],\"inLanguage\":\"fr-FR\"},{\"@type\":[\"Person\",\"Organization\"],\"@id\":\"https:\/\/lescreationsdemaxetmila.com\/#\/schema\/person\/adafbfe37674fc396b65d1692fc42472\",\"name\":\"Lucie\",\"image\":{\"@type\":\"ImageObject\",\"inLanguage\":\"fr-FR\",\"@id\":\"https:\/\/lescreationsdemaxetmila.com\/#\/schema\/person\/image\/\",\"url\":\"https:\/\/lescreationsdemaxetmila.com\/wp-content\/uploads\/2020\/11\/cropped-Maxetmilacouleur.png\",\"contentUrl\":\"https:\/\/lescreationsdemaxetmila.com\/wp-content\/uploads\/2020\/11\/cropped-Maxetmilacouleur.png\",\"width\":1389,\"height\":1370,\"caption\":\"Lucie\"},\"logo\":{\"@id\":\"https:\/\/lescreationsdemaxetmila.com\/#\/schema\/person\/image\/\"},\"sameAs\":[\"https:\/\/www.facebook.com\/lescreationsdemaxetmila\",\"https:\/\/www.instagram.com\/lescreationsdemaxetmila\/?hl=fr\"]}]}<\/script>\n<!-- \/ Yoast SEO plugin. -->","yoast_head_json":{"title":"Couverture, plaid pour b\u00e9b\u00e9, leger pour l'\u00e9t\u00e9 en gaze de coton, par Les Cr\u00e9ations de Max et Mila - Les Cr\u00e9ations de Max et Mila","description":"Couverture b\u00e9b\u00e9 douce gaze de coton l\u00e9g\u00e8re pour l'\u00e9t\u00e9 et personnalisable, fait main, cadeau de naissance unique \u00e0 Toulouse pour b\u00e9b\u00e9 et enfants","robots":{"index":"index","follow":"follow","max-snippet":"max-snippet:-1","max-image-preview":"max-image-preview:large","max-video-preview":"max-video-preview:-1"},"canonical":"https:\/\/lescreationsdemaxetmila.com\/index.php\/produit\/couverture-plaid-pour-bebe-leger-en-gaze-de-coton-pour-lete\/","og_locale":"fr_FR","og_type":"article","og_title":"Couverture, plaid pour b\u00e9b\u00e9, leger pour l'\u00e9t\u00e9 en gaze de coton, par Les Cr\u00e9ations de Max et Mila - Les Cr\u00e9ations de Max et Mila","og_description":"Couverture b\u00e9b\u00e9 douce gaze de coton l\u00e9g\u00e8re pour l'\u00e9t\u00e9 et personnalisable, fait main, cadeau de naissance unique \u00e0 Toulouse pour b\u00e9b\u00e9 et enfants","og_url":"https:\/\/lescreationsdemaxetmila.com\/index.php\/produit\/couverture-plaid-pour-bebe-leger-en-gaze-de-coton-pour-lete\/","og_site_name":"Les Cr\u00e9ations de Max et Mila","article_publisher":"https:\/\/www.facebook.com\/lescreationsdemaxetmila","article_modified_time":"2024-05-16T19:44:48+00:00","og_image":[{"width":1922,"height":2560,"url":"https:\/\/lescreationsdemaxetmila.com\/wp-content\/uploads\/2022\/05\/IMG_20220522_150203-scaled.jpg","type":"image\/jpeg"}],"twitter_card":"summary_large_image","twitter_misc":{"Dur\u00e9e de lecture estim\u00e9e":"2 minutes"},"schema":{"@context":"https:\/\/schema.org","@graph":[{"@type":"WebPage","@id":"https:\/\/lescreationsdemaxetmila.com\/index.php\/produit\/couverture-plaid-pour-bebe-leger-en-gaze-de-coton-pour-lete\/","url":"https:\/\/lescreationsdemaxetmila.com\/index.php\/produit\/couverture-plaid-pour-bebe-leger-en-gaze-de-coton-pour-lete\/","name":"Couverture, plaid pour b\u00e9b\u00e9, leger pour l'\u00e9t\u00e9 en gaze de coton, par Les Cr\u00e9ations de Max et Mila - Les Cr\u00e9ations de Max et Mila","isPartOf":{"@id":"https:\/\/lescreationsdemaxetmila.com\/#website"},"primaryImageOfPage":{"@id":"https:\/\/lescreationsdemaxetmila.com\/index.php\/produit\/couverture-plaid-pour-bebe-leger-en-gaze-de-coton-pour-lete\/#primaryimage"},"image":{"@id":"https:\/\/lescreationsdemaxetmila.com\/index.php\/produit\/couverture-plaid-pour-bebe-leger-en-gaze-de-coton-pour-lete\/#primaryimage"},"thumbnailUrl":"https:\/\/lescreationsdemaxetmila.com\/wp-content\/uploads\/2022\/05\/IMG_20220522_150203-scaled.jpg","datePublished":"2024-01-04T09:29:45+00:00","dateModified":"2024-05-16T19:44:48+00:00","description":"Couverture b\u00e9b\u00e9 douce gaze de coton l\u00e9g\u00e8re pour l'\u00e9t\u00e9 et personnalisable, fait main, cadeau de naissance unique \u00e0 Toulouse pour b\u00e9b\u00e9 et enfants","breadcrumb":{"@id":"https:\/\/lescreationsdemaxetmila.com\/index.php\/produit\/couverture-plaid-pour-bebe-leger-en-gaze-de-coton-pour-lete\/#breadcrumb"},"inLanguage":"fr-FR","potentialAction":[{"@type":"ReadAction","target":["https:\/\/lescreationsdemaxetmila.com\/index.php\/produit\/couverture-plaid-pour-bebe-leger-en-gaze-de-coton-pour-lete\/"]}]},{"@type":"ImageObject","inLanguage":"fr-FR","@id":"https:\/\/lescreationsdemaxetmila.com\/index.php\/produit\/couverture-plaid-pour-bebe-leger-en-gaze-de-coton-pour-lete\/#primaryimage","url":"https:\/\/lescreationsdemaxetmila.com\/wp-content\/uploads\/2022\/05\/IMG_20220522_150203-scaled.jpg","contentUrl":"https:\/\/lescreationsdemaxetmila.com\/wp-content\/uploads\/2022\/05\/IMG_20220522_150203-scaled.jpg","width":1922,"height":2560},{"@type":"BreadcrumbList","@id":"https:\/\/lescreationsdemaxetmila.com\/index.php\/produit\/couverture-plaid-pour-bebe-leger-en-gaze-de-coton-pour-lete\/#breadcrumb","itemListElement":[{"@type":"ListItem","position":1,"name":"Accueil","item":"https:\/\/lescreationsdemaxetmila.com\/"},{"@type":"ListItem","position":2,"name":"Boutiques et Achats","item":"https:\/\/lescreationsdemaxetmila.com\/index.php\/boutique-achat-en-ligne\/"},{"@type":"ListItem","position":3,"name":"Couverture, plaid pour b\u00e9b\u00e9, leger pour l&rsquo;\u00e9t\u00e9 en gaze de coton, par Les Cr\u00e9ations de Max et Mila"}]},{"@type":"WebSite","@id":"https:\/\/lescreationsdemaxetmila.com\/#website","url":"https:\/\/lescreationsdemaxetmila.com\/","name":"Les Cr\u00e9ations de Max et Mila","description":"Accessoires Personnalisables et coutures ","publisher":{"@id":"https:\/\/lescreationsdemaxetmila.com\/#\/schema\/person\/adafbfe37674fc396b65d1692fc42472"},"alternateName":"Cr\u00e9ations couture accessoires pour b\u00e9b\u00e9s, enfants et toute la famille","potentialAction":[{"@type":"SearchAction","target":{"@type":"EntryPoint","urlTemplate":"https:\/\/lescreationsdemaxetmila.com\/?s={search_term_string}"},"query-input":{"@type":"PropertyValueSpecification","valueRequired":true,"valueName":"search_term_string"}}],"inLanguage":"fr-FR"},{"@type":["Person","Organization"],"@id":"https:\/\/lescreationsdemaxetmila.com\/#\/schema\/person\/adafbfe37674fc396b65d1692fc42472","name":"Lucie","image":{"@type":"ImageObject","inLanguage":"fr-FR","@id":"https:\/\/lescreationsdemaxetmila.com\/#\/schema\/person\/image\/","url":"https:\/\/lescreationsdemaxetmila.com\/wp-content\/uploads\/2020\/11\/cropped-Maxetmilacouleur.png","contentUrl":"https:\/\/lescreationsdemaxetmila.com\/wp-content\/uploads\/2020\/11\/cropped-Maxetmilacouleur.png","width":1389,"height":1370,"caption":"Lucie"},"logo":{"@id":"https:\/\/lescreationsdemaxetmila.com\/#\/schema\/person\/image\/"},"sameAs":["https:\/\/www.facebook.com\/lescreationsdemaxetmila","https:\/\/www.instagram.com\/lescreationsdemaxetmila\/?hl=fr"]}]}},"jetpack_sharing_enabled":true,"_links":{"self":[{"href":"https:\/\/lescreationsdemaxetmila.com\/index.php\/wp-json\/wp\/v2\/product\/3072","targetHints":{"allow":["GET"]}}],"collection":[{"href":"https:\/\/lescreationsdemaxetmila.com\/index.php\/wp-json\/wp\/v2\/product"}],"about":[{"href":"https:\/\/lescreationsdemaxetmila.com\/index.php\/wp-json\/wp\/v2\/types\/product"}],"wp:featuredmedia":[{"embeddable":true,"href":"https:\/\/lescreationsdemaxetmila.com\/index.php\/wp-json\/wp\/v2\/media\/2035"}],"wp:attachment":[{"href":"https:\/\/lescreationsdemaxetmila.com\/index.php\/wp-json\/wp\/v2\/media?parent=3072"}],"wp:term":[{"taxonomy":"product_cat","embeddable":true,"href":"https:\/\/lescreationsdemaxetmila.com\/index.php\/wp-json\/wp\/v2\/product_cat?post=3072"},{"taxonomy":"product_tag","embeddable":true,"href":"https:\/\/lescreationsdemaxetmila.com\/index.php\/wp-json\/wp\/v2\/product_tag?post=3072"}],"curies":[{"name":"wp","href":"https:\/\/api.w.org\/{rel}","templated":true}]}}