{"id":3079,"date":"2024-01-04T14:32:27","date_gmt":"2024-01-04T13:32:27","guid":{"rendered":"https:\/\/lescreationsdemaxetmila.fr\/?post_type=product&#038;p=3079"},"modified":"2024-08-31T09:15:53","modified_gmt":"2024-08-31T07:15:53","slug":"box-naissance-doux-dodo","status":"publish","type":"product","link":"https:\/\/lescreationsdemaxetmila.com\/index.php\/produit\/box-naissance-doux-dodo\/","title":{"rendered":"Box naissance \u00ab\u00a0Doux dodo pour b\u00e9b\u00e9\u00a0\u00bb, couverture plaid b\u00e9b\u00e9 \u00e9t\u00e9 par les Cr\u00e9ations de Max et Mila"},"content":{"rendered":"<ul>\n<li>La Box de naissance autour du sommeil de b\u00e9b\u00e9.<\/li>\n<li>Ce coffret pr\u00eat \u00e0 offrir se compose d&rsquo;un petit plaid l\u00e9ger en gaze de coton et minky bulle, d&rsquo;un petit hochet lapinou en tissus et en bois de h\u00eatre non trait\u00e9 qui peut \u00e9galement servir d\u2019anneau de dentition, et d&rsquo;une carte assorti aux couleurs de la couverture .<\/li>\n<li>Cette Box de naissance est fourni dans une boite en carton recycl\u00e9 et recyclable.<\/li>\n<li>La couverture mesure environ 100cm X 70cm<\/li>\n<li>Carte en format A5, en papier cartonn\u00e9 certifi\u00e9 FSC, pour y inscrire un petit mot au dos<\/li>\n<li>Envoi en 2 jours de l\u2019atelier ouvr\u00e9s maxi, toujours en colissimo<\/li>\n<li>Cette box peut \u00eatre envoy\u00e9e a l&rsquo;adresse de votre choix, ou bien elle est r\u00e9cup\u00e9rable en click and collect (sans FDP), le choix se fait au moment de la validation du panier final.<\/li>\n<\/ul>\n<p>&nbsp;<\/p>\n<p>Compositions des boxs<\/p>\n<ol>\n<li>Box bleu cosmos, comprend un plaid l\u00e9ger gaze + minky bulles, un hochet assortis et une carte baleine bleu \u00ab\u00a0Petit Coeur\u00a0\u00bb<\/li>\n<li>Box Eucalyptus, comprend un plaid l\u00e9ger gaze + minky bulles, un hochet assortis (eucalyptus ou vert d&rsquo;eau en fonction du r\u00e9assort du moment) et d&rsquo;une carte Koala \u00ab\u00a0Bienvenue\u00a0\u00bb<\/li>\n<li>Box 3 Corail rose, comprend un plaid l\u00e9ger gaze + minky bulles, un hochet assortis et une carte<\/li>\n<li>Box fleurs, comprend un plaid en gaze bio avec minky bulles, un hochet assorti et une carte renard c\u0153ur fleur<\/li>\n<\/ol>\n","protected":false},"excerpt":{"rendered":"<p style=\"text-align: center;\"><em>Ce petit coffret de naissance est une id\u00e9e de cadeau originale et d\u00e9j\u00e0 pr\u00eate a offrir dans sa boite en carton. Un packaging simple et soign\u00e9, enti\u00e8rement r\u00e9alis\u00e9 par mes soins, avec \u00e0 l&rsquo;int\u00e9rieur\u00a0 des accessoires assortis, toujours fabriqu\u00e9s avec amour et douceur dans des teintes et des mati\u00e8res soigneusement s\u00e9lectionn\u00e9es. N&rsquo;h\u00e9sitez plus et laissez vous guider.<\/em><\/p>\n<div class=\"woocommerce-product-details__short-description\">\n<div class=\"woocommerce-product-details__short-description\">\n<div class=\"woocommerce-product-details__short-description\">\n<p style=\"text-align: center;\"><em><span class=\"OYPEnA text-decoration-none text-strikethrough-none\">Je me pr\u00e9sente, je m\u2019appelle Lucie je suis maman de 2 enfants, Maxime et Mila. <\/span><\/em><\/p>\n<p style=\"text-align: center;\"><em><span class=\"OYPEnA text-decoration-none text-strikethrough-none\">J\u2019ai commenc\u00e9 la couture afin de cr\u00e9er des lingettes lavables pour le change de mes enfants. Et de fil en aiguille me voila aujourd\u2019hui cr\u00e9atrice d\u2019accessoires pour b\u00e9b\u00e9s, enfants et toutes la famille.<br \/>\n<\/span><\/em><\/p>\n<p style=\"text-align: center;\"><em><span class=\"OYPEnA text-decoration-none text-strikethrough-none\">Je serais ravie de r\u00e9aliser vos cr\u00e9ations pour faire plaisir \u00e0 vos proches ou pour vous faire plaisir.<\/span><\/em><\/p>\n<p class=\"cvGsUA direction-ltr align-start para-style-body\" style=\"text-align: center;\"><em><span class=\"OYPEnA text-decoration-none text-strikethrough-none\">N\u2019h\u00e9sitez pas \u00e0 me contacter pour toutes demandes particuli\u00e8res.<\/span><\/em><\/p>\n<p class=\"cvGsUA direction-ltr align-start para-style-body\" style=\"text-align: center;\"><em><span class=\"OYPEnA text-decoration-none text-strikethrough-none\">Merci beaucoup et \u00e0 bient\u00f4t j\u2019esp\u00e8re !<\/span><\/em><\/p>\n<p style=\"text-align: center;\"><em>Lucie<\/em><\/p>\n<\/div>\n<\/div>\n<\/div>\n","protected":false},"featured_media":3088,"template":"","meta":[],"product_cat":[212,118,218,19],"product_tag":[],"class_list":["post-3079","product","type-product","status-publish","has-post-thumbnail","hentry","product_cat-coffrets-naissance","product_cat-hochets-bois-et-tissus","product_cat-promos","product_cat-couvertures-bebe"],"yoast_head":"<!-- This site is optimized with the Yoast SEO plugin v24.9 - https:\/\/yoast.com\/wordpress\/plugins\/seo\/ -->\n<title>Box naissance &quot;Doux dodo pour b\u00e9b\u00e9&quot;, couverture plaid b\u00e9b\u00e9 \u00e9t\u00e9 par les Cr\u00e9ations de Max et Mila - Les Cr\u00e9ations de Max et Mila<\/title>\n<meta name=\"description\" content=\"box de naissance couverture b\u00e9b\u00e9, plaid pour offrir, avec hochet et cartes pour un cadeau unique et fait main \u00e0 Tournefeuille.\" \/>\n<meta name=\"robots\" content=\"index, follow, max-snippet:-1, max-image-preview:large, max-video-preview:-1\" \/>\n<link rel=\"canonical\" href=\"https:\/\/lescreationsdemaxetmila.com\/index.php\/produit\/box-naissance-doux-dodo\/\" \/>\n<meta property=\"og:locale\" content=\"fr_FR\" \/>\n<meta property=\"og:type\" content=\"article\" \/>\n<meta property=\"og:title\" content=\"Box naissance &quot;Doux dodo pour b\u00e9b\u00e9&quot;, couverture plaid b\u00e9b\u00e9 \u00e9t\u00e9 par les Cr\u00e9ations de Max et Mila - Les Cr\u00e9ations de Max et Mila\" \/>\n<meta property=\"og:description\" content=\"box de naissance couverture b\u00e9b\u00e9, plaid pour offrir, avec hochet et cartes pour un cadeau unique et fait main \u00e0 Tournefeuille.\" \/>\n<meta property=\"og:url\" content=\"https:\/\/lescreationsdemaxetmila.com\/index.php\/produit\/box-naissance-doux-dodo\/\" \/>\n<meta property=\"og:site_name\" content=\"Les Cr\u00e9ations de Max et Mila\" \/>\n<meta property=\"article:publisher\" content=\"https:\/\/www.facebook.com\/lescreationsdemaxetmila\" \/>\n<meta property=\"article:modified_time\" content=\"2024-08-31T07:15:53+00:00\" \/>\n<meta property=\"og:image\" content=\"https:\/\/lescreationsdemaxetmila.com\/wp-content\/uploads\/2024\/01\/IMG_20240104_115023-scaled.jpg\" \/>\n\t<meta property=\"og:image:width\" content=\"2560\" \/>\n\t<meta property=\"og:image:height\" content=\"1920\" \/>\n\t<meta property=\"og:image:type\" content=\"image\/jpeg\" \/>\n<meta name=\"twitter:card\" content=\"summary_large_image\" \/>\n<meta name=\"twitter:label1\" content=\"Dur\u00e9e de lecture estim\u00e9e\" \/>\n\t<meta name=\"twitter:data1\" content=\"2 minutes\" \/>\n<script type=\"application\/ld+json\" class=\"yoast-schema-graph\">{\"@context\":\"https:\/\/schema.org\",\"@graph\":[{\"@type\":\"WebPage\",\"@id\":\"https:\/\/lescreationsdemaxetmila.com\/index.php\/produit\/box-naissance-doux-dodo\/\",\"url\":\"https:\/\/lescreationsdemaxetmila.com\/index.php\/produit\/box-naissance-doux-dodo\/\",\"name\":\"Box naissance \\\"Doux dodo pour b\u00e9b\u00e9\\\", couverture plaid b\u00e9b\u00e9 \u00e9t\u00e9 par les Cr\u00e9ations de Max et Mila - Les Cr\u00e9ations de Max et Mila\",\"isPartOf\":{\"@id\":\"https:\/\/lescreationsdemaxetmila.com\/#website\"},\"primaryImageOfPage\":{\"@id\":\"https:\/\/lescreationsdemaxetmila.com\/index.php\/produit\/box-naissance-doux-dodo\/#primaryimage\"},\"image\":{\"@id\":\"https:\/\/lescreationsdemaxetmila.com\/index.php\/produit\/box-naissance-doux-dodo\/#primaryimage\"},\"thumbnailUrl\":\"https:\/\/lescreationsdemaxetmila.com\/wp-content\/uploads\/2024\/01\/IMG_20240104_115023-scaled.jpg\",\"datePublished\":\"2024-01-04T13:32:27+00:00\",\"dateModified\":\"2024-08-31T07:15:53+00:00\",\"description\":\"box de naissance couverture b\u00e9b\u00e9, plaid pour offrir, avec hochet et cartes pour un cadeau unique et fait main \u00e0 Tournefeuille.\",\"breadcrumb\":{\"@id\":\"https:\/\/lescreationsdemaxetmila.com\/index.php\/produit\/box-naissance-doux-dodo\/#breadcrumb\"},\"inLanguage\":\"fr-FR\",\"potentialAction\":[{\"@type\":\"ReadAction\",\"target\":[\"https:\/\/lescreationsdemaxetmila.com\/index.php\/produit\/box-naissance-doux-dodo\/\"]}]},{\"@type\":\"ImageObject\",\"inLanguage\":\"fr-FR\",\"@id\":\"https:\/\/lescreationsdemaxetmila.com\/index.php\/produit\/box-naissance-doux-dodo\/#primaryimage\",\"url\":\"https:\/\/lescreationsdemaxetmila.com\/wp-content\/uploads\/2024\/01\/IMG_20240104_115023-scaled.jpg\",\"contentUrl\":\"https:\/\/lescreationsdemaxetmila.com\/wp-content\/uploads\/2024\/01\/IMG_20240104_115023-scaled.jpg\",\"width\":2560,\"height\":1920},{\"@type\":\"BreadcrumbList\",\"@id\":\"https:\/\/lescreationsdemaxetmila.com\/index.php\/produit\/box-naissance-doux-dodo\/#breadcrumb\",\"itemListElement\":[{\"@type\":\"ListItem\",\"position\":1,\"name\":\"Accueil\",\"item\":\"https:\/\/lescreationsdemaxetmila.com\/\"},{\"@type\":\"ListItem\",\"position\":2,\"name\":\"Boutiques et Achats\",\"item\":\"https:\/\/lescreationsdemaxetmila.com\/index.php\/boutique-achat-en-ligne\/\"},{\"@type\":\"ListItem\",\"position\":3,\"name\":\"Box naissance \u00ab\u00a0Doux dodo pour b\u00e9b\u00e9\u00a0\u00bb, couverture plaid b\u00e9b\u00e9 \u00e9t\u00e9 par les Cr\u00e9ations de Max et Mila\"}]},{\"@type\":\"WebSite\",\"@id\":\"https:\/\/lescreationsdemaxetmila.com\/#website\",\"url\":\"https:\/\/lescreationsdemaxetmila.com\/\",\"name\":\"Les Cr\u00e9ations de Max et Mila\",\"description\":\"Accessoires Personnalisables et coutures \",\"publisher\":{\"@id\":\"https:\/\/lescreationsdemaxetmila.com\/#\/schema\/person\/adafbfe37674fc396b65d1692fc42472\"},\"alternateName\":\"Cr\u00e9ations couture accessoires pour b\u00e9b\u00e9s, enfants et toute la famille\",\"potentialAction\":[{\"@type\":\"SearchAction\",\"target\":{\"@type\":\"EntryPoint\",\"urlTemplate\":\"https:\/\/lescreationsdemaxetmila.com\/?s={search_term_string}\"},\"query-input\":{\"@type\":\"PropertyValueSpecification\",\"valueRequired\":true,\"valueName\":\"search_term_string\"}}],\"inLanguage\":\"fr-FR\"},{\"@type\":[\"Person\",\"Organization\"],\"@id\":\"https:\/\/lescreationsdemaxetmila.com\/#\/schema\/person\/adafbfe37674fc396b65d1692fc42472\",\"name\":\"Lucie\",\"image\":{\"@type\":\"ImageObject\",\"inLanguage\":\"fr-FR\",\"@id\":\"https:\/\/lescreationsdemaxetmila.com\/#\/schema\/person\/image\/\",\"url\":\"https:\/\/lescreationsdemaxetmila.com\/wp-content\/uploads\/2020\/11\/cropped-Maxetmilacouleur.png\",\"contentUrl\":\"https:\/\/lescreationsdemaxetmila.com\/wp-content\/uploads\/2020\/11\/cropped-Maxetmilacouleur.png\",\"width\":1389,\"height\":1370,\"caption\":\"Lucie\"},\"logo\":{\"@id\":\"https:\/\/lescreationsdemaxetmila.com\/#\/schema\/person\/image\/\"},\"sameAs\":[\"https:\/\/www.facebook.com\/lescreationsdemaxetmila\",\"https:\/\/www.instagram.com\/lescreationsdemaxetmila\/?hl=fr\"]}]}<\/script>\n<!-- \/ Yoast SEO plugin. -->","yoast_head_json":{"title":"Box naissance \"Doux dodo pour b\u00e9b\u00e9\", couverture plaid b\u00e9b\u00e9 \u00e9t\u00e9 par les Cr\u00e9ations de Max et Mila - Les Cr\u00e9ations de Max et Mila","description":"box de naissance couverture b\u00e9b\u00e9, plaid pour offrir, avec hochet et cartes pour un cadeau unique et fait main \u00e0 Tournefeuille.","robots":{"index":"index","follow":"follow","max-snippet":"max-snippet:-1","max-image-preview":"max-image-preview:large","max-video-preview":"max-video-preview:-1"},"canonical":"https:\/\/lescreationsdemaxetmila.com\/index.php\/produit\/box-naissance-doux-dodo\/","og_locale":"fr_FR","og_type":"article","og_title":"Box naissance \"Doux dodo pour b\u00e9b\u00e9\", couverture plaid b\u00e9b\u00e9 \u00e9t\u00e9 par les Cr\u00e9ations de Max et Mila - Les Cr\u00e9ations de Max et Mila","og_description":"box de naissance couverture b\u00e9b\u00e9, plaid pour offrir, avec hochet et cartes pour un cadeau unique et fait main \u00e0 Tournefeuille.","og_url":"https:\/\/lescreationsdemaxetmila.com\/index.php\/produit\/box-naissance-doux-dodo\/","og_site_name":"Les Cr\u00e9ations de Max et Mila","article_publisher":"https:\/\/www.facebook.com\/lescreationsdemaxetmila","article_modified_time":"2024-08-31T07:15:53+00:00","og_image":[{"width":2560,"height":1920,"url":"https:\/\/lescreationsdemaxetmila.com\/wp-content\/uploads\/2024\/01\/IMG_20240104_115023-scaled.jpg","type":"image\/jpeg"}],"twitter_card":"summary_large_image","twitter_misc":{"Dur\u00e9e de lecture estim\u00e9e":"2 minutes"},"schema":{"@context":"https:\/\/schema.org","@graph":[{"@type":"WebPage","@id":"https:\/\/lescreationsdemaxetmila.com\/index.php\/produit\/box-naissance-doux-dodo\/","url":"https:\/\/lescreationsdemaxetmila.com\/index.php\/produit\/box-naissance-doux-dodo\/","name":"Box naissance \"Doux dodo pour b\u00e9b\u00e9\", couverture plaid b\u00e9b\u00e9 \u00e9t\u00e9 par les Cr\u00e9ations de Max et Mila - Les Cr\u00e9ations de Max et Mila","isPartOf":{"@id":"https:\/\/lescreationsdemaxetmila.com\/#website"},"primaryImageOfPage":{"@id":"https:\/\/lescreationsdemaxetmila.com\/index.php\/produit\/box-naissance-doux-dodo\/#primaryimage"},"image":{"@id":"https:\/\/lescreationsdemaxetmila.com\/index.php\/produit\/box-naissance-doux-dodo\/#primaryimage"},"thumbnailUrl":"https:\/\/lescreationsdemaxetmila.com\/wp-content\/uploads\/2024\/01\/IMG_20240104_115023-scaled.jpg","datePublished":"2024-01-04T13:32:27+00:00","dateModified":"2024-08-31T07:15:53+00:00","description":"box de naissance couverture b\u00e9b\u00e9, plaid pour offrir, avec hochet et cartes pour un cadeau unique et fait main \u00e0 Tournefeuille.","breadcrumb":{"@id":"https:\/\/lescreationsdemaxetmila.com\/index.php\/produit\/box-naissance-doux-dodo\/#breadcrumb"},"inLanguage":"fr-FR","potentialAction":[{"@type":"ReadAction","target":["https:\/\/lescreationsdemaxetmila.com\/index.php\/produit\/box-naissance-doux-dodo\/"]}]},{"@type":"ImageObject","inLanguage":"fr-FR","@id":"https:\/\/lescreationsdemaxetmila.com\/index.php\/produit\/box-naissance-doux-dodo\/#primaryimage","url":"https:\/\/lescreationsdemaxetmila.com\/wp-content\/uploads\/2024\/01\/IMG_20240104_115023-scaled.jpg","contentUrl":"https:\/\/lescreationsdemaxetmila.com\/wp-content\/uploads\/2024\/01\/IMG_20240104_115023-scaled.jpg","width":2560,"height":1920},{"@type":"BreadcrumbList","@id":"https:\/\/lescreationsdemaxetmila.com\/index.php\/produit\/box-naissance-doux-dodo\/#breadcrumb","itemListElement":[{"@type":"ListItem","position":1,"name":"Accueil","item":"https:\/\/lescreationsdemaxetmila.com\/"},{"@type":"ListItem","position":2,"name":"Boutiques et Achats","item":"https:\/\/lescreationsdemaxetmila.com\/index.php\/boutique-achat-en-ligne\/"},{"@type":"ListItem","position":3,"name":"Box naissance \u00ab\u00a0Doux dodo pour b\u00e9b\u00e9\u00a0\u00bb, couverture plaid b\u00e9b\u00e9 \u00e9t\u00e9 par les Cr\u00e9ations de Max et Mila"}]},{"@type":"WebSite","@id":"https:\/\/lescreationsdemaxetmila.com\/#website","url":"https:\/\/lescreationsdemaxetmila.com\/","name":"Les Cr\u00e9ations de Max et Mila","description":"Accessoires Personnalisables et coutures ","publisher":{"@id":"https:\/\/lescreationsdemaxetmila.com\/#\/schema\/person\/adafbfe37674fc396b65d1692fc42472"},"alternateName":"Cr\u00e9ations couture accessoires pour b\u00e9b\u00e9s, enfants et toute la famille","potentialAction":[{"@type":"SearchAction","target":{"@type":"EntryPoint","urlTemplate":"https:\/\/lescreationsdemaxetmila.com\/?s={search_term_string}"},"query-input":{"@type":"PropertyValueSpecification","valueRequired":true,"valueName":"search_term_string"}}],"inLanguage":"fr-FR"},{"@type":["Person","Organization"],"@id":"https:\/\/lescreationsdemaxetmila.com\/#\/schema\/person\/adafbfe37674fc396b65d1692fc42472","name":"Lucie","image":{"@type":"ImageObject","inLanguage":"fr-FR","@id":"https:\/\/lescreationsdemaxetmila.com\/#\/schema\/person\/image\/","url":"https:\/\/lescreationsdemaxetmila.com\/wp-content\/uploads\/2020\/11\/cropped-Maxetmilacouleur.png","contentUrl":"https:\/\/lescreationsdemaxetmila.com\/wp-content\/uploads\/2020\/11\/cropped-Maxetmilacouleur.png","width":1389,"height":1370,"caption":"Lucie"},"logo":{"@id":"https:\/\/lescreationsdemaxetmila.com\/#\/schema\/person\/image\/"},"sameAs":["https:\/\/www.facebook.com\/lescreationsdemaxetmila","https:\/\/www.instagram.com\/lescreationsdemaxetmila\/?hl=fr"]}]}},"jetpack_sharing_enabled":true,"_links":{"self":[{"href":"https:\/\/lescreationsdemaxetmila.com\/index.php\/wp-json\/wp\/v2\/product\/3079","targetHints":{"allow":["GET"]}}],"collection":[{"href":"https:\/\/lescreationsdemaxetmila.com\/index.php\/wp-json\/wp\/v2\/product"}],"about":[{"href":"https:\/\/lescreationsdemaxetmila.com\/index.php\/wp-json\/wp\/v2\/types\/product"}],"wp:featuredmedia":[{"embeddable":true,"href":"https:\/\/lescreationsdemaxetmila.com\/index.php\/wp-json\/wp\/v2\/media\/3088"}],"wp:attachment":[{"href":"https:\/\/lescreationsdemaxetmila.com\/index.php\/wp-json\/wp\/v2\/media?parent=3079"}],"wp:term":[{"taxonomy":"product_cat","embeddable":true,"href":"https:\/\/lescreationsdemaxetmila.com\/index.php\/wp-json\/wp\/v2\/product_cat?post=3079"},{"taxonomy":"product_tag","embeddable":true,"href":"https:\/\/lescreationsdemaxetmila.com\/index.php\/wp-json\/wp\/v2\/product_tag?post=3079"}],"curies":[{"name":"wp","href":"https:\/\/api.w.org\/{rel}","templated":true}]}}