{"id":3104,"date":"2024-01-04T21:56:29","date_gmt":"2024-01-04T20:56:29","guid":{"rendered":"https:\/\/lescreationsdemaxetmila.fr\/?post_type=product&#038;p=3104"},"modified":"2024-03-20T12:49:13","modified_gmt":"2024-03-20T11:49:13","slug":"box-naissance-en-balade-avec-bebe","status":"publish","type":"product","link":"https:\/\/lescreationsdemaxetmila.com\/index.php\/produit\/box-naissance-en-balade-avec-bebe\/","title":{"rendered":"Box naissance \u00ab\u00a0En Balade avec b\u00e9b\u00e9\u00a0\u00bb"},"content":{"rendered":"<ul>\n<li>La Box de naissance En balade avec b\u00e9b\u00e9<\/li>\n<li>Ce coffret pr\u00eat \u00e0 offrir se compose d&rsquo;un tapis a manger nomade, d&rsquo;un lot de 5 lingettes assortis au tapis, d&rsquo;une pochette de rangement imperm\u00e9able et d&rsquo;une jolie carte de \u00ab\u00a0F\u00e9licitation\u00a0\u00bb.<\/li>\n<li>Cette Box de naissance est conditionn\u00e9e dans une boite en carton recycl\u00e9 et recyclable.<\/li>\n<li>Le petit tapis lavable est fabriqu\u00e9 en coton oekotex et en \u00e9ponge de bambou douce.<\/li>\n<li>les lingettes sont en lot de 5, leur taille est d&rsquo;environ 9cm X9 cm<\/li>\n<li>Carte en format A5, en papier cartonn\u00e9 certifi\u00e9 FSC, pour y inscrire un petit mot au dos<\/li>\n<li>Envoi rapide, produit en stock toujours en colissimo<\/li>\n<li>Cette box peut \u00eatre envoy\u00e9e a l&rsquo;adresse de votre choix,\u00a0 elle est\u00a0 aussi r\u00e9cup\u00e9rable en click and collect (sans FDP), le choix se fait au moment de la validation du panier final.<\/li>\n<\/ul>\n<p>&nbsp;<\/p>\n","protected":false},"excerpt":{"rendered":"<p style=\"text-align: center;\"><em>Ce petit coffret de naissance est une id\u00e9e de cadeau originale et d\u00e9j\u00e0 pr\u00eate a offrir dans sa boite en carton. Un packaging simple et soign\u00e9, enti\u00e8rement r\u00e9alis\u00e9 par mes soins, avec \u00e0 l&rsquo;int\u00e9rieur\u00a0 des accessoires assortis, toujours fabriqu\u00e9s avec amour et douceur dans des teintes et des mati\u00e8res soigneusement s\u00e9lectionn\u00e9es. N&rsquo;h\u00e9sitez plus et laissez vous guider.<br \/>\n<\/em><\/p>\n<p style=\"text-align: center;\"><em>Made With Love<\/em><\/p>\n","protected":false},"featured_media":3116,"template":"","meta":[],"product_cat":[212,118,20],"product_tag":[],"class_list":["post-3104","product","type-product","status-publish","has-post-thumbnail","hentry","product_cat-coffrets-naissance","product_cat-hochets-bois-et-tissus","product_cat-lingettes-lavables"],"yoast_head":"<!-- This site is optimized with the Yoast SEO plugin v24.9 - https:\/\/yoast.com\/wordpress\/plugins\/seo\/ -->\n<title>Box naissance &quot;En Balade avec b\u00e9b\u00e9&quot; - Les Cr\u00e9ations de Max et Mila<\/title>\n<meta name=\"description\" content=\"box de naissance tapis a langer nomade, avec lingettes lavables et pochette de rangement pour partir avec tout le n\u00e9cessaire ne promenade\" \/>\n<meta name=\"robots\" content=\"index, follow, max-snippet:-1, max-image-preview:large, max-video-preview:-1\" \/>\n<link rel=\"canonical\" href=\"https:\/\/lescreationsdemaxetmila.com\/index.php\/produit\/box-naissance-en-balade-avec-bebe\/\" \/>\n<meta property=\"og:locale\" content=\"fr_FR\" \/>\n<meta property=\"og:type\" content=\"article\" \/>\n<meta property=\"og:title\" content=\"Box naissance &quot;En Balade avec b\u00e9b\u00e9&quot; - Les Cr\u00e9ations de Max et Mila\" \/>\n<meta property=\"og:description\" content=\"box de naissance tapis a langer nomade, avec lingettes lavables et pochette de rangement pour partir avec tout le n\u00e9cessaire ne promenade\" \/>\n<meta property=\"og:url\" content=\"https:\/\/lescreationsdemaxetmila.com\/index.php\/produit\/box-naissance-en-balade-avec-bebe\/\" \/>\n<meta property=\"og:site_name\" content=\"Les Cr\u00e9ations de Max et Mila\" \/>\n<meta property=\"article:publisher\" content=\"https:\/\/www.facebook.com\/lescreationsdemaxetmila\" \/>\n<meta property=\"article:modified_time\" content=\"2024-03-20T11:49:13+00:00\" \/>\n<meta property=\"og:image\" content=\"https:\/\/lescreationsdemaxetmila.com\/wp-content\/uploads\/2024\/01\/IMG_20240104_112419-scaled.jpg\" \/>\n\t<meta property=\"og:image:width\" content=\"1920\" \/>\n\t<meta property=\"og:image:height\" content=\"2560\" \/>\n\t<meta property=\"og:image:type\" content=\"image\/jpeg\" \/>\n<meta name=\"twitter:card\" content=\"summary_large_image\" \/>\n<meta name=\"twitter:label1\" content=\"Dur\u00e9e de lecture estim\u00e9e\" \/>\n\t<meta name=\"twitter:data1\" content=\"1 minute\" \/>\n<script type=\"application\/ld+json\" class=\"yoast-schema-graph\">{\"@context\":\"https:\/\/schema.org\",\"@graph\":[{\"@type\":\"WebPage\",\"@id\":\"https:\/\/lescreationsdemaxetmila.com\/index.php\/produit\/box-naissance-en-balade-avec-bebe\/\",\"url\":\"https:\/\/lescreationsdemaxetmila.com\/index.php\/produit\/box-naissance-en-balade-avec-bebe\/\",\"name\":\"Box naissance \\\"En Balade avec b\u00e9b\u00e9\\\" - Les Cr\u00e9ations de Max et Mila\",\"isPartOf\":{\"@id\":\"https:\/\/lescreationsdemaxetmila.com\/#website\"},\"primaryImageOfPage\":{\"@id\":\"https:\/\/lescreationsdemaxetmila.com\/index.php\/produit\/box-naissance-en-balade-avec-bebe\/#primaryimage\"},\"image\":{\"@id\":\"https:\/\/lescreationsdemaxetmila.com\/index.php\/produit\/box-naissance-en-balade-avec-bebe\/#primaryimage\"},\"thumbnailUrl\":\"https:\/\/lescreationsdemaxetmila.com\/wp-content\/uploads\/2024\/01\/IMG_20240104_112419-scaled.jpg\",\"datePublished\":\"2024-01-04T20:56:29+00:00\",\"dateModified\":\"2024-03-20T11:49:13+00:00\",\"description\":\"box de naissance tapis a langer nomade, avec lingettes lavables et pochette de rangement pour partir avec tout le n\u00e9cessaire ne promenade\",\"breadcrumb\":{\"@id\":\"https:\/\/lescreationsdemaxetmila.com\/index.php\/produit\/box-naissance-en-balade-avec-bebe\/#breadcrumb\"},\"inLanguage\":\"fr-FR\",\"potentialAction\":[{\"@type\":\"ReadAction\",\"target\":[\"https:\/\/lescreationsdemaxetmila.com\/index.php\/produit\/box-naissance-en-balade-avec-bebe\/\"]}]},{\"@type\":\"ImageObject\",\"inLanguage\":\"fr-FR\",\"@id\":\"https:\/\/lescreationsdemaxetmila.com\/index.php\/produit\/box-naissance-en-balade-avec-bebe\/#primaryimage\",\"url\":\"https:\/\/lescreationsdemaxetmila.com\/wp-content\/uploads\/2024\/01\/IMG_20240104_112419-scaled.jpg\",\"contentUrl\":\"https:\/\/lescreationsdemaxetmila.com\/wp-content\/uploads\/2024\/01\/IMG_20240104_112419-scaled.jpg\",\"width\":1920,\"height\":2560},{\"@type\":\"BreadcrumbList\",\"@id\":\"https:\/\/lescreationsdemaxetmila.com\/index.php\/produit\/box-naissance-en-balade-avec-bebe\/#breadcrumb\",\"itemListElement\":[{\"@type\":\"ListItem\",\"position\":1,\"name\":\"Accueil\",\"item\":\"https:\/\/lescreationsdemaxetmila.com\/\"},{\"@type\":\"ListItem\",\"position\":2,\"name\":\"Boutiques et Achats\",\"item\":\"https:\/\/lescreationsdemaxetmila.com\/index.php\/boutique-achat-en-ligne\/\"},{\"@type\":\"ListItem\",\"position\":3,\"name\":\"Box naissance \u00ab\u00a0En Balade avec b\u00e9b\u00e9\u00a0\u00bb\"}]},{\"@type\":\"WebSite\",\"@id\":\"https:\/\/lescreationsdemaxetmila.com\/#website\",\"url\":\"https:\/\/lescreationsdemaxetmila.com\/\",\"name\":\"Les Cr\u00e9ations de Max et Mila\",\"description\":\"Accessoires Personnalisables et coutures \",\"publisher\":{\"@id\":\"https:\/\/lescreationsdemaxetmila.com\/#\/schema\/person\/adafbfe37674fc396b65d1692fc42472\"},\"alternateName\":\"Cr\u00e9ations couture accessoires pour b\u00e9b\u00e9s, enfants et toute la famille\",\"potentialAction\":[{\"@type\":\"SearchAction\",\"target\":{\"@type\":\"EntryPoint\",\"urlTemplate\":\"https:\/\/lescreationsdemaxetmila.com\/?s={search_term_string}\"},\"query-input\":{\"@type\":\"PropertyValueSpecification\",\"valueRequired\":true,\"valueName\":\"search_term_string\"}}],\"inLanguage\":\"fr-FR\"},{\"@type\":[\"Person\",\"Organization\"],\"@id\":\"https:\/\/lescreationsdemaxetmila.com\/#\/schema\/person\/adafbfe37674fc396b65d1692fc42472\",\"name\":\"Lucie\",\"image\":{\"@type\":\"ImageObject\",\"inLanguage\":\"fr-FR\",\"@id\":\"https:\/\/lescreationsdemaxetmila.com\/#\/schema\/person\/image\/\",\"url\":\"https:\/\/lescreationsdemaxetmila.com\/wp-content\/uploads\/2020\/11\/cropped-Maxetmilacouleur.png\",\"contentUrl\":\"https:\/\/lescreationsdemaxetmila.com\/wp-content\/uploads\/2020\/11\/cropped-Maxetmilacouleur.png\",\"width\":1389,\"height\":1370,\"caption\":\"Lucie\"},\"logo\":{\"@id\":\"https:\/\/lescreationsdemaxetmila.com\/#\/schema\/person\/image\/\"},\"sameAs\":[\"https:\/\/www.facebook.com\/lescreationsdemaxetmila\",\"https:\/\/www.instagram.com\/lescreationsdemaxetmila\/?hl=fr\"]}]}<\/script>\n<!-- \/ Yoast SEO plugin. -->","yoast_head_json":{"title":"Box naissance \"En Balade avec b\u00e9b\u00e9\" - Les Cr\u00e9ations de Max et Mila","description":"box de naissance tapis a langer nomade, avec lingettes lavables et pochette de rangement pour partir avec tout le n\u00e9cessaire ne promenade","robots":{"index":"index","follow":"follow","max-snippet":"max-snippet:-1","max-image-preview":"max-image-preview:large","max-video-preview":"max-video-preview:-1"},"canonical":"https:\/\/lescreationsdemaxetmila.com\/index.php\/produit\/box-naissance-en-balade-avec-bebe\/","og_locale":"fr_FR","og_type":"article","og_title":"Box naissance \"En Balade avec b\u00e9b\u00e9\" - Les Cr\u00e9ations de Max et Mila","og_description":"box de naissance tapis a langer nomade, avec lingettes lavables et pochette de rangement pour partir avec tout le n\u00e9cessaire ne promenade","og_url":"https:\/\/lescreationsdemaxetmila.com\/index.php\/produit\/box-naissance-en-balade-avec-bebe\/","og_site_name":"Les Cr\u00e9ations de Max et Mila","article_publisher":"https:\/\/www.facebook.com\/lescreationsdemaxetmila","article_modified_time":"2024-03-20T11:49:13+00:00","og_image":[{"width":1920,"height":2560,"url":"https:\/\/lescreationsdemaxetmila.com\/wp-content\/uploads\/2024\/01\/IMG_20240104_112419-scaled.jpg","type":"image\/jpeg"}],"twitter_card":"summary_large_image","twitter_misc":{"Dur\u00e9e de lecture estim\u00e9e":"1 minute"},"schema":{"@context":"https:\/\/schema.org","@graph":[{"@type":"WebPage","@id":"https:\/\/lescreationsdemaxetmila.com\/index.php\/produit\/box-naissance-en-balade-avec-bebe\/","url":"https:\/\/lescreationsdemaxetmila.com\/index.php\/produit\/box-naissance-en-balade-avec-bebe\/","name":"Box naissance \"En Balade avec b\u00e9b\u00e9\" - Les Cr\u00e9ations de Max et Mila","isPartOf":{"@id":"https:\/\/lescreationsdemaxetmila.com\/#website"},"primaryImageOfPage":{"@id":"https:\/\/lescreationsdemaxetmila.com\/index.php\/produit\/box-naissance-en-balade-avec-bebe\/#primaryimage"},"image":{"@id":"https:\/\/lescreationsdemaxetmila.com\/index.php\/produit\/box-naissance-en-balade-avec-bebe\/#primaryimage"},"thumbnailUrl":"https:\/\/lescreationsdemaxetmila.com\/wp-content\/uploads\/2024\/01\/IMG_20240104_112419-scaled.jpg","datePublished":"2024-01-04T20:56:29+00:00","dateModified":"2024-03-20T11:49:13+00:00","description":"box de naissance tapis a langer nomade, avec lingettes lavables et pochette de rangement pour partir avec tout le n\u00e9cessaire ne promenade","breadcrumb":{"@id":"https:\/\/lescreationsdemaxetmila.com\/index.php\/produit\/box-naissance-en-balade-avec-bebe\/#breadcrumb"},"inLanguage":"fr-FR","potentialAction":[{"@type":"ReadAction","target":["https:\/\/lescreationsdemaxetmila.com\/index.php\/produit\/box-naissance-en-balade-avec-bebe\/"]}]},{"@type":"ImageObject","inLanguage":"fr-FR","@id":"https:\/\/lescreationsdemaxetmila.com\/index.php\/produit\/box-naissance-en-balade-avec-bebe\/#primaryimage","url":"https:\/\/lescreationsdemaxetmila.com\/wp-content\/uploads\/2024\/01\/IMG_20240104_112419-scaled.jpg","contentUrl":"https:\/\/lescreationsdemaxetmila.com\/wp-content\/uploads\/2024\/01\/IMG_20240104_112419-scaled.jpg","width":1920,"height":2560},{"@type":"BreadcrumbList","@id":"https:\/\/lescreationsdemaxetmila.com\/index.php\/produit\/box-naissance-en-balade-avec-bebe\/#breadcrumb","itemListElement":[{"@type":"ListItem","position":1,"name":"Accueil","item":"https:\/\/lescreationsdemaxetmila.com\/"},{"@type":"ListItem","position":2,"name":"Boutiques et Achats","item":"https:\/\/lescreationsdemaxetmila.com\/index.php\/boutique-achat-en-ligne\/"},{"@type":"ListItem","position":3,"name":"Box naissance \u00ab\u00a0En Balade avec b\u00e9b\u00e9\u00a0\u00bb"}]},{"@type":"WebSite","@id":"https:\/\/lescreationsdemaxetmila.com\/#website","url":"https:\/\/lescreationsdemaxetmila.com\/","name":"Les Cr\u00e9ations de Max et Mila","description":"Accessoires Personnalisables et coutures ","publisher":{"@id":"https:\/\/lescreationsdemaxetmila.com\/#\/schema\/person\/adafbfe37674fc396b65d1692fc42472"},"alternateName":"Cr\u00e9ations couture accessoires pour b\u00e9b\u00e9s, enfants et toute la famille","potentialAction":[{"@type":"SearchAction","target":{"@type":"EntryPoint","urlTemplate":"https:\/\/lescreationsdemaxetmila.com\/?s={search_term_string}"},"query-input":{"@type":"PropertyValueSpecification","valueRequired":true,"valueName":"search_term_string"}}],"inLanguage":"fr-FR"},{"@type":["Person","Organization"],"@id":"https:\/\/lescreationsdemaxetmila.com\/#\/schema\/person\/adafbfe37674fc396b65d1692fc42472","name":"Lucie","image":{"@type":"ImageObject","inLanguage":"fr-FR","@id":"https:\/\/lescreationsdemaxetmila.com\/#\/schema\/person\/image\/","url":"https:\/\/lescreationsdemaxetmila.com\/wp-content\/uploads\/2020\/11\/cropped-Maxetmilacouleur.png","contentUrl":"https:\/\/lescreationsdemaxetmila.com\/wp-content\/uploads\/2020\/11\/cropped-Maxetmilacouleur.png","width":1389,"height":1370,"caption":"Lucie"},"logo":{"@id":"https:\/\/lescreationsdemaxetmila.com\/#\/schema\/person\/image\/"},"sameAs":["https:\/\/www.facebook.com\/lescreationsdemaxetmila","https:\/\/www.instagram.com\/lescreationsdemaxetmila\/?hl=fr"]}]}},"jetpack_sharing_enabled":true,"_links":{"self":[{"href":"https:\/\/lescreationsdemaxetmila.com\/index.php\/wp-json\/wp\/v2\/product\/3104","targetHints":{"allow":["GET"]}}],"collection":[{"href":"https:\/\/lescreationsdemaxetmila.com\/index.php\/wp-json\/wp\/v2\/product"}],"about":[{"href":"https:\/\/lescreationsdemaxetmila.com\/index.php\/wp-json\/wp\/v2\/types\/product"}],"wp:featuredmedia":[{"embeddable":true,"href":"https:\/\/lescreationsdemaxetmila.com\/index.php\/wp-json\/wp\/v2\/media\/3116"}],"wp:attachment":[{"href":"https:\/\/lescreationsdemaxetmila.com\/index.php\/wp-json\/wp\/v2\/media?parent=3104"}],"wp:term":[{"taxonomy":"product_cat","embeddable":true,"href":"https:\/\/lescreationsdemaxetmila.com\/index.php\/wp-json\/wp\/v2\/product_cat?post=3104"},{"taxonomy":"product_tag","embeddable":true,"href":"https:\/\/lescreationsdemaxetmila.com\/index.php\/wp-json\/wp\/v2\/product_tag?post=3104"}],"curies":[{"name":"wp","href":"https:\/\/api.w.org\/{rel}","templated":true}]}}