{"id":3137,"date":"2024-01-09T18:45:13","date_gmt":"2024-01-09T17:45:13","guid":{"rendered":"https:\/\/lescreationsdemaxetmila.fr\/?post_type=product&#038;p=3137"},"modified":"2024-03-16T22:14:42","modified_gmt":"2024-03-16T21:14:42","slug":"fleur-de-douche-en-tissus-nid-dabeille","status":"publish","type":"product","link":"https:\/\/lescreationsdemaxetmila.com\/index.php\/produit\/fleur-de-douche-en-tissus-nid-dabeille\/","title":{"rendered":"Fleur de douche en tissus nid d&rsquo;abeille"},"content":{"rendered":"<ul>\n<li>Fleur de douche en tissus fait main<\/li>\n<li>Tissus 100% coton nid d&rsquo;abeille qui sera parfait pour bien nettoyer votre peau et passer votre exfoliant<\/li>\n<li>Produit fait main avec des tissus certifi\u00e9s Oekotex 100<\/li>\n<li>motif au choix<\/li>\n<li>Id\u00e9al pour entrer dans une d\u00e9marche z\u00e9ro d\u00e9chet<\/li>\n<li>Lavable en machine a 40 degr\u00e9s, ou 60 si n\u00e9cessaire ponctuellement.<\/li>\n<li>En stock envoi rapide<\/li>\n<\/ul>\n","protected":false},"excerpt":{"rendered":"<p style=\"text-align: center\"><em>Cet accessoire z\u00e9ro d\u00e9chet remplace la fleur de douche en plastique de vos salle de bain. Fabriqu\u00e9e en tissus, elle passe en machine a 40 degr\u00e9s, ce qui lui permet de rester propre comme un gant de toilette mais en plus jolie et plus moderne sous cette forme de fleur de douche.<\/em><\/p>\n<p style=\"text-align: center\"><em>Un petit pas de plus pour notre plan\u00e8te ? Et toujours :<\/em><\/p>\n<p style=\"text-align: center\"><em>Made With Love <\/em><\/p>\n","protected":false},"featured_media":3142,"template":"","meta":[],"product_cat":[215,219],"product_tag":[],"class_list":["post-3137","product","type-product","status-publish","has-post-thumbnail","hentry","product_cat-fleur-de-douche-lavable","product_cat-selection-fete-des-meres"],"yoast_head":"<!-- This site is optimized with the Yoast SEO plugin v24.9 - https:\/\/yoast.com\/wordpress\/plugins\/seo\/ -->\n<title>Fleur de douche en tissus nid d&#039;abeille - Les Cr\u00e9ations de Max et Mila<\/title>\n<meta name=\"description\" content=\"fleur de douche lavable en tissus nid d&#039;abeille id\u00e9al pour la douche et le bain, pour nettoyer sa peau en profondeur et prendre soi de soi.\" \/>\n<meta name=\"robots\" content=\"index, follow, max-snippet:-1, max-image-preview:large, max-video-preview:-1\" \/>\n<link rel=\"canonical\" href=\"https:\/\/lescreationsdemaxetmila.com\/index.php\/produit\/fleur-de-douche-en-tissus-nid-dabeille\/\" \/>\n<meta property=\"og:locale\" content=\"fr_FR\" \/>\n<meta property=\"og:type\" content=\"article\" \/>\n<meta property=\"og:title\" content=\"Fleur de douche en tissus nid d&#039;abeille - Les Cr\u00e9ations de Max et Mila\" \/>\n<meta property=\"og:description\" content=\"fleur de douche lavable en tissus nid d&#039;abeille id\u00e9al pour la douche et le bain, pour nettoyer sa peau en profondeur et prendre soi de soi.\" \/>\n<meta property=\"og:url\" content=\"https:\/\/lescreationsdemaxetmila.com\/index.php\/produit\/fleur-de-douche-en-tissus-nid-dabeille\/\" \/>\n<meta property=\"og:site_name\" content=\"Les Cr\u00e9ations de Max et Mila\" \/>\n<meta property=\"article:publisher\" content=\"https:\/\/www.facebook.com\/lescreationsdemaxetmila\" \/>\n<meta property=\"article:modified_time\" content=\"2024-03-16T21:14:42+00:00\" \/>\n<meta property=\"og:image\" content=\"https:\/\/lescreationsdemaxetmila.com\/wp-content\/uploads\/2024\/01\/IMG_20240109_183634-scaled.jpg\" \/>\n\t<meta property=\"og:image:width\" content=\"1920\" \/>\n\t<meta property=\"og:image:height\" content=\"2560\" \/>\n\t<meta property=\"og:image:type\" content=\"image\/jpeg\" \/>\n<meta name=\"twitter:card\" content=\"summary_large_image\" \/>\n<meta name=\"twitter:label1\" content=\"Dur\u00e9e de lecture estim\u00e9e\" \/>\n\t<meta name=\"twitter:data1\" content=\"1 minute\" \/>\n<script type=\"application\/ld+json\" class=\"yoast-schema-graph\">{\"@context\":\"https:\/\/schema.org\",\"@graph\":[{\"@type\":\"WebPage\",\"@id\":\"https:\/\/lescreationsdemaxetmila.com\/index.php\/produit\/fleur-de-douche-en-tissus-nid-dabeille\/\",\"url\":\"https:\/\/lescreationsdemaxetmila.com\/index.php\/produit\/fleur-de-douche-en-tissus-nid-dabeille\/\",\"name\":\"Fleur de douche en tissus nid d'abeille - Les Cr\u00e9ations de Max et Mila\",\"isPartOf\":{\"@id\":\"https:\/\/lescreationsdemaxetmila.com\/#website\"},\"primaryImageOfPage\":{\"@id\":\"https:\/\/lescreationsdemaxetmila.com\/index.php\/produit\/fleur-de-douche-en-tissus-nid-dabeille\/#primaryimage\"},\"image\":{\"@id\":\"https:\/\/lescreationsdemaxetmila.com\/index.php\/produit\/fleur-de-douche-en-tissus-nid-dabeille\/#primaryimage\"},\"thumbnailUrl\":\"https:\/\/lescreationsdemaxetmila.com\/wp-content\/uploads\/2024\/01\/IMG_20240109_183634-scaled.jpg\",\"datePublished\":\"2024-01-09T17:45:13+00:00\",\"dateModified\":\"2024-03-16T21:14:42+00:00\",\"description\":\"fleur de douche lavable en tissus nid d'abeille id\u00e9al pour la douche et le bain, pour nettoyer sa peau en profondeur et prendre soi de soi.\",\"breadcrumb\":{\"@id\":\"https:\/\/lescreationsdemaxetmila.com\/index.php\/produit\/fleur-de-douche-en-tissus-nid-dabeille\/#breadcrumb\"},\"inLanguage\":\"fr-FR\",\"potentialAction\":[{\"@type\":\"ReadAction\",\"target\":[\"https:\/\/lescreationsdemaxetmila.com\/index.php\/produit\/fleur-de-douche-en-tissus-nid-dabeille\/\"]}]},{\"@type\":\"ImageObject\",\"inLanguage\":\"fr-FR\",\"@id\":\"https:\/\/lescreationsdemaxetmila.com\/index.php\/produit\/fleur-de-douche-en-tissus-nid-dabeille\/#primaryimage\",\"url\":\"https:\/\/lescreationsdemaxetmila.com\/wp-content\/uploads\/2024\/01\/IMG_20240109_183634-scaled.jpg\",\"contentUrl\":\"https:\/\/lescreationsdemaxetmila.com\/wp-content\/uploads\/2024\/01\/IMG_20240109_183634-scaled.jpg\",\"width\":1920,\"height\":2560},{\"@type\":\"BreadcrumbList\",\"@id\":\"https:\/\/lescreationsdemaxetmila.com\/index.php\/produit\/fleur-de-douche-en-tissus-nid-dabeille\/#breadcrumb\",\"itemListElement\":[{\"@type\":\"ListItem\",\"position\":1,\"name\":\"Accueil\",\"item\":\"https:\/\/lescreationsdemaxetmila.com\/\"},{\"@type\":\"ListItem\",\"position\":2,\"name\":\"Boutiques et Achats\",\"item\":\"https:\/\/lescreationsdemaxetmila.com\/index.php\/boutique-achat-en-ligne\/\"},{\"@type\":\"ListItem\",\"position\":3,\"name\":\"Fleur de douche en tissus nid d&rsquo;abeille\"}]},{\"@type\":\"WebSite\",\"@id\":\"https:\/\/lescreationsdemaxetmila.com\/#website\",\"url\":\"https:\/\/lescreationsdemaxetmila.com\/\",\"name\":\"Les Cr\u00e9ations de Max et Mila\",\"description\":\"Accessoires Personnalisables et coutures \",\"publisher\":{\"@id\":\"https:\/\/lescreationsdemaxetmila.com\/#\/schema\/person\/adafbfe37674fc396b65d1692fc42472\"},\"alternateName\":\"Cr\u00e9ations couture accessoires pour b\u00e9b\u00e9s, enfants et toute la famille\",\"potentialAction\":[{\"@type\":\"SearchAction\",\"target\":{\"@type\":\"EntryPoint\",\"urlTemplate\":\"https:\/\/lescreationsdemaxetmila.com\/?s={search_term_string}\"},\"query-input\":{\"@type\":\"PropertyValueSpecification\",\"valueRequired\":true,\"valueName\":\"search_term_string\"}}],\"inLanguage\":\"fr-FR\"},{\"@type\":[\"Person\",\"Organization\"],\"@id\":\"https:\/\/lescreationsdemaxetmila.com\/#\/schema\/person\/adafbfe37674fc396b65d1692fc42472\",\"name\":\"Lucie\",\"image\":{\"@type\":\"ImageObject\",\"inLanguage\":\"fr-FR\",\"@id\":\"https:\/\/lescreationsdemaxetmila.com\/#\/schema\/person\/image\/\",\"url\":\"https:\/\/lescreationsdemaxetmila.com\/wp-content\/uploads\/2020\/11\/cropped-Maxetmilacouleur.png\",\"contentUrl\":\"https:\/\/lescreationsdemaxetmila.com\/wp-content\/uploads\/2020\/11\/cropped-Maxetmilacouleur.png\",\"width\":1389,\"height\":1370,\"caption\":\"Lucie\"},\"logo\":{\"@id\":\"https:\/\/lescreationsdemaxetmila.com\/#\/schema\/person\/image\/\"},\"sameAs\":[\"https:\/\/www.facebook.com\/lescreationsdemaxetmila\",\"https:\/\/www.instagram.com\/lescreationsdemaxetmila\/?hl=fr\"]}]}<\/script>\n<!-- \/ Yoast SEO plugin. -->","yoast_head_json":{"title":"Fleur de douche en tissus nid d'abeille - Les Cr\u00e9ations de Max et Mila","description":"fleur de douche lavable en tissus nid d'abeille id\u00e9al pour la douche et le bain, pour nettoyer sa peau en profondeur et prendre soi de soi.","robots":{"index":"index","follow":"follow","max-snippet":"max-snippet:-1","max-image-preview":"max-image-preview:large","max-video-preview":"max-video-preview:-1"},"canonical":"https:\/\/lescreationsdemaxetmila.com\/index.php\/produit\/fleur-de-douche-en-tissus-nid-dabeille\/","og_locale":"fr_FR","og_type":"article","og_title":"Fleur de douche en tissus nid d'abeille - Les Cr\u00e9ations de Max et Mila","og_description":"fleur de douche lavable en tissus nid d'abeille id\u00e9al pour la douche et le bain, pour nettoyer sa peau en profondeur et prendre soi de soi.","og_url":"https:\/\/lescreationsdemaxetmila.com\/index.php\/produit\/fleur-de-douche-en-tissus-nid-dabeille\/","og_site_name":"Les Cr\u00e9ations de Max et Mila","article_publisher":"https:\/\/www.facebook.com\/lescreationsdemaxetmila","article_modified_time":"2024-03-16T21:14:42+00:00","og_image":[{"width":1920,"height":2560,"url":"https:\/\/lescreationsdemaxetmila.com\/wp-content\/uploads\/2024\/01\/IMG_20240109_183634-scaled.jpg","type":"image\/jpeg"}],"twitter_card":"summary_large_image","twitter_misc":{"Dur\u00e9e de lecture estim\u00e9e":"1 minute"},"schema":{"@context":"https:\/\/schema.org","@graph":[{"@type":"WebPage","@id":"https:\/\/lescreationsdemaxetmila.com\/index.php\/produit\/fleur-de-douche-en-tissus-nid-dabeille\/","url":"https:\/\/lescreationsdemaxetmila.com\/index.php\/produit\/fleur-de-douche-en-tissus-nid-dabeille\/","name":"Fleur de douche en tissus nid d'abeille - Les Cr\u00e9ations de Max et Mila","isPartOf":{"@id":"https:\/\/lescreationsdemaxetmila.com\/#website"},"primaryImageOfPage":{"@id":"https:\/\/lescreationsdemaxetmila.com\/index.php\/produit\/fleur-de-douche-en-tissus-nid-dabeille\/#primaryimage"},"image":{"@id":"https:\/\/lescreationsdemaxetmila.com\/index.php\/produit\/fleur-de-douche-en-tissus-nid-dabeille\/#primaryimage"},"thumbnailUrl":"https:\/\/lescreationsdemaxetmila.com\/wp-content\/uploads\/2024\/01\/IMG_20240109_183634-scaled.jpg","datePublished":"2024-01-09T17:45:13+00:00","dateModified":"2024-03-16T21:14:42+00:00","description":"fleur de douche lavable en tissus nid d'abeille id\u00e9al pour la douche et le bain, pour nettoyer sa peau en profondeur et prendre soi de soi.","breadcrumb":{"@id":"https:\/\/lescreationsdemaxetmila.com\/index.php\/produit\/fleur-de-douche-en-tissus-nid-dabeille\/#breadcrumb"},"inLanguage":"fr-FR","potentialAction":[{"@type":"ReadAction","target":["https:\/\/lescreationsdemaxetmila.com\/index.php\/produit\/fleur-de-douche-en-tissus-nid-dabeille\/"]}]},{"@type":"ImageObject","inLanguage":"fr-FR","@id":"https:\/\/lescreationsdemaxetmila.com\/index.php\/produit\/fleur-de-douche-en-tissus-nid-dabeille\/#primaryimage","url":"https:\/\/lescreationsdemaxetmila.com\/wp-content\/uploads\/2024\/01\/IMG_20240109_183634-scaled.jpg","contentUrl":"https:\/\/lescreationsdemaxetmila.com\/wp-content\/uploads\/2024\/01\/IMG_20240109_183634-scaled.jpg","width":1920,"height":2560},{"@type":"BreadcrumbList","@id":"https:\/\/lescreationsdemaxetmila.com\/index.php\/produit\/fleur-de-douche-en-tissus-nid-dabeille\/#breadcrumb","itemListElement":[{"@type":"ListItem","position":1,"name":"Accueil","item":"https:\/\/lescreationsdemaxetmila.com\/"},{"@type":"ListItem","position":2,"name":"Boutiques et Achats","item":"https:\/\/lescreationsdemaxetmila.com\/index.php\/boutique-achat-en-ligne\/"},{"@type":"ListItem","position":3,"name":"Fleur de douche en tissus nid d&rsquo;abeille"}]},{"@type":"WebSite","@id":"https:\/\/lescreationsdemaxetmila.com\/#website","url":"https:\/\/lescreationsdemaxetmila.com\/","name":"Les Cr\u00e9ations de Max et Mila","description":"Accessoires Personnalisables et coutures ","publisher":{"@id":"https:\/\/lescreationsdemaxetmila.com\/#\/schema\/person\/adafbfe37674fc396b65d1692fc42472"},"alternateName":"Cr\u00e9ations couture accessoires pour b\u00e9b\u00e9s, enfants et toute la famille","potentialAction":[{"@type":"SearchAction","target":{"@type":"EntryPoint","urlTemplate":"https:\/\/lescreationsdemaxetmila.com\/?s={search_term_string}"},"query-input":{"@type":"PropertyValueSpecification","valueRequired":true,"valueName":"search_term_string"}}],"inLanguage":"fr-FR"},{"@type":["Person","Organization"],"@id":"https:\/\/lescreationsdemaxetmila.com\/#\/schema\/person\/adafbfe37674fc396b65d1692fc42472","name":"Lucie","image":{"@type":"ImageObject","inLanguage":"fr-FR","@id":"https:\/\/lescreationsdemaxetmila.com\/#\/schema\/person\/image\/","url":"https:\/\/lescreationsdemaxetmila.com\/wp-content\/uploads\/2020\/11\/cropped-Maxetmilacouleur.png","contentUrl":"https:\/\/lescreationsdemaxetmila.com\/wp-content\/uploads\/2020\/11\/cropped-Maxetmilacouleur.png","width":1389,"height":1370,"caption":"Lucie"},"logo":{"@id":"https:\/\/lescreationsdemaxetmila.com\/#\/schema\/person\/image\/"},"sameAs":["https:\/\/www.facebook.com\/lescreationsdemaxetmila","https:\/\/www.instagram.com\/lescreationsdemaxetmila\/?hl=fr"]}]}},"jetpack_sharing_enabled":true,"_links":{"self":[{"href":"https:\/\/lescreationsdemaxetmila.com\/index.php\/wp-json\/wp\/v2\/product\/3137","targetHints":{"allow":["GET"]}}],"collection":[{"href":"https:\/\/lescreationsdemaxetmila.com\/index.php\/wp-json\/wp\/v2\/product"}],"about":[{"href":"https:\/\/lescreationsdemaxetmila.com\/index.php\/wp-json\/wp\/v2\/types\/product"}],"wp:featuredmedia":[{"embeddable":true,"href":"https:\/\/lescreationsdemaxetmila.com\/index.php\/wp-json\/wp\/v2\/media\/3142"}],"wp:attachment":[{"href":"https:\/\/lescreationsdemaxetmila.com\/index.php\/wp-json\/wp\/v2\/media?parent=3137"}],"wp:term":[{"taxonomy":"product_cat","embeddable":true,"href":"https:\/\/lescreationsdemaxetmila.com\/index.php\/wp-json\/wp\/v2\/product_cat?post=3137"},{"taxonomy":"product_tag","embeddable":true,"href":"https:\/\/lescreationsdemaxetmila.com\/index.php\/wp-json\/wp\/v2\/product_tag?post=3137"}],"curies":[{"name":"wp","href":"https:\/\/api.w.org\/{rel}","templated":true}]}}