{"id":3241,"date":"2024-03-12T15:54:53","date_gmt":"2024-03-12T14:54:53","guid":{"rendered":"https:\/\/lescreationsdemaxetmila.fr\/?post_type=product&#038;p=3241"},"modified":"2024-05-23T14:00:26","modified_gmt":"2024-05-23T12:00:26","slug":"pochette-floquee-pour-les-mamans","status":"publish","type":"product","link":"https:\/\/lescreationsdemaxetmila.com\/index.php\/produit\/pochette-floquee-pour-les-mamans\/","title":{"rendered":"Pochette trousse de rangement, personnalis\u00e9e message, par les Cr\u00e9ations de Max et Mila"},"content":{"rendered":"<p>\u2b50 Petite pochette ou trousse de toilette ou de rangement avec un flocage personnalis\u00e9 avec le pr\u00e9nom ou l&rsquo;intitul\u00e9 de votre choix.<br \/>\nCette pochette polyvalente est parfaite pour toutes les occasions de fin d&rsquo;ann\u00e9e afin de g\u00e2ter les ma\u00eetres, ma\u00eetresse, nounou, atsem etc&#8230;<\/p>\n<p>\ud83d\udccf Mesurant environ 21cmx 14\/15cm, cette pochette est confectionn\u00e9e en tissu brillant et dot\u00e9e d&rsquo;une fermeture \u00e9clair. Non doubl\u00e9e, elle est soigneusement cousue autour d&rsquo;une fermeture \u00e9clair blanche.<\/p>\n<p>\ud83e\udea1 R\u00e9alis\u00e9es avec soin dans mon atelier situ\u00e9 \u00e0 Tournefeuille, ces pochettes sont personnalis\u00e9es selon vos pr\u00e9f\u00e9rences.<\/p>\n<p>\u26a0\ufe0f Pour assurer leur long\u00e9vit\u00e9, je recommande un lavage en machine \u00e0 30 degr\u00e9s en mode d\u00e9licat, avec un repassage du flocage sur l&rsquo;envers.<\/p>\n<p>\u270f\ufe0f Chaque article peut \u00eatre adapt\u00e9 selon vos pr\u00e9f\u00e9rences. En cas de doute, n&rsquo;h\u00e9sitez pas \u00e0 me contacter par message. Votre satisfaction est ma priorit\u00e9 !<\/p>\n<p>\ud83d\udecd\ufe0f Explorez d\u00e8s maintenant ma boutique pour d\u00e9couvrir l&rsquo;int\u00e9gralit\u00e9 de mes collections artisanales. Vous y trouverez une large gamme d&rsquo;articles personnalis\u00e9s, comprenant des lingettes, des gigoteuses, des coffrets de naissance, des produits z\u00e9ro d\u00e9chet, des mugs, des pochettes, et bien plus encore, pour combler tous les go\u00fbts et univers imaginables.<\/p>\n<p>&nbsp;<\/p>\n","protected":false},"excerpt":{"rendered":"<div class=\"woocommerce-product-details__short-description\">\n<p style=\"text-align: center;\"><em><span class=\"OYPEnA text-decoration-none text-strikethrough-none\">Je me pr\u00e9sente, je m\u2019appelle Lucie je suis maman de 2 enfants, Maxime et Mila. <\/span><\/em><\/p>\n<p style=\"text-align: center;\"><em><span class=\"OYPEnA text-decoration-none text-strikethrough-none\">J\u2019ai commenc\u00e9 la couture afin de cr\u00e9er des lingettes lavables pour le change de mes enfants. Et de fil en aiguille me voila aujourd\u2019hui cr\u00e9atrice d\u2019accessoires pour b\u00e9b\u00e9s, enfants et toutes la famille.<br \/>\n<\/span><\/em><\/p>\n<p style=\"text-align: center;\"><em><span class=\"OYPEnA text-decoration-none text-strikethrough-none\">Je serais ravie de r\u00e9aliser vos cr\u00e9ations pour faire plaisir \u00e0 vos proches ou pour vous faire plaisir.<\/span><\/em><\/p>\n<p class=\"cvGsUA direction-ltr align-start para-style-body\" style=\"text-align: center;\"><em><span class=\"OYPEnA text-decoration-none text-strikethrough-none\">N\u2019h\u00e9sitez pas \u00e0 me contacter pour toutes demandes particuli\u00e8res.<\/span><\/em><\/p>\n<p class=\"cvGsUA direction-ltr align-start para-style-body\" style=\"text-align: center;\"><em><span class=\"OYPEnA text-decoration-none text-strikethrough-none\">Merci beaucoup et \u00e0 bient\u00f4t j\u2019esp\u00e8re !<\/span><\/em><\/p>\n<p style=\"text-align: center;\"><em>Lucie<\/em><\/p>\n<\/div>\n","protected":false},"featured_media":3254,"template":"","meta":[],"product_cat":[219,108],"product_tag":[],"class_list":["post-3241","product","type-product","status-publish","has-post-thumbnail","hentry","product_cat-selection-fete-des-meres","product_cat-trousses"],"yoast_head":"<!-- This site is optimized with the Yoast SEO plugin v24.9 - https:\/\/yoast.com\/wordpress\/plugins\/seo\/ -->\n<title>Les Cr\u00e9ations de Max et Mila<\/title>\n<meta name=\"description\" content=\"pochette trousse femme originale et personnalis\u00e9es \u00e0 la main, cr\u00e9ation et boutique cadeau sur Toulouse pour toute la famille.\" \/>\n<meta name=\"robots\" content=\"index, follow, max-snippet:-1, max-image-preview:large, max-video-preview:-1\" \/>\n<link rel=\"canonical\" href=\"https:\/\/lescreationsdemaxetmila.com\/index.php\/produit\/pochette-floquee-pour-les-mamans\/\" \/>\n<meta property=\"og:locale\" content=\"fr_FR\" \/>\n<meta property=\"og:type\" content=\"article\" \/>\n<meta property=\"og:title\" content=\"Les Cr\u00e9ations de Max et Mila\" \/>\n<meta property=\"og:description\" content=\"pochette trousse femme originale et personnalis\u00e9es \u00e0 la main, cr\u00e9ation et boutique cadeau sur Toulouse pour toute la famille.\" \/>\n<meta property=\"og:url\" content=\"https:\/\/lescreationsdemaxetmila.com\/index.php\/produit\/pochette-floquee-pour-les-mamans\/\" \/>\n<meta property=\"og:site_name\" content=\"Les Cr\u00e9ations de Max et Mila\" \/>\n<meta property=\"article:publisher\" content=\"https:\/\/www.facebook.com\/lescreationsdemaxetmila\" \/>\n<meta property=\"article:modified_time\" content=\"2024-05-23T12:00:26+00:00\" \/>\n<meta property=\"og:image\" content=\"https:\/\/lescreationsdemaxetmila.com\/wp-content\/uploads\/2024\/03\/IMG_20240311_114129-scaled.jpg\" \/>\n\t<meta property=\"og:image:width\" content=\"1920\" \/>\n\t<meta property=\"og:image:height\" content=\"2560\" \/>\n\t<meta property=\"og:image:type\" content=\"image\/jpeg\" \/>\n<meta name=\"twitter:card\" content=\"summary_large_image\" \/>\n<meta name=\"twitter:label1\" content=\"Dur\u00e9e de lecture estim\u00e9e\" \/>\n\t<meta name=\"twitter:data1\" content=\"2 minutes\" \/>\n<script type=\"application\/ld+json\" class=\"yoast-schema-graph\">{\"@context\":\"https:\/\/schema.org\",\"@graph\":[{\"@type\":\"WebPage\",\"@id\":\"https:\/\/lescreationsdemaxetmila.com\/index.php\/produit\/pochette-floquee-pour-les-mamans\/\",\"url\":\"https:\/\/lescreationsdemaxetmila.com\/index.php\/produit\/pochette-floquee-pour-les-mamans\/\",\"name\":\"Les Cr\u00e9ations de Max et Mila\",\"isPartOf\":{\"@id\":\"https:\/\/lescreationsdemaxetmila.com\/#website\"},\"primaryImageOfPage\":{\"@id\":\"https:\/\/lescreationsdemaxetmila.com\/index.php\/produit\/pochette-floquee-pour-les-mamans\/#primaryimage\"},\"image\":{\"@id\":\"https:\/\/lescreationsdemaxetmila.com\/index.php\/produit\/pochette-floquee-pour-les-mamans\/#primaryimage\"},\"thumbnailUrl\":\"https:\/\/lescreationsdemaxetmila.com\/wp-content\/uploads\/2024\/03\/IMG_20240311_114129-scaled.jpg\",\"datePublished\":\"2024-03-12T14:54:53+00:00\",\"dateModified\":\"2024-05-23T12:00:26+00:00\",\"description\":\"pochette trousse femme originale et personnalis\u00e9es \u00e0 la main, cr\u00e9ation et boutique cadeau sur Toulouse pour toute la famille.\",\"breadcrumb\":{\"@id\":\"https:\/\/lescreationsdemaxetmila.com\/index.php\/produit\/pochette-floquee-pour-les-mamans\/#breadcrumb\"},\"inLanguage\":\"fr-FR\",\"potentialAction\":[{\"@type\":\"ReadAction\",\"target\":[\"https:\/\/lescreationsdemaxetmila.com\/index.php\/produit\/pochette-floquee-pour-les-mamans\/\"]}]},{\"@type\":\"ImageObject\",\"inLanguage\":\"fr-FR\",\"@id\":\"https:\/\/lescreationsdemaxetmila.com\/index.php\/produit\/pochette-floquee-pour-les-mamans\/#primaryimage\",\"url\":\"https:\/\/lescreationsdemaxetmila.com\/wp-content\/uploads\/2024\/03\/IMG_20240311_114129-scaled.jpg\",\"contentUrl\":\"https:\/\/lescreationsdemaxetmila.com\/wp-content\/uploads\/2024\/03\/IMG_20240311_114129-scaled.jpg\",\"width\":1920,\"height\":2560},{\"@type\":\"BreadcrumbList\",\"@id\":\"https:\/\/lescreationsdemaxetmila.com\/index.php\/produit\/pochette-floquee-pour-les-mamans\/#breadcrumb\",\"itemListElement\":[{\"@type\":\"ListItem\",\"position\":1,\"name\":\"Accueil\",\"item\":\"https:\/\/lescreationsdemaxetmila.com\/\"},{\"@type\":\"ListItem\",\"position\":2,\"name\":\"Boutiques et Achats\",\"item\":\"https:\/\/lescreationsdemaxetmila.com\/index.php\/boutique-achat-en-ligne\/\"},{\"@type\":\"ListItem\",\"position\":3,\"name\":\"Pochette trousse de rangement, personnalis\u00e9e message, par les Cr\u00e9ations de Max et Mila\"}]},{\"@type\":\"WebSite\",\"@id\":\"https:\/\/lescreationsdemaxetmila.com\/#website\",\"url\":\"https:\/\/lescreationsdemaxetmila.com\/\",\"name\":\"Les Cr\u00e9ations de Max et Mila\",\"description\":\"Accessoires Personnalisables et coutures \",\"publisher\":{\"@id\":\"https:\/\/lescreationsdemaxetmila.com\/#\/schema\/person\/adafbfe37674fc396b65d1692fc42472\"},\"alternateName\":\"Cr\u00e9ations couture accessoires pour b\u00e9b\u00e9s, enfants et toute la famille\",\"potentialAction\":[{\"@type\":\"SearchAction\",\"target\":{\"@type\":\"EntryPoint\",\"urlTemplate\":\"https:\/\/lescreationsdemaxetmila.com\/?s={search_term_string}\"},\"query-input\":{\"@type\":\"PropertyValueSpecification\",\"valueRequired\":true,\"valueName\":\"search_term_string\"}}],\"inLanguage\":\"fr-FR\"},{\"@type\":[\"Person\",\"Organization\"],\"@id\":\"https:\/\/lescreationsdemaxetmila.com\/#\/schema\/person\/adafbfe37674fc396b65d1692fc42472\",\"name\":\"Lucie\",\"image\":{\"@type\":\"ImageObject\",\"inLanguage\":\"fr-FR\",\"@id\":\"https:\/\/lescreationsdemaxetmila.com\/#\/schema\/person\/image\/\",\"url\":\"https:\/\/lescreationsdemaxetmila.com\/wp-content\/uploads\/2020\/11\/cropped-Maxetmilacouleur.png\",\"contentUrl\":\"https:\/\/lescreationsdemaxetmila.com\/wp-content\/uploads\/2020\/11\/cropped-Maxetmilacouleur.png\",\"width\":1389,\"height\":1370,\"caption\":\"Lucie\"},\"logo\":{\"@id\":\"https:\/\/lescreationsdemaxetmila.com\/#\/schema\/person\/image\/\"},\"sameAs\":[\"https:\/\/www.facebook.com\/lescreationsdemaxetmila\",\"https:\/\/www.instagram.com\/lescreationsdemaxetmila\/?hl=fr\"]}]}<\/script>\n<!-- \/ Yoast SEO plugin. -->","yoast_head_json":{"title":"Les Cr\u00e9ations de Max et Mila","description":"pochette trousse femme originale et personnalis\u00e9es \u00e0 la main, cr\u00e9ation et boutique cadeau sur Toulouse pour toute la famille.","robots":{"index":"index","follow":"follow","max-snippet":"max-snippet:-1","max-image-preview":"max-image-preview:large","max-video-preview":"max-video-preview:-1"},"canonical":"https:\/\/lescreationsdemaxetmila.com\/index.php\/produit\/pochette-floquee-pour-les-mamans\/","og_locale":"fr_FR","og_type":"article","og_title":"Les Cr\u00e9ations de Max et Mila","og_description":"pochette trousse femme originale et personnalis\u00e9es \u00e0 la main, cr\u00e9ation et boutique cadeau sur Toulouse pour toute la famille.","og_url":"https:\/\/lescreationsdemaxetmila.com\/index.php\/produit\/pochette-floquee-pour-les-mamans\/","og_site_name":"Les Cr\u00e9ations de Max et Mila","article_publisher":"https:\/\/www.facebook.com\/lescreationsdemaxetmila","article_modified_time":"2024-05-23T12:00:26+00:00","og_image":[{"width":1920,"height":2560,"url":"https:\/\/lescreationsdemaxetmila.com\/wp-content\/uploads\/2024\/03\/IMG_20240311_114129-scaled.jpg","type":"image\/jpeg"}],"twitter_card":"summary_large_image","twitter_misc":{"Dur\u00e9e de lecture estim\u00e9e":"2 minutes"},"schema":{"@context":"https:\/\/schema.org","@graph":[{"@type":"WebPage","@id":"https:\/\/lescreationsdemaxetmila.com\/index.php\/produit\/pochette-floquee-pour-les-mamans\/","url":"https:\/\/lescreationsdemaxetmila.com\/index.php\/produit\/pochette-floquee-pour-les-mamans\/","name":"Les Cr\u00e9ations de Max et Mila","isPartOf":{"@id":"https:\/\/lescreationsdemaxetmila.com\/#website"},"primaryImageOfPage":{"@id":"https:\/\/lescreationsdemaxetmila.com\/index.php\/produit\/pochette-floquee-pour-les-mamans\/#primaryimage"},"image":{"@id":"https:\/\/lescreationsdemaxetmila.com\/index.php\/produit\/pochette-floquee-pour-les-mamans\/#primaryimage"},"thumbnailUrl":"https:\/\/lescreationsdemaxetmila.com\/wp-content\/uploads\/2024\/03\/IMG_20240311_114129-scaled.jpg","datePublished":"2024-03-12T14:54:53+00:00","dateModified":"2024-05-23T12:00:26+00:00","description":"pochette trousse femme originale et personnalis\u00e9es \u00e0 la main, cr\u00e9ation et boutique cadeau sur Toulouse pour toute la famille.","breadcrumb":{"@id":"https:\/\/lescreationsdemaxetmila.com\/index.php\/produit\/pochette-floquee-pour-les-mamans\/#breadcrumb"},"inLanguage":"fr-FR","potentialAction":[{"@type":"ReadAction","target":["https:\/\/lescreationsdemaxetmila.com\/index.php\/produit\/pochette-floquee-pour-les-mamans\/"]}]},{"@type":"ImageObject","inLanguage":"fr-FR","@id":"https:\/\/lescreationsdemaxetmila.com\/index.php\/produit\/pochette-floquee-pour-les-mamans\/#primaryimage","url":"https:\/\/lescreationsdemaxetmila.com\/wp-content\/uploads\/2024\/03\/IMG_20240311_114129-scaled.jpg","contentUrl":"https:\/\/lescreationsdemaxetmila.com\/wp-content\/uploads\/2024\/03\/IMG_20240311_114129-scaled.jpg","width":1920,"height":2560},{"@type":"BreadcrumbList","@id":"https:\/\/lescreationsdemaxetmila.com\/index.php\/produit\/pochette-floquee-pour-les-mamans\/#breadcrumb","itemListElement":[{"@type":"ListItem","position":1,"name":"Accueil","item":"https:\/\/lescreationsdemaxetmila.com\/"},{"@type":"ListItem","position":2,"name":"Boutiques et Achats","item":"https:\/\/lescreationsdemaxetmila.com\/index.php\/boutique-achat-en-ligne\/"},{"@type":"ListItem","position":3,"name":"Pochette trousse de rangement, personnalis\u00e9e message, par les Cr\u00e9ations de Max et Mila"}]},{"@type":"WebSite","@id":"https:\/\/lescreationsdemaxetmila.com\/#website","url":"https:\/\/lescreationsdemaxetmila.com\/","name":"Les Cr\u00e9ations de Max et Mila","description":"Accessoires Personnalisables et coutures ","publisher":{"@id":"https:\/\/lescreationsdemaxetmila.com\/#\/schema\/person\/adafbfe37674fc396b65d1692fc42472"},"alternateName":"Cr\u00e9ations couture accessoires pour b\u00e9b\u00e9s, enfants et toute la famille","potentialAction":[{"@type":"SearchAction","target":{"@type":"EntryPoint","urlTemplate":"https:\/\/lescreationsdemaxetmila.com\/?s={search_term_string}"},"query-input":{"@type":"PropertyValueSpecification","valueRequired":true,"valueName":"search_term_string"}}],"inLanguage":"fr-FR"},{"@type":["Person","Organization"],"@id":"https:\/\/lescreationsdemaxetmila.com\/#\/schema\/person\/adafbfe37674fc396b65d1692fc42472","name":"Lucie","image":{"@type":"ImageObject","inLanguage":"fr-FR","@id":"https:\/\/lescreationsdemaxetmila.com\/#\/schema\/person\/image\/","url":"https:\/\/lescreationsdemaxetmila.com\/wp-content\/uploads\/2020\/11\/cropped-Maxetmilacouleur.png","contentUrl":"https:\/\/lescreationsdemaxetmila.com\/wp-content\/uploads\/2020\/11\/cropped-Maxetmilacouleur.png","width":1389,"height":1370,"caption":"Lucie"},"logo":{"@id":"https:\/\/lescreationsdemaxetmila.com\/#\/schema\/person\/image\/"},"sameAs":["https:\/\/www.facebook.com\/lescreationsdemaxetmila","https:\/\/www.instagram.com\/lescreationsdemaxetmila\/?hl=fr"]}]}},"jetpack_sharing_enabled":true,"_links":{"self":[{"href":"https:\/\/lescreationsdemaxetmila.com\/index.php\/wp-json\/wp\/v2\/product\/3241","targetHints":{"allow":["GET"]}}],"collection":[{"href":"https:\/\/lescreationsdemaxetmila.com\/index.php\/wp-json\/wp\/v2\/product"}],"about":[{"href":"https:\/\/lescreationsdemaxetmila.com\/index.php\/wp-json\/wp\/v2\/types\/product"}],"wp:featuredmedia":[{"embeddable":true,"href":"https:\/\/lescreationsdemaxetmila.com\/index.php\/wp-json\/wp\/v2\/media\/3254"}],"wp:attachment":[{"href":"https:\/\/lescreationsdemaxetmila.com\/index.php\/wp-json\/wp\/v2\/media?parent=3241"}],"wp:term":[{"taxonomy":"product_cat","embeddable":true,"href":"https:\/\/lescreationsdemaxetmila.com\/index.php\/wp-json\/wp\/v2\/product_cat?post=3241"},{"taxonomy":"product_tag","embeddable":true,"href":"https:\/\/lescreationsdemaxetmila.com\/index.php\/wp-json\/wp\/v2\/product_tag?post=3241"}],"curies":[{"name":"wp","href":"https:\/\/api.w.org\/{rel}","templated":true}]}}