{"id":683,"date":"2020-12-05T16:46:05","date_gmt":"2020-12-05T15:46:05","guid":{"rendered":"https:\/\/lescreationsdemaxetmila.fr\/?post_type=product&#038;p=683"},"modified":"2024-08-26T13:00:42","modified_gmt":"2024-08-26T11:00:42","slug":"filet-de-lavage-rose-eventails","status":"publish","type":"product","link":"https:\/\/lescreationsdemaxetmila.com\/index.php\/produit\/filet-de-lavage-rose-eventails\/","title":{"rendered":"Filet de lavage pour lingettes ou sous v\u00eatements"},"content":{"rendered":"<ul>\n<li>Filet de lavage pour laver ses lingettes lavables, ou pour y glisser les sous v\u00eatements ou encore les petites chaussettes de votre b\u00e9b\u00e9<\/li>\n<li>Il est fabriqu\u00e9 \u00e0 la main en tissu filet blanc en coton mesh\u00a0 certifi\u00e9 oekotex 100 et des chutes de tissus \u00e0 motif pour le rendre plus color\u00e9!<\/li>\n<li>Il mesure environ 25cm X 25cm<\/li>\n<li>Fermeture avec un zip blanc ( fermeture \u00e9clair) de 25 cm cm environ<\/li>\n<li>Il peut contenir jusqu\u2019\u00e0 25 lingettes environ<\/li>\n<li>Il passe en machine jusqu&rsquo;\u00e0 40 degr\u00e9s maxi, mais 30 degr\u00e9s au quotidien reste le mieux pour que ce produit soit plus durable.<\/li>\n<li>Plusieurs coloris sont aux choix<\/li>\n<li>N\u2019h\u00e9sitez pas a associer votre achat avec des lingettes lavables , ou bien optez pour la Box z\u00e9ro d\u00e9chet pour bien d\u00e9marrer!<\/li>\n<li>Et si vous souhaitez un coloris sp\u00e9cial contacter moi !<\/li>\n<\/ul>\n","protected":false},"excerpt":{"rendered":"<p style=\"text-align: center;\"><em>Ce filet de lavage est l&rsquo;accessoire indispensable pour entretenir vos lingettes lavables! Je vous propose de l&rsquo;assortir a vos lingettes&#8230; ou pas !Il est fabriqu\u00e9 la main en tissu certifi\u00e9 Oekotex 100 sans produit chimique, c&rsquo;est un produit durable qui en plus est fabriqu\u00e9 avec des chutes de tissus motif pour donner une touche de couleur a cet accessoire tr\u00e8s utile!<br \/>\n<\/em><\/p>\n<p style=\"text-align: center;\">Made With Love<\/p>\n","protected":false},"featured_media":402,"template":"","meta":[],"product_cat":[23],"product_tag":[],"class_list":["post-683","product","type-product","status-publish","has-post-thumbnail","hentry","product_cat-filet-de-lavage"],"yoast_head":"<!-- This site is optimized with the Yoast SEO plugin v24.9 - https:\/\/yoast.com\/wordpress\/plugins\/seo\/ -->\n<title>Filet de lavage pour lingettes ou sous v\u00eatements - Les Cr\u00e9ations de Max et Mila<\/title>\n<meta name=\"description\" content=\"Filet de lavage pour lingettes lavables ou sous v\u00eatements, facilite le lavage en machine. Article fait main, a Tournefeuille pres de toulouse\" \/>\n<meta name=\"robots\" content=\"index, follow, max-snippet:-1, max-image-preview:large, max-video-preview:-1\" \/>\n<link rel=\"canonical\" href=\"https:\/\/lescreationsdemaxetmila.com\/index.php\/produit\/filet-de-lavage-rose-eventails\/\" \/>\n<meta property=\"og:locale\" content=\"fr_FR\" \/>\n<meta property=\"og:type\" content=\"article\" \/>\n<meta property=\"og:title\" content=\"Filet de lavage pour lingettes ou sous v\u00eatements - Les Cr\u00e9ations de Max et Mila\" \/>\n<meta property=\"og:description\" content=\"Filet de lavage pour lingettes lavables ou sous v\u00eatements, facilite le lavage en machine. Article fait main, a Tournefeuille pres de toulouse\" \/>\n<meta property=\"og:url\" content=\"https:\/\/lescreationsdemaxetmila.com\/index.php\/produit\/filet-de-lavage-rose-eventails\/\" \/>\n<meta property=\"og:site_name\" content=\"Les Cr\u00e9ations de Max et Mila\" \/>\n<meta property=\"article:publisher\" content=\"https:\/\/www.facebook.com\/lescreationsdemaxetmila\" \/>\n<meta property=\"article:modified_time\" content=\"2024-08-26T11:00:42+00:00\" \/>\n<meta property=\"og:image\" content=\"https:\/\/lescreationsdemaxetmila.com\/wp-content\/uploads\/2020\/11\/IMG_20201028_154305-scaled.jpg\" \/>\n\t<meta property=\"og:image:width\" content=\"1922\" \/>\n\t<meta property=\"og:image:height\" content=\"2560\" \/>\n\t<meta property=\"og:image:type\" content=\"image\/jpeg\" \/>\n<meta name=\"twitter:card\" content=\"summary_large_image\" \/>\n<meta name=\"twitter:label1\" content=\"Dur\u00e9e de lecture estim\u00e9e\" \/>\n\t<meta name=\"twitter:data1\" content=\"1 minute\" \/>\n<script type=\"application\/ld+json\" class=\"yoast-schema-graph\">{\"@context\":\"https:\/\/schema.org\",\"@graph\":[{\"@type\":\"WebPage\",\"@id\":\"https:\/\/lescreationsdemaxetmila.com\/index.php\/produit\/filet-de-lavage-rose-eventails\/\",\"url\":\"https:\/\/lescreationsdemaxetmila.com\/index.php\/produit\/filet-de-lavage-rose-eventails\/\",\"name\":\"Filet de lavage pour lingettes ou sous v\u00eatements - Les Cr\u00e9ations de Max et Mila\",\"isPartOf\":{\"@id\":\"https:\/\/lescreationsdemaxetmila.com\/#website\"},\"primaryImageOfPage\":{\"@id\":\"https:\/\/lescreationsdemaxetmila.com\/index.php\/produit\/filet-de-lavage-rose-eventails\/#primaryimage\"},\"image\":{\"@id\":\"https:\/\/lescreationsdemaxetmila.com\/index.php\/produit\/filet-de-lavage-rose-eventails\/#primaryimage\"},\"thumbnailUrl\":\"https:\/\/lescreationsdemaxetmila.com\/wp-content\/uploads\/2020\/11\/IMG_20201028_154305-scaled.jpg\",\"datePublished\":\"2020-12-05T15:46:05+00:00\",\"dateModified\":\"2024-08-26T11:00:42+00:00\",\"description\":\"Filet de lavage pour lingettes lavables ou sous v\u00eatements, facilite le lavage en machine. Article fait main, a Tournefeuille pres de toulouse\",\"breadcrumb\":{\"@id\":\"https:\/\/lescreationsdemaxetmila.com\/index.php\/produit\/filet-de-lavage-rose-eventails\/#breadcrumb\"},\"inLanguage\":\"fr-FR\",\"potentialAction\":[{\"@type\":\"ReadAction\",\"target\":[\"https:\/\/lescreationsdemaxetmila.com\/index.php\/produit\/filet-de-lavage-rose-eventails\/\"]}]},{\"@type\":\"ImageObject\",\"inLanguage\":\"fr-FR\",\"@id\":\"https:\/\/lescreationsdemaxetmila.com\/index.php\/produit\/filet-de-lavage-rose-eventails\/#primaryimage\",\"url\":\"https:\/\/lescreationsdemaxetmila.com\/wp-content\/uploads\/2020\/11\/IMG_20201028_154305-scaled.jpg\",\"contentUrl\":\"https:\/\/lescreationsdemaxetmila.com\/wp-content\/uploads\/2020\/11\/IMG_20201028_154305-scaled.jpg\",\"width\":1922,\"height\":2560,\"caption\":\"filet de lavage fait main tissu\"},{\"@type\":\"BreadcrumbList\",\"@id\":\"https:\/\/lescreationsdemaxetmila.com\/index.php\/produit\/filet-de-lavage-rose-eventails\/#breadcrumb\",\"itemListElement\":[{\"@type\":\"ListItem\",\"position\":1,\"name\":\"Accueil\",\"item\":\"https:\/\/lescreationsdemaxetmila.com\/\"},{\"@type\":\"ListItem\",\"position\":2,\"name\":\"Boutiques et Achats\",\"item\":\"https:\/\/lescreationsdemaxetmila.com\/index.php\/boutique-achat-en-ligne\/\"},{\"@type\":\"ListItem\",\"position\":3,\"name\":\"Filet de lavage pour lingettes ou sous v\u00eatements\"}]},{\"@type\":\"WebSite\",\"@id\":\"https:\/\/lescreationsdemaxetmila.com\/#website\",\"url\":\"https:\/\/lescreationsdemaxetmila.com\/\",\"name\":\"Les Cr\u00e9ations de Max et Mila\",\"description\":\"Accessoires Personnalisables et coutures \",\"publisher\":{\"@id\":\"https:\/\/lescreationsdemaxetmila.com\/#\/schema\/person\/adafbfe37674fc396b65d1692fc42472\"},\"alternateName\":\"Cr\u00e9ations couture accessoires pour b\u00e9b\u00e9s, enfants et toute la famille\",\"potentialAction\":[{\"@type\":\"SearchAction\",\"target\":{\"@type\":\"EntryPoint\",\"urlTemplate\":\"https:\/\/lescreationsdemaxetmila.com\/?s={search_term_string}\"},\"query-input\":{\"@type\":\"PropertyValueSpecification\",\"valueRequired\":true,\"valueName\":\"search_term_string\"}}],\"inLanguage\":\"fr-FR\"},{\"@type\":[\"Person\",\"Organization\"],\"@id\":\"https:\/\/lescreationsdemaxetmila.com\/#\/schema\/person\/adafbfe37674fc396b65d1692fc42472\",\"name\":\"Lucie\",\"image\":{\"@type\":\"ImageObject\",\"inLanguage\":\"fr-FR\",\"@id\":\"https:\/\/lescreationsdemaxetmila.com\/#\/schema\/person\/image\/\",\"url\":\"https:\/\/lescreationsdemaxetmila.com\/wp-content\/uploads\/2020\/11\/cropped-Maxetmilacouleur.png\",\"contentUrl\":\"https:\/\/lescreationsdemaxetmila.com\/wp-content\/uploads\/2020\/11\/cropped-Maxetmilacouleur.png\",\"width\":1389,\"height\":1370,\"caption\":\"Lucie\"},\"logo\":{\"@id\":\"https:\/\/lescreationsdemaxetmila.com\/#\/schema\/person\/image\/\"},\"sameAs\":[\"https:\/\/www.facebook.com\/lescreationsdemaxetmila\",\"https:\/\/www.instagram.com\/lescreationsdemaxetmila\/?hl=fr\"]}]}<\/script>\n<!-- \/ Yoast SEO plugin. -->","yoast_head_json":{"title":"Filet de lavage pour lingettes ou sous v\u00eatements - Les Cr\u00e9ations de Max et Mila","description":"Filet de lavage pour lingettes lavables ou sous v\u00eatements, facilite le lavage en machine. Article fait main, a Tournefeuille pres de toulouse","robots":{"index":"index","follow":"follow","max-snippet":"max-snippet:-1","max-image-preview":"max-image-preview:large","max-video-preview":"max-video-preview:-1"},"canonical":"https:\/\/lescreationsdemaxetmila.com\/index.php\/produit\/filet-de-lavage-rose-eventails\/","og_locale":"fr_FR","og_type":"article","og_title":"Filet de lavage pour lingettes ou sous v\u00eatements - Les Cr\u00e9ations de Max et Mila","og_description":"Filet de lavage pour lingettes lavables ou sous v\u00eatements, facilite le lavage en machine. Article fait main, a Tournefeuille pres de toulouse","og_url":"https:\/\/lescreationsdemaxetmila.com\/index.php\/produit\/filet-de-lavage-rose-eventails\/","og_site_name":"Les Cr\u00e9ations de Max et Mila","article_publisher":"https:\/\/www.facebook.com\/lescreationsdemaxetmila","article_modified_time":"2024-08-26T11:00:42+00:00","og_image":[{"width":1922,"height":2560,"url":"https:\/\/lescreationsdemaxetmila.com\/wp-content\/uploads\/2020\/11\/IMG_20201028_154305-scaled.jpg","type":"image\/jpeg"}],"twitter_card":"summary_large_image","twitter_misc":{"Dur\u00e9e de lecture estim\u00e9e":"1 minute"},"schema":{"@context":"https:\/\/schema.org","@graph":[{"@type":"WebPage","@id":"https:\/\/lescreationsdemaxetmila.com\/index.php\/produit\/filet-de-lavage-rose-eventails\/","url":"https:\/\/lescreationsdemaxetmila.com\/index.php\/produit\/filet-de-lavage-rose-eventails\/","name":"Filet de lavage pour lingettes ou sous v\u00eatements - Les Cr\u00e9ations de Max et Mila","isPartOf":{"@id":"https:\/\/lescreationsdemaxetmila.com\/#website"},"primaryImageOfPage":{"@id":"https:\/\/lescreationsdemaxetmila.com\/index.php\/produit\/filet-de-lavage-rose-eventails\/#primaryimage"},"image":{"@id":"https:\/\/lescreationsdemaxetmila.com\/index.php\/produit\/filet-de-lavage-rose-eventails\/#primaryimage"},"thumbnailUrl":"https:\/\/lescreationsdemaxetmila.com\/wp-content\/uploads\/2020\/11\/IMG_20201028_154305-scaled.jpg","datePublished":"2020-12-05T15:46:05+00:00","dateModified":"2024-08-26T11:00:42+00:00","description":"Filet de lavage pour lingettes lavables ou sous v\u00eatements, facilite le lavage en machine. Article fait main, a Tournefeuille pres de toulouse","breadcrumb":{"@id":"https:\/\/lescreationsdemaxetmila.com\/index.php\/produit\/filet-de-lavage-rose-eventails\/#breadcrumb"},"inLanguage":"fr-FR","potentialAction":[{"@type":"ReadAction","target":["https:\/\/lescreationsdemaxetmila.com\/index.php\/produit\/filet-de-lavage-rose-eventails\/"]}]},{"@type":"ImageObject","inLanguage":"fr-FR","@id":"https:\/\/lescreationsdemaxetmila.com\/index.php\/produit\/filet-de-lavage-rose-eventails\/#primaryimage","url":"https:\/\/lescreationsdemaxetmila.com\/wp-content\/uploads\/2020\/11\/IMG_20201028_154305-scaled.jpg","contentUrl":"https:\/\/lescreationsdemaxetmila.com\/wp-content\/uploads\/2020\/11\/IMG_20201028_154305-scaled.jpg","width":1922,"height":2560,"caption":"filet de lavage fait main tissu"},{"@type":"BreadcrumbList","@id":"https:\/\/lescreationsdemaxetmila.com\/index.php\/produit\/filet-de-lavage-rose-eventails\/#breadcrumb","itemListElement":[{"@type":"ListItem","position":1,"name":"Accueil","item":"https:\/\/lescreationsdemaxetmila.com\/"},{"@type":"ListItem","position":2,"name":"Boutiques et Achats","item":"https:\/\/lescreationsdemaxetmila.com\/index.php\/boutique-achat-en-ligne\/"},{"@type":"ListItem","position":3,"name":"Filet de lavage pour lingettes ou sous v\u00eatements"}]},{"@type":"WebSite","@id":"https:\/\/lescreationsdemaxetmila.com\/#website","url":"https:\/\/lescreationsdemaxetmila.com\/","name":"Les Cr\u00e9ations de Max et Mila","description":"Accessoires Personnalisables et coutures ","publisher":{"@id":"https:\/\/lescreationsdemaxetmila.com\/#\/schema\/person\/adafbfe37674fc396b65d1692fc42472"},"alternateName":"Cr\u00e9ations couture accessoires pour b\u00e9b\u00e9s, enfants et toute la famille","potentialAction":[{"@type":"SearchAction","target":{"@type":"EntryPoint","urlTemplate":"https:\/\/lescreationsdemaxetmila.com\/?s={search_term_string}"},"query-input":{"@type":"PropertyValueSpecification","valueRequired":true,"valueName":"search_term_string"}}],"inLanguage":"fr-FR"},{"@type":["Person","Organization"],"@id":"https:\/\/lescreationsdemaxetmila.com\/#\/schema\/person\/adafbfe37674fc396b65d1692fc42472","name":"Lucie","image":{"@type":"ImageObject","inLanguage":"fr-FR","@id":"https:\/\/lescreationsdemaxetmila.com\/#\/schema\/person\/image\/","url":"https:\/\/lescreationsdemaxetmila.com\/wp-content\/uploads\/2020\/11\/cropped-Maxetmilacouleur.png","contentUrl":"https:\/\/lescreationsdemaxetmila.com\/wp-content\/uploads\/2020\/11\/cropped-Maxetmilacouleur.png","width":1389,"height":1370,"caption":"Lucie"},"logo":{"@id":"https:\/\/lescreationsdemaxetmila.com\/#\/schema\/person\/image\/"},"sameAs":["https:\/\/www.facebook.com\/lescreationsdemaxetmila","https:\/\/www.instagram.com\/lescreationsdemaxetmila\/?hl=fr"]}]}},"jetpack_sharing_enabled":true,"_links":{"self":[{"href":"https:\/\/lescreationsdemaxetmila.com\/index.php\/wp-json\/wp\/v2\/product\/683","targetHints":{"allow":["GET"]}}],"collection":[{"href":"https:\/\/lescreationsdemaxetmila.com\/index.php\/wp-json\/wp\/v2\/product"}],"about":[{"href":"https:\/\/lescreationsdemaxetmila.com\/index.php\/wp-json\/wp\/v2\/types\/product"}],"wp:featuredmedia":[{"embeddable":true,"href":"https:\/\/lescreationsdemaxetmila.com\/index.php\/wp-json\/wp\/v2\/media\/402"}],"wp:attachment":[{"href":"https:\/\/lescreationsdemaxetmila.com\/index.php\/wp-json\/wp\/v2\/media?parent=683"}],"wp:term":[{"taxonomy":"product_cat","embeddable":true,"href":"https:\/\/lescreationsdemaxetmila.com\/index.php\/wp-json\/wp\/v2\/product_cat?post=683"},{"taxonomy":"product_tag","embeddable":true,"href":"https:\/\/lescreationsdemaxetmila.com\/index.php\/wp-json\/wp\/v2\/product_tag?post=683"}],"curies":[{"name":"wp","href":"https:\/\/api.w.org\/{rel}","templated":true}]}}