{"id":807,"date":"2020-12-31T12:00:21","date_gmt":"2020-12-31T11:00:21","guid":{"rendered":"https:\/\/lescreationsdemaxetmila.fr\/?post_type=product&#038;p=807"},"modified":"2024-03-16T22:29:24","modified_gmt":"2024-03-16T21:29:24","slug":"panier-avec-10-lingettes-lavables-liberty-fleurs-roses-bleues","status":"publish","type":"product","link":"https:\/\/lescreationsdemaxetmila.com\/index.php\/produit\/panier-avec-10-lingettes-lavables-liberty-fleurs-roses-bleues\/","title":{"rendered":"Panier avec 10 Lingettes Lavables liberty fleurs roses bleues"},"content":{"rendered":"<ol>\n<li>Panier et lingettes tissus 100% coton et \u00e9ponge de bambou velours,\u00a0 certifi\u00e9s Oekotex100.<\/li>\n<li>Entretien en machine a 40 degr\u00e9s<\/li>\n<li>repassage fer doux<\/li>\n<li>pas de s\u00e8che linge pas de blanchiment<\/li>\n<li>taille des lingettes environ 8cm X8cm<\/li>\n<li>En stock envoi rapide<\/li>\n<\/ol>\n","protected":false},"excerpt":{"rendered":"<p>&nbsp;<\/p>\n<p style=\"text-align: center;\"><em>Les lingettes lavables s\u2019utilisent au quotidien pour se laver le visage avec du savon, pour se d\u00e9maquiller avec votre lotion habituelle, pour d\u00e9barbouiller les enfants apr\u00e8s le repas, ou pour le change des tous petits. Elles permettent de remplacer les cotons jetables et les lingettes pr\u00e9-impr\u00e9gn\u00e9es. Elles sont tr\u00e8s douces et faciles d\u2019entretien, les essayer c\u2019est les adopter !!<br \/>\n<\/em><\/p>\n<p style=\"text-align: center;\"><em>Made With Love <\/em><\/p>\n","protected":false},"featured_media":3016,"template":"","meta":[],"product_cat":[219,22,20],"product_tag":[],"class_list":["post-807","product","type-product","status-publish","has-post-thumbnail","hentry","product_cat-selection-fete-des-meres","product_cat-panier-et-lingettes-lavables","product_cat-lingettes-lavables"],"yoast_head":"<!-- This site is optimized with the Yoast SEO plugin v24.9 - https:\/\/yoast.com\/wordpress\/plugins\/seo\/ -->\n<title>Panier avec 10 Lingettes Lavables liberty fleurs roses bleues -<\/title>\n<meta name=\"robots\" content=\"index, follow, max-snippet:-1, max-image-preview:large, max-video-preview:-1\" \/>\n<link rel=\"canonical\" href=\"https:\/\/lescreationsdemaxetmila.com\/index.php\/produit\/panier-avec-10-lingettes-lavables-liberty-fleurs-roses-bleues\/\" \/>\n<meta property=\"og:locale\" content=\"fr_FR\" \/>\n<meta property=\"og:type\" content=\"article\" \/>\n<meta property=\"og:title\" content=\"Panier avec 10 Lingettes Lavables liberty fleurs roses bleues -\" \/>\n<meta property=\"og:description\" content=\"&nbsp; Les lingettes lavables s\u2019utilisent au quotidien pour se laver le visage avec du savon, pour se d\u00e9maquiller avec votre lotion habituelle, pour d\u00e9barbouiller les enfants apr\u00e8s le repas, ou pour le change des tous petits. Elles permettent de remplacer les cotons jetables et les lingettes pr\u00e9-impr\u00e9gn\u00e9es. Elles sont tr\u00e8s douces et faciles d\u2019entretien, les essayer c\u2019est les adopter !!  Made With Love\" \/>\n<meta property=\"og:url\" content=\"https:\/\/lescreationsdemaxetmila.com\/index.php\/produit\/panier-avec-10-lingettes-lavables-liberty-fleurs-roses-bleues\/\" \/>\n<meta property=\"og:site_name\" content=\"Les Cr\u00e9ations de Max et Mila\" \/>\n<meta property=\"article:publisher\" content=\"https:\/\/www.facebook.com\/lescreationsdemaxetmila\" \/>\n<meta property=\"article:modified_time\" content=\"2024-03-16T21:29:24+00:00\" \/>\n<meta property=\"og:image\" content=\"https:\/\/lescreationsdemaxetmila.com\/wp-content\/uploads\/2023\/12\/125466-scaled.jpg\" \/>\n\t<meta property=\"og:image:width\" content=\"1922\" \/>\n\t<meta property=\"og:image:height\" content=\"2560\" \/>\n\t<meta property=\"og:image:type\" content=\"image\/jpeg\" \/>\n<meta name=\"twitter:card\" content=\"summary_large_image\" \/>\n<meta name=\"twitter:label1\" content=\"Dur\u00e9e de lecture estim\u00e9e\" \/>\n\t<meta name=\"twitter:data1\" content=\"1 minute\" \/>\n<script type=\"application\/ld+json\" class=\"yoast-schema-graph\">{\"@context\":\"https:\/\/schema.org\",\"@graph\":[{\"@type\":\"WebPage\",\"@id\":\"https:\/\/lescreationsdemaxetmila.com\/index.php\/produit\/panier-avec-10-lingettes-lavables-liberty-fleurs-roses-bleues\/\",\"url\":\"https:\/\/lescreationsdemaxetmila.com\/index.php\/produit\/panier-avec-10-lingettes-lavables-liberty-fleurs-roses-bleues\/\",\"name\":\"Panier avec 10 Lingettes Lavables liberty fleurs roses bleues -\",\"isPartOf\":{\"@id\":\"https:\/\/lescreationsdemaxetmila.com\/#website\"},\"primaryImageOfPage\":{\"@id\":\"https:\/\/lescreationsdemaxetmila.com\/index.php\/produit\/panier-avec-10-lingettes-lavables-liberty-fleurs-roses-bleues\/#primaryimage\"},\"image\":{\"@id\":\"https:\/\/lescreationsdemaxetmila.com\/index.php\/produit\/panier-avec-10-lingettes-lavables-liberty-fleurs-roses-bleues\/#primaryimage\"},\"thumbnailUrl\":\"https:\/\/lescreationsdemaxetmila.com\/wp-content\/uploads\/2023\/12\/125466-scaled.jpg\",\"datePublished\":\"2020-12-31T11:00:21+00:00\",\"dateModified\":\"2024-03-16T21:29:24+00:00\",\"breadcrumb\":{\"@id\":\"https:\/\/lescreationsdemaxetmila.com\/index.php\/produit\/panier-avec-10-lingettes-lavables-liberty-fleurs-roses-bleues\/#breadcrumb\"},\"inLanguage\":\"fr-FR\",\"potentialAction\":[{\"@type\":\"ReadAction\",\"target\":[\"https:\/\/lescreationsdemaxetmila.com\/index.php\/produit\/panier-avec-10-lingettes-lavables-liberty-fleurs-roses-bleues\/\"]}]},{\"@type\":\"ImageObject\",\"inLanguage\":\"fr-FR\",\"@id\":\"https:\/\/lescreationsdemaxetmila.com\/index.php\/produit\/panier-avec-10-lingettes-lavables-liberty-fleurs-roses-bleues\/#primaryimage\",\"url\":\"https:\/\/lescreationsdemaxetmila.com\/wp-content\/uploads\/2023\/12\/125466-scaled.jpg\",\"contentUrl\":\"https:\/\/lescreationsdemaxetmila.com\/wp-content\/uploads\/2023\/12\/125466-scaled.jpg\",\"width\":1922,\"height\":2560},{\"@type\":\"BreadcrumbList\",\"@id\":\"https:\/\/lescreationsdemaxetmila.com\/index.php\/produit\/panier-avec-10-lingettes-lavables-liberty-fleurs-roses-bleues\/#breadcrumb\",\"itemListElement\":[{\"@type\":\"ListItem\",\"position\":1,\"name\":\"Accueil\",\"item\":\"https:\/\/lescreationsdemaxetmila.com\/\"},{\"@type\":\"ListItem\",\"position\":2,\"name\":\"Boutiques et Achats\",\"item\":\"https:\/\/lescreationsdemaxetmila.com\/index.php\/boutique-achat-en-ligne\/\"},{\"@type\":\"ListItem\",\"position\":3,\"name\":\"Panier avec 10 Lingettes Lavables liberty fleurs roses bleues\"}]},{\"@type\":\"WebSite\",\"@id\":\"https:\/\/lescreationsdemaxetmila.com\/#website\",\"url\":\"https:\/\/lescreationsdemaxetmila.com\/\",\"name\":\"Les Cr\u00e9ations de Max et Mila\",\"description\":\"Accessoires Personnalisables et coutures \",\"publisher\":{\"@id\":\"https:\/\/lescreationsdemaxetmila.com\/#\/schema\/person\/adafbfe37674fc396b65d1692fc42472\"},\"alternateName\":\"Cr\u00e9ations couture accessoires pour b\u00e9b\u00e9s, enfants et toute la famille\",\"potentialAction\":[{\"@type\":\"SearchAction\",\"target\":{\"@type\":\"EntryPoint\",\"urlTemplate\":\"https:\/\/lescreationsdemaxetmila.com\/?s={search_term_string}\"},\"query-input\":{\"@type\":\"PropertyValueSpecification\",\"valueRequired\":true,\"valueName\":\"search_term_string\"}}],\"inLanguage\":\"fr-FR\"},{\"@type\":[\"Person\",\"Organization\"],\"@id\":\"https:\/\/lescreationsdemaxetmila.com\/#\/schema\/person\/adafbfe37674fc396b65d1692fc42472\",\"name\":\"Lucie\",\"image\":{\"@type\":\"ImageObject\",\"inLanguage\":\"fr-FR\",\"@id\":\"https:\/\/lescreationsdemaxetmila.com\/#\/schema\/person\/image\/\",\"url\":\"https:\/\/lescreationsdemaxetmila.com\/wp-content\/uploads\/2020\/11\/cropped-Maxetmilacouleur.png\",\"contentUrl\":\"https:\/\/lescreationsdemaxetmila.com\/wp-content\/uploads\/2020\/11\/cropped-Maxetmilacouleur.png\",\"width\":1389,\"height\":1370,\"caption\":\"Lucie\"},\"logo\":{\"@id\":\"https:\/\/lescreationsdemaxetmila.com\/#\/schema\/person\/image\/\"},\"sameAs\":[\"https:\/\/www.facebook.com\/lescreationsdemaxetmila\",\"https:\/\/www.instagram.com\/lescreationsdemaxetmila\/?hl=fr\"]}]}<\/script>\n<!-- \/ Yoast SEO plugin. -->","yoast_head_json":{"title":"Panier avec 10 Lingettes Lavables liberty fleurs roses bleues -","robots":{"index":"index","follow":"follow","max-snippet":"max-snippet:-1","max-image-preview":"max-image-preview:large","max-video-preview":"max-video-preview:-1"},"canonical":"https:\/\/lescreationsdemaxetmila.com\/index.php\/produit\/panier-avec-10-lingettes-lavables-liberty-fleurs-roses-bleues\/","og_locale":"fr_FR","og_type":"article","og_title":"Panier avec 10 Lingettes Lavables liberty fleurs roses bleues -","og_description":"&nbsp; Les lingettes lavables s\u2019utilisent au quotidien pour se laver le visage avec du savon, pour se d\u00e9maquiller avec votre lotion habituelle, pour d\u00e9barbouiller les enfants apr\u00e8s le repas, ou pour le change des tous petits. Elles permettent de remplacer les cotons jetables et les lingettes pr\u00e9-impr\u00e9gn\u00e9es. Elles sont tr\u00e8s douces et faciles d\u2019entretien, les essayer c\u2019est les adopter !!  Made With Love","og_url":"https:\/\/lescreationsdemaxetmila.com\/index.php\/produit\/panier-avec-10-lingettes-lavables-liberty-fleurs-roses-bleues\/","og_site_name":"Les Cr\u00e9ations de Max et Mila","article_publisher":"https:\/\/www.facebook.com\/lescreationsdemaxetmila","article_modified_time":"2024-03-16T21:29:24+00:00","og_image":[{"width":1922,"height":2560,"url":"https:\/\/lescreationsdemaxetmila.com\/wp-content\/uploads\/2023\/12\/125466-scaled.jpg","type":"image\/jpeg"}],"twitter_card":"summary_large_image","twitter_misc":{"Dur\u00e9e de lecture estim\u00e9e":"1 minute"},"schema":{"@context":"https:\/\/schema.org","@graph":[{"@type":"WebPage","@id":"https:\/\/lescreationsdemaxetmila.com\/index.php\/produit\/panier-avec-10-lingettes-lavables-liberty-fleurs-roses-bleues\/","url":"https:\/\/lescreationsdemaxetmila.com\/index.php\/produit\/panier-avec-10-lingettes-lavables-liberty-fleurs-roses-bleues\/","name":"Panier avec 10 Lingettes Lavables liberty fleurs roses bleues -","isPartOf":{"@id":"https:\/\/lescreationsdemaxetmila.com\/#website"},"primaryImageOfPage":{"@id":"https:\/\/lescreationsdemaxetmila.com\/index.php\/produit\/panier-avec-10-lingettes-lavables-liberty-fleurs-roses-bleues\/#primaryimage"},"image":{"@id":"https:\/\/lescreationsdemaxetmila.com\/index.php\/produit\/panier-avec-10-lingettes-lavables-liberty-fleurs-roses-bleues\/#primaryimage"},"thumbnailUrl":"https:\/\/lescreationsdemaxetmila.com\/wp-content\/uploads\/2023\/12\/125466-scaled.jpg","datePublished":"2020-12-31T11:00:21+00:00","dateModified":"2024-03-16T21:29:24+00:00","breadcrumb":{"@id":"https:\/\/lescreationsdemaxetmila.com\/index.php\/produit\/panier-avec-10-lingettes-lavables-liberty-fleurs-roses-bleues\/#breadcrumb"},"inLanguage":"fr-FR","potentialAction":[{"@type":"ReadAction","target":["https:\/\/lescreationsdemaxetmila.com\/index.php\/produit\/panier-avec-10-lingettes-lavables-liberty-fleurs-roses-bleues\/"]}]},{"@type":"ImageObject","inLanguage":"fr-FR","@id":"https:\/\/lescreationsdemaxetmila.com\/index.php\/produit\/panier-avec-10-lingettes-lavables-liberty-fleurs-roses-bleues\/#primaryimage","url":"https:\/\/lescreationsdemaxetmila.com\/wp-content\/uploads\/2023\/12\/125466-scaled.jpg","contentUrl":"https:\/\/lescreationsdemaxetmila.com\/wp-content\/uploads\/2023\/12\/125466-scaled.jpg","width":1922,"height":2560},{"@type":"BreadcrumbList","@id":"https:\/\/lescreationsdemaxetmila.com\/index.php\/produit\/panier-avec-10-lingettes-lavables-liberty-fleurs-roses-bleues\/#breadcrumb","itemListElement":[{"@type":"ListItem","position":1,"name":"Accueil","item":"https:\/\/lescreationsdemaxetmila.com\/"},{"@type":"ListItem","position":2,"name":"Boutiques et Achats","item":"https:\/\/lescreationsdemaxetmila.com\/index.php\/boutique-achat-en-ligne\/"},{"@type":"ListItem","position":3,"name":"Panier avec 10 Lingettes Lavables liberty fleurs roses bleues"}]},{"@type":"WebSite","@id":"https:\/\/lescreationsdemaxetmila.com\/#website","url":"https:\/\/lescreationsdemaxetmila.com\/","name":"Les Cr\u00e9ations de Max et Mila","description":"Accessoires Personnalisables et coutures ","publisher":{"@id":"https:\/\/lescreationsdemaxetmila.com\/#\/schema\/person\/adafbfe37674fc396b65d1692fc42472"},"alternateName":"Cr\u00e9ations couture accessoires pour b\u00e9b\u00e9s, enfants et toute la famille","potentialAction":[{"@type":"SearchAction","target":{"@type":"EntryPoint","urlTemplate":"https:\/\/lescreationsdemaxetmila.com\/?s={search_term_string}"},"query-input":{"@type":"PropertyValueSpecification","valueRequired":true,"valueName":"search_term_string"}}],"inLanguage":"fr-FR"},{"@type":["Person","Organization"],"@id":"https:\/\/lescreationsdemaxetmila.com\/#\/schema\/person\/adafbfe37674fc396b65d1692fc42472","name":"Lucie","image":{"@type":"ImageObject","inLanguage":"fr-FR","@id":"https:\/\/lescreationsdemaxetmila.com\/#\/schema\/person\/image\/","url":"https:\/\/lescreationsdemaxetmila.com\/wp-content\/uploads\/2020\/11\/cropped-Maxetmilacouleur.png","contentUrl":"https:\/\/lescreationsdemaxetmila.com\/wp-content\/uploads\/2020\/11\/cropped-Maxetmilacouleur.png","width":1389,"height":1370,"caption":"Lucie"},"logo":{"@id":"https:\/\/lescreationsdemaxetmila.com\/#\/schema\/person\/image\/"},"sameAs":["https:\/\/www.facebook.com\/lescreationsdemaxetmila","https:\/\/www.instagram.com\/lescreationsdemaxetmila\/?hl=fr"]}]}},"jetpack_sharing_enabled":true,"_links":{"self":[{"href":"https:\/\/lescreationsdemaxetmila.com\/index.php\/wp-json\/wp\/v2\/product\/807","targetHints":{"allow":["GET"]}}],"collection":[{"href":"https:\/\/lescreationsdemaxetmila.com\/index.php\/wp-json\/wp\/v2\/product"}],"about":[{"href":"https:\/\/lescreationsdemaxetmila.com\/index.php\/wp-json\/wp\/v2\/types\/product"}],"wp:featuredmedia":[{"embeddable":true,"href":"https:\/\/lescreationsdemaxetmila.com\/index.php\/wp-json\/wp\/v2\/media\/3016"}],"wp:attachment":[{"href":"https:\/\/lescreationsdemaxetmila.com\/index.php\/wp-json\/wp\/v2\/media?parent=807"}],"wp:term":[{"taxonomy":"product_cat","embeddable":true,"href":"https:\/\/lescreationsdemaxetmila.com\/index.php\/wp-json\/wp\/v2\/product_cat?post=807"},{"taxonomy":"product_tag","embeddable":true,"href":"https:\/\/lescreationsdemaxetmila.com\/index.php\/wp-json\/wp\/v2\/product_tag?post=807"}],"curies":[{"name":"wp","href":"https:\/\/api.w.org\/{rel}","templated":true}]}}